{"id":1327,"date":"2025-09-28T08:14:47","date_gmt":"2025-09-28T08:14:47","guid":{"rendered":"https:\/\/uhmwpemanufacture.com\/?post_type=product&#038;p=1327"},"modified":"2025-09-28T08:14:47","modified_gmt":"2025-09-28T08:14:47","slug":"high-performance-outdoor-hockey-rink-pe-sheet-wholesaler","status":"publish","type":"product","link":"https:\/\/uhmwpemanufacture.com\/es\/high-performance-outdoor-hockey-rink-pe-sheet-wholesaler\/","title":{"rendered":"Mayorista de l\u00e1minas de PE de alto rendimiento para pistas de hockey al aire libre"},"content":{"rendered":"<h2>Mayorista de l\u00e1minas de PE de alta eficiencia para pistas de hockey al aire libre<\/h2>\n<p>Nuestras planchas de PE de alto rendimiento para pistas de hockey al aire libre est\u00e1n dise\u00f1adas para proporcionar un movimiento suave, robustez y seguridad para el patinaje profesional y de ocio. Fabricadas con polietileno de alto coste, estas planchas ofrecen una excelente resistencia a los efectos, bajo rozamiento y estabilidad a la intemperie, garantizando un uso fiable en exteriores. Su robusta estructura resiste el desgaste intenso y la exposici\u00f3n directa a los rayos UV, mientras que los paneles de f\u00e1cil instalaci\u00f3n permiten una r\u00e1pida configuraci\u00f3n y mantenimiento. Adecuados para pistas de hockey, centros de entrenamiento y campos de ocio, garantizan una eficacia duradera. Como distribuidor de confianza, ofrecemos dimensiones y densidades personalizables para satisfacer las diversas demandas de las pistas.<\/p>","protected":false},"excerpt":{"rendered":"<p>Las planchas de PE de alto rendimiento para pistas de hockey al aire libre ofrecen un deslizamiento suave, durabilidad y resistencia a la intemperie. Con baja fricci\u00f3n y resistencia al impacto, son ideales para pistas, entrenamiento y uso recreativo. Tama\u00f1os personalizados disponibles a trav\u00e9s de un mayorista de confianza para un rendimiento fiable.<\/p>","protected":false},"featured_media":1333,"template":"","meta":{"_gspb_post_css":""},"product_brand":[],"product_cat":[29,30],"product_tag":[205,206,207],"class_list":{"0":"post-1327","1":"product","2":"type-product","3":"status-publish","4":"has-post-thumbnail","6":"product_cat-ice-rink-products","7":"product_cat-hockey-ice-rink-dasher-boards","8":"product_tag-hockey-rink-pe-sheet","9":"product_tag-outdoor-skating-panels","10":"product_tag-polyethylene-rink-boards","12":"first","13":"instock","14":"shipping-taxable","15":"product-type-simple"},"_links":{"self":[{"href":"https:\/\/uhmwpemanufacture.com\/es\/wp-json\/wp\/v2\/product\/1327","targetHints":{"allow":["GET"]}}],"collection":[{"href":"https:\/\/uhmwpemanufacture.com\/es\/wp-json\/wp\/v2\/product"}],"about":[{"href":"https:\/\/uhmwpemanufacture.com\/es\/wp-json\/wp\/v2\/types\/product"}],"wp:featuredmedia":[{"embeddable":true,"href":"https:\/\/uhmwpemanufacture.com\/es\/wp-json\/wp\/v2\/media\/1333"}],"wp:attachment":[{"href":"https:\/\/uhmwpemanufacture.com\/es\/wp-json\/wp\/v2\/media?parent=1327"}],"wp:term":[{"taxonomy":"product_brand","embeddable":true,"href":"https:\/\/uhmwpemanufacture.com\/es\/wp-json\/wp\/v2\/product_brand?post=1327"},{"taxonomy":"product_cat","embeddable":true,"href":"https:\/\/uhmwpemanufacture.com\/es\/wp-json\/wp\/v2\/product_cat?post=1327"},{"taxonomy":"product_tag","embeddable":true,"href":"https:\/\/uhmwpemanufacture.com\/es\/wp-json\/wp\/v2\/product_tag?post=1327"}],"curies":[{"name":"wp","href":"https:\/\/api.w.org\/{rel}","templated":true}]}}