{"id":1336,"date":"2025-09-28T08:17:23","date_gmt":"2025-09-28T08:17:23","guid":{"rendered":"https:\/\/uhmwpemanufacture.com\/?post_type=product&#038;p=1336"},"modified":"2025-09-28T08:17:23","modified_gmt":"2025-09-28T08:17:23","slug":"plastic-practice-ice-hockey-shooting-pads-manufacturers","status":"publish","type":"product","link":"https:\/\/uhmwpemanufacture.com\/es\/plastic-practice-ice-hockey-shooting-pads-manufacturers\/","title":{"rendered":"Almohadillas de pl\u00e1stico para pr\u00e1cticas de hockey sobre hielo Fabricantes"},"content":{"rendered":"<h2>Almohadillas de pl\u00e1stico para pr\u00e1cticas de hockey sobre hielo Fabricantes<\/h2>\n<p>Nuestras almohadillas de pl\u00e1stico para t\u00e9cnica de tiro en hockey sobre hielo est\u00e1n fabricadas para proporcionar una superficie lisa, similar al hielo, para un entrenamiento eficaz fuera del campo. Fabricadas en polietileno de larga duraci\u00f3n, estas almohadillas proporcionan un deslizamiento excepcional, una fricci\u00f3n reducida y resistencia a los efectos, lo que permite a los jugadores mejorar sus habilidades de tiro, stickhandling y pase en cualquier lugar. Ligeras pero resistentes, son port\u00e1tiles y f\u00e1ciles de transportar y montar. Resistentes a la intemperie y de larga duraci\u00f3n, estas almohadillas de tiro son adecuadas para uso en interiores y exteriores, por lo que son las mejores para los atletas profesionales, entrenadores y centros de formaci\u00f3n. Como proveedores de confianza, ofrecemos dimensiones personalizadas que se adaptan a las exigencias de numerosos m\u00e9todos.<\/p>","protected":false},"excerpt":{"rendered":"<p>Las almohadillas de pl\u00e1stico para pr\u00e1cticas de tiro de hockey sobre hielo proporcionan una superficie lisa, similar al hielo, para el entrenamiento fuera del hielo. Duraderas, port\u00e1tiles y resistentes a la intemperie, son ideales para mejorar el tiro, el stickhandling y los pases en interiores o exteriores. Disponibles en tama\u00f1os personalizables para jugadores y centros de entrenamiento.<\/p>","protected":false},"featured_media":1342,"template":"","meta":{"_gspb_post_css":""},"product_brand":[],"product_cat":[29,31],"product_tag":[84,208,209],"class_list":{"0":"post-1336","1":"product","2":"type-product","3":"status-publish","4":"has-post-thumbnail","6":"product_cat-ice-rink-products","7":"product_cat-hockey-practice-shooting-pads","8":"product_tag-hockey-shooting-pads","9":"product_tag-practice-ice-boards","10":"product_tag-training-skill-pads","12":"first","13":"instock","14":"shipping-taxable","15":"product-type-simple"},"_links":{"self":[{"href":"https:\/\/uhmwpemanufacture.com\/es\/wp-json\/wp\/v2\/product\/1336","targetHints":{"allow":["GET"]}}],"collection":[{"href":"https:\/\/uhmwpemanufacture.com\/es\/wp-json\/wp\/v2\/product"}],"about":[{"href":"https:\/\/uhmwpemanufacture.com\/es\/wp-json\/wp\/v2\/types\/product"}],"wp:featuredmedia":[{"embeddable":true,"href":"https:\/\/uhmwpemanufacture.com\/es\/wp-json\/wp\/v2\/media\/1342"}],"wp:attachment":[{"href":"https:\/\/uhmwpemanufacture.com\/es\/wp-json\/wp\/v2\/media?parent=1336"}],"wp:term":[{"taxonomy":"product_brand","embeddable":true,"href":"https:\/\/uhmwpemanufacture.com\/es\/wp-json\/wp\/v2\/product_brand?post=1336"},{"taxonomy":"product_cat","embeddable":true,"href":"https:\/\/uhmwpemanufacture.com\/es\/wp-json\/wp\/v2\/product_cat?post=1336"},{"taxonomy":"product_tag","embeddable":true,"href":"https:\/\/uhmwpemanufacture.com\/es\/wp-json\/wp\/v2\/product_tag?post=1336"}],"curies":[{"name":"wp","href":"https:\/\/api.w.org\/{rel}","templated":true}]}}