{"id":1352,"date":"2025-09-28T08:25:57","date_gmt":"2025-09-28T08:25:57","guid":{"rendered":"https:\/\/uhmwpemanufacture.com\/?post_type=product&#038;p=1352"},"modified":"2025-09-28T08:25:57","modified_gmt":"2025-09-28T08:25:57","slug":"nylon-injection-moulding-engineered-plastic-parts-vendor","status":"publish","type":"product","link":"https:\/\/uhmwpemanufacture.com\/es\/nylon-injection-moulding-engineered-plastic-parts-vendor\/","title":{"rendered":"Moldeo por inyecci\u00f3n de nailon Proveedor de piezas de pl\u00e1stico de ingenier\u00eda"},"content":{"rendered":"<h2>Moldeo por inyecci\u00f3n de nailon Proveedor de componentes de pl\u00e1stico de ingenier\u00eda<\/h2>\n<p>Nuestros componentes de pl\u00e1stico moldeados por inyecci\u00f3n de nailon est\u00e1n fabricados para ofrecer precisi\u00f3n, resistencia y rendimiento en las aplicaciones industriales m\u00e1s populares. Fabricados con nailon de primera calidad, estos elementos ofrecen una excelente resistencia al desgaste, durabilidad y seguridad dimensional. Son ligeros pero resistentes, lo que los hace ideales para las industrias de veh\u00edculos, maquinaria, electr\u00f3nica y productos para el cliente. Gracias a la innovadora tecnolog\u00eda de moldeo por inyecci\u00f3n, garantizamos una fabricaci\u00f3n precisa y regular tanto en grandes como en peque\u00f1as tiradas. Resistentes a los productos qu\u00edmicos y a la abrasi\u00f3n, estas piezas de nailon ofrecen una fiabilidad duradera. Como proveedor de confianza, ofrecemos servicios personalizados adaptados a determinadas necesidades del cliente.<\/p>","protected":false},"excerpt":{"rendered":"<p>Las piezas de pl\u00e1stico moldeadas por inyecci\u00f3n de nailon proporcionan solidez, resistencia al desgaste y estabilidad. Ideales para automoci\u00f3n, maquinaria y electr\u00f3nica, estos componentes ligeros pero duraderos se fabrican con precisi\u00f3n y a medida para satisfacer los requisitos industriales.<\/p>","protected":false},"featured_media":1357,"template":"","meta":{"_gspb_post_css":""},"product_brand":[],"product_cat":[23,34],"product_tag":[214,215,213],"class_list":{"0":"post-1352","1":"product","2":"type-product","3":"status-publish","4":"has-post-thumbnail","6":"product_cat-nylon-sheets","7":"product_cat-mg-engineering-plastic-sheets","8":"product_tag-engineered-plastic-components","9":"product_tag-molded-nylon-parts","10":"product_tag-nylon-injection-parts","12":"first","13":"instock","14":"shipping-taxable","15":"product-type-simple"},"_links":{"self":[{"href":"https:\/\/uhmwpemanufacture.com\/es\/wp-json\/wp\/v2\/product\/1352","targetHints":{"allow":["GET"]}}],"collection":[{"href":"https:\/\/uhmwpemanufacture.com\/es\/wp-json\/wp\/v2\/product"}],"about":[{"href":"https:\/\/uhmwpemanufacture.com\/es\/wp-json\/wp\/v2\/types\/product"}],"wp:featuredmedia":[{"embeddable":true,"href":"https:\/\/uhmwpemanufacture.com\/es\/wp-json\/wp\/v2\/media\/1357"}],"wp:attachment":[{"href":"https:\/\/uhmwpemanufacture.com\/es\/wp-json\/wp\/v2\/media?parent=1352"}],"wp:term":[{"taxonomy":"product_brand","embeddable":true,"href":"https:\/\/uhmwpemanufacture.com\/es\/wp-json\/wp\/v2\/product_brand?post=1352"},{"taxonomy":"product_cat","embeddable":true,"href":"https:\/\/uhmwpemanufacture.com\/es\/wp-json\/wp\/v2\/product_cat?post=1352"},{"taxonomy":"product_tag","embeddable":true,"href":"https:\/\/uhmwpemanufacture.com\/es\/wp-json\/wp\/v2\/product_tag?post=1352"}],"curies":[{"name":"wp","href":"https:\/\/api.w.org\/{rel}","templated":true}]}}