{"id":1360,"date":"2025-09-28T08:35:44","date_gmt":"2025-09-28T08:35:44","guid":{"rendered":"https:\/\/uhmwpemanufacture.com\/?post_type=product&#038;p=1360"},"modified":"2025-09-28T08:35:44","modified_gmt":"2025-09-28T08:35:44","slug":"uhmwpe-hdpe-temporary-construction-track-road-dura-mat","status":"publish","type":"product","link":"https:\/\/uhmwpemanufacture.com\/es\/uhmwpe-hdpe-temporary-construction-track-road-dura-mat\/","title":{"rendered":"UHMWPE HDPE Temporal Construcci\u00f3n Pista Carretera Dura Mat"},"content":{"rendered":"<h2>UHMWPE HDPE Pista de construcci\u00f3n temporal Revestimiento de suelo Dura<\/h2>\n<p>Nuestras esteras duras para v\u00edas de construcci\u00f3n de corta duraci\u00f3n de UHMWPE y HDPE est\u00e1n fabricadas para ofrecer una defensa s\u00f3lida, estable y reutilizable del suelo para equipos pesados, camiones y equipos de trabajo. Fabricadas con polietileno de alto rendimiento, estas alfombrillas tienen una gran capacidad de carga, resistencia al desgaste y estabilidad qu\u00edmica, lo que garantiza su resistencia en entornos de construcci\u00f3n dif\u00edciles. La superficie antideslizante mejora la tracci\u00f3n y la seguridad en terrenos descuidados, desiguales o blandos. Ligeros y f\u00e1ciles de instalar, pueden desplegarse r\u00e1pidamente para caminos de accesibilidad moment\u00e1nea, sistemas de trabajo o lugares de alojamiento. Estos revestimientos de suelos protegen el suelo, reducen los da\u00f1os y favorecen la eficacia de los procedimientos en obras y proyectos industriales.<\/p>","protected":false},"excerpt":{"rendered":"<p>Las esteras duras temporales para construcci\u00f3n de UHMWPE y HDPE proporcionan una protecci\u00f3n estable del suelo para maquinaria pesada. Con superficies antideslizantes, gran capacidad de carga y f\u00e1cil instalaci\u00f3n, son ideales para crear v\u00edas de acceso seguras, plataformas de trabajo y zonas de montaje en terrenos blandos o irregulares.<\/p>","protected":false},"featured_media":1361,"template":"","meta":{"_gspb_post_css":""},"product_brand":[],"product_cat":[24,27],"product_tag":[216,76,217],"class_list":{"0":"post-1360","1":"product","2":"type-product","3":"status-publish","4":"has-post-thumbnail","6":"product_cat-ground-protection-road-mats","7":"product_cat-dura-mats","8":"product_tag-construction-track-mats","9":"product_tag-temporary-road-mats","10":"product_tag-uhmwpe-hdpe-mats","12":"first","13":"instock","14":"shipping-taxable","15":"product-type-simple"},"_links":{"self":[{"href":"https:\/\/uhmwpemanufacture.com\/es\/wp-json\/wp\/v2\/product\/1360","targetHints":{"allow":["GET"]}}],"collection":[{"href":"https:\/\/uhmwpemanufacture.com\/es\/wp-json\/wp\/v2\/product"}],"about":[{"href":"https:\/\/uhmwpemanufacture.com\/es\/wp-json\/wp\/v2\/types\/product"}],"wp:featuredmedia":[{"embeddable":true,"href":"https:\/\/uhmwpemanufacture.com\/es\/wp-json\/wp\/v2\/media\/1361"}],"wp:attachment":[{"href":"https:\/\/uhmwpemanufacture.com\/es\/wp-json\/wp\/v2\/media?parent=1360"}],"wp:term":[{"taxonomy":"product_brand","embeddable":true,"href":"https:\/\/uhmwpemanufacture.com\/es\/wp-json\/wp\/v2\/product_brand?post=1360"},{"taxonomy":"product_cat","embeddable":true,"href":"https:\/\/uhmwpemanufacture.com\/es\/wp-json\/wp\/v2\/product_cat?post=1360"},{"taxonomy":"product_tag","embeddable":true,"href":"https:\/\/uhmwpemanufacture.com\/es\/wp-json\/wp\/v2\/product_tag?post=1360"}],"curies":[{"name":"wp","href":"https:\/\/api.w.org\/{rel}","templated":true}]}}