{"id":1365,"date":"2025-09-28T08:38:45","date_gmt":"2025-09-28T08:38:45","guid":{"rendered":"https:\/\/uhmwpemanufacture.com\/?post_type=product&#038;p=1365"},"modified":"2025-09-28T08:38:45","modified_gmt":"2025-09-28T08:38:45","slug":"excavator-base-road-mats-plastic-ground-protection-mat","status":"publish","type":"product","link":"https:\/\/uhmwpemanufacture.com\/es\/excavator-base-road-mats-plastic-ground-protection-mat\/","title":{"rendered":"Alfombrillas para excavadoras Alfombrillas de pl\u00e1stico para protecci\u00f3n del suelo"},"content":{"rendered":"<h2>Excavadora Pista Calzada Esteras Pl\u00e1stico Estera de Defensa de Tierra<\/h2>\n<p>Nuestras alfombrillas para orugas de excavadoras est\u00e1n fabricadas con pl\u00e1stico de alta resistencia para proporcionar una defensa fiable del suelo en proyectos populares de construcci\u00f3n, miner\u00eda y comerciales. Creadas para soportar maquinaria pesada y veh\u00edculos, estas alfombrillas detienen el hundimiento, la formaci\u00f3n de surcos y los da\u00f1os al suelo en superficies irregulares, arenosas o irregulares. Su superficie antideslizante distintiva garantiza un agarre seguro para dispositivos y trabajadores, mientras que su estructura ligera y modular permite una r\u00e1pida instalaci\u00f3n y reutilizaci\u00f3n. Inmunes a los productos qu\u00edmicos, la humedad y las condiciones clim\u00e1ticas extremas, estos revestimientos de suelos ofrecen un rendimiento duradero. Adecuados para crear v\u00edas de acceso a corto plazo, sistemas de trabajo estables y caminos seguros en terrenos dif\u00edciles.<\/p>","protected":false},"excerpt":{"rendered":"<p>Las alfombrillas de pl\u00e1stico duradero para v\u00edas de excavadoras protegen la superficie del suelo de los da\u00f1os causados por la maquinaria pesada. Con textura antideslizante y gran capacidad de carga, evitan la formaci\u00f3n de surcos, garantizan un acceso seguro y ofrecen soluciones reutilizables para caminos y plataformas temporales en terrenos blandos.<\/p>","protected":false},"featured_media":1366,"template":"","meta":{"_gspb_post_css":""},"product_brand":[],"product_cat":[24,26],"product_tag":[158,218,76],"class_list":{"0":"post-1365","1":"product","2":"type-product","3":"status-publish","4":"has-post-thumbnail","6":"product_cat-ground-protection-road-mats","7":"product_cat-base-mats","8":"product_tag-excavator-track-mats","9":"product_tag-plastic-ground-protection","10":"product_tag-temporary-road-mats","12":"first","13":"instock","14":"shipping-taxable","15":"product-type-simple"},"_links":{"self":[{"href":"https:\/\/uhmwpemanufacture.com\/es\/wp-json\/wp\/v2\/product\/1365","targetHints":{"allow":["GET"]}}],"collection":[{"href":"https:\/\/uhmwpemanufacture.com\/es\/wp-json\/wp\/v2\/product"}],"about":[{"href":"https:\/\/uhmwpemanufacture.com\/es\/wp-json\/wp\/v2\/types\/product"}],"wp:featuredmedia":[{"embeddable":true,"href":"https:\/\/uhmwpemanufacture.com\/es\/wp-json\/wp\/v2\/media\/1366"}],"wp:attachment":[{"href":"https:\/\/uhmwpemanufacture.com\/es\/wp-json\/wp\/v2\/media?parent=1365"}],"wp:term":[{"taxonomy":"product_brand","embeddable":true,"href":"https:\/\/uhmwpemanufacture.com\/es\/wp-json\/wp\/v2\/product_brand?post=1365"},{"taxonomy":"product_cat","embeddable":true,"href":"https:\/\/uhmwpemanufacture.com\/es\/wp-json\/wp\/v2\/product_cat?post=1365"},{"taxonomy":"product_tag","embeddable":true,"href":"https:\/\/uhmwpemanufacture.com\/es\/wp-json\/wp\/v2\/product_tag?post=1365"}],"curies":[{"name":"wp","href":"https:\/\/api.w.org\/{rel}","templated":true}]}}