{"id":1371,"date":"2025-09-28T08:46:18","date_gmt":"2025-09-28T08:46:18","guid":{"rendered":"https:\/\/uhmwpemanufacture.com\/?post_type=product&#038;p=1371"},"modified":"2025-09-28T08:46:18","modified_gmt":"2025-09-28T08:46:18","slug":"plastic-crane-outrigger-pads-popular-track-support-pad","status":"publish","type":"product","link":"https:\/\/uhmwpemanufacture.com\/es\/plastic-crane-outrigger-pads-popular-track-support-pad\/","title":{"rendered":"Almohadillas de pl\u00e1stico para voladizos de gr\u00faa Almohadillas populares de soporte de orugas"},"content":{"rendered":"<h2>Almohadillas de pl\u00e1stico para voladizos de gr\u00faa Almohadillas populares de asistencia en v\u00eda<\/h2>\n<p>Nuestras almohadillas de pl\u00e1stico para balancines de gr\u00faas est\u00e1n dise\u00f1adas para proporcionar una asistencia fuerte y segura a gr\u00faas, ascensores y maquinaria pesada. Fabricadas en polietileno de alta calidad, estas almohadillas combinan una gran ligereza con una gran capacidad de carga. La superficie antideslizante garantiza un posicionamiento seguro, mientras que su resistencia a la humedad, los productos qu\u00edmicos y las condiciones clim\u00e1ticas extremas las hace ideales para los problemas de obras laboriosas. Gracias a su dise\u00f1o ergon\u00f3mico, son f\u00e1ciles de transportar y montar, y ofrecen una soluci\u00f3n econ\u00f3mica, reciclable y sin riesgos. Populares en proyectos de construcci\u00f3n, energ\u00e9ticos e industriales, estas almohadillas de asistencia protegen las superficies del suelo y prolongan la eficiencia de los equipos en entornos populares.<\/p>","protected":false},"excerpt":{"rendered":"<p>Las almohadillas de pl\u00e1stico para balancines de gr\u00faas proporcionan un soporte estable y duradero para gr\u00faas y maquinaria pesada. Ligeras y con superficies antideslizantes, resisten la intemperie, la humedad y los productos qu\u00edmicos, al tiempo que protegen las superficies del suelo. F\u00e1ciles de transportar y reutilizables para proyectos industriales y de construcci\u00f3n.<\/p>","protected":false},"featured_media":1380,"template":"","meta":{"_gspb_post_css":""},"product_brand":[],"product_cat":[15,20],"product_tag":[197,222,221],"class_list":{"0":"post-1371","1":"product","2":"type-product","3":"status-publish","4":"has-post-thumbnail","6":"product_cat-uhmwpe-hdpe-sheets-plates","7":"product_cat-crane-outrigger-pads","8":"product_tag-crane-outrigger-pads","9":"product_tag-heavy-equipment-stabilizers","10":"product_tag-plastic-support-pads","12":"first","13":"instock","14":"shipping-taxable","15":"product-type-simple"},"_links":{"self":[{"href":"https:\/\/uhmwpemanufacture.com\/es\/wp-json\/wp\/v2\/product\/1371","targetHints":{"allow":["GET"]}}],"collection":[{"href":"https:\/\/uhmwpemanufacture.com\/es\/wp-json\/wp\/v2\/product"}],"about":[{"href":"https:\/\/uhmwpemanufacture.com\/es\/wp-json\/wp\/v2\/types\/product"}],"wp:featuredmedia":[{"embeddable":true,"href":"https:\/\/uhmwpemanufacture.com\/es\/wp-json\/wp\/v2\/media\/1380"}],"wp:attachment":[{"href":"https:\/\/uhmwpemanufacture.com\/es\/wp-json\/wp\/v2\/media?parent=1371"}],"wp:term":[{"taxonomy":"product_brand","embeddable":true,"href":"https:\/\/uhmwpemanufacture.com\/es\/wp-json\/wp\/v2\/product_brand?post=1371"},{"taxonomy":"product_cat","embeddable":true,"href":"https:\/\/uhmwpemanufacture.com\/es\/wp-json\/wp\/v2\/product_cat?post=1371"},{"taxonomy":"product_tag","embeddable":true,"href":"https:\/\/uhmwpemanufacture.com\/es\/wp-json\/wp\/v2\/product_tag?post=1371"}],"curies":[{"name":"wp","href":"https:\/\/api.w.org\/{rel}","templated":true}]}}