{"id":1393,"date":"2025-09-28T08:53:53","date_gmt":"2025-09-28T08:53:53","guid":{"rendered":"https:\/\/uhmwpemanufacture.com\/?post_type=product&#038;p=1393"},"modified":"2025-09-28T08:53:53","modified_gmt":"2025-09-28T08:53:53","slug":"liner-non-stick-coal-silo-silo-liner-hdpe-plate-floor-mats","status":"publish","type":"product","link":"https:\/\/uhmwpemanufacture.com\/es\/liner-non-stick-coal-silo-silo-liner-hdpe-plate-floor-mats\/","title":{"rendered":"Liner antiadherente Silo de carb\u00f3n Silo Liner HDPE Plate Floor Mats"},"content":{"rendered":"<h2>Liner Antiadherente Silo Carb\u00f3n HDPE Placa Alfombrillas<\/h2>\n<p>Nuestros revestimientos y alfombrillas de HDPE para silos de carb\u00f3n se han desarrollado para proporcionar una notable eficacia antiadherente y resistencia en aplicaciones de manipulaci\u00f3n de materiales al por mayor. Desarrollados a partir de polietileno de alta densidad, estos revestimientos impiden que el carb\u00f3n y otros materiales a granel se adhieran a las superficies de las paredes o suelos de los silos, garantizando una circulaci\u00f3n fluida y reduciendo los atascos. Su gran resistencia a los impactos, seguridad qu\u00edmica y resistencia a la humedad las hacen \u00f3ptimas para entornos exigentes como la miner\u00eda, las centrales el\u00e9ctricas y las instalaciones de procesamiento. Ligeras pero s\u00f3lidas, estas placas son muy f\u00e1ciles de montar y mantener. Con una larga vida \u00fatil y un menor tiempo de inactividad, ofrecen una soluci\u00f3n rentable para un funcionamiento fiable de los silos.<\/p>","protected":false},"excerpt":{"rendered":"<p>Los revestimientos y alfombrillas de HDPE para silos de carb\u00f3n proporcionan superficies antiadherentes que evitan la acumulaci\u00f3n de material y los atascos. Con resistencia a impactos, productos qu\u00edmicos y humedad, garantizan un flujo suave, durabilidad y facilidad de instalaci\u00f3n para miner\u00eda, centrales el\u00e9ctricas e industrias de manipulaci\u00f3n de materiales a granel.<\/p>","protected":false},"featured_media":1394,"template":"","meta":{"_gspb_post_css":""},"product_brand":[],"product_cat":[15,22],"product_tag":[226,227,228],"class_list":{"0":"post-1393","1":"product","2":"type-product","3":"status-publish","4":"has-post-thumbnail","6":"product_cat-uhmwpe-hdpe-sheets-plates","7":"product_cat-coal-bunker-limit-plates","8":"product_tag-coal-silo-liner","9":"product_tag-hdpe-plate-mats","10":"product_tag-non-stick-silo-lining","12":"first","13":"instock","14":"shipping-taxable","15":"product-type-simple"},"_links":{"self":[{"href":"https:\/\/uhmwpemanufacture.com\/es\/wp-json\/wp\/v2\/product\/1393","targetHints":{"allow":["GET"]}}],"collection":[{"href":"https:\/\/uhmwpemanufacture.com\/es\/wp-json\/wp\/v2\/product"}],"about":[{"href":"https:\/\/uhmwpemanufacture.com\/es\/wp-json\/wp\/v2\/types\/product"}],"wp:featuredmedia":[{"embeddable":true,"href":"https:\/\/uhmwpemanufacture.com\/es\/wp-json\/wp\/v2\/media\/1394"}],"wp:attachment":[{"href":"https:\/\/uhmwpemanufacture.com\/es\/wp-json\/wp\/v2\/media?parent=1393"}],"wp:term":[{"taxonomy":"product_brand","embeddable":true,"href":"https:\/\/uhmwpemanufacture.com\/es\/wp-json\/wp\/v2\/product_brand?post=1393"},{"taxonomy":"product_cat","embeddable":true,"href":"https:\/\/uhmwpemanufacture.com\/es\/wp-json\/wp\/v2\/product_cat?post=1393"},{"taxonomy":"product_tag","embeddable":true,"href":"https:\/\/uhmwpemanufacture.com\/es\/wp-json\/wp\/v2\/product_tag?post=1393"}],"curies":[{"name":"wp","href":"https:\/\/api.w.org\/{rel}","templated":true}]}}