{"id":1399,"date":"2025-09-28T08:59:06","date_gmt":"2025-09-28T08:59:06","guid":{"rendered":"https:\/\/uhmwpemanufacture.com\/?post_type=product&#038;p=1399"},"modified":"2025-09-28T08:59:06","modified_gmt":"2025-09-28T08:59:06","slug":"polyethylene-engineering-plastic-sheet-board-manufacturer","status":"publish","type":"product","link":"https:\/\/uhmwpemanufacture.com\/es\/polyethylene-engineering-plastic-sheet-board-manufacturer\/","title":{"rendered":"Fabricantes de placas de polietileno"},"content":{"rendered":"<h2>Productor de planchas de pl\u00e1stico de polietileno para ingenier\u00eda<\/h2>\n<p>Nuestras planchas de pl\u00e1stico con dise\u00f1o de polietileno est\u00e1n dise\u00f1adas para ofrecer resistencia, robustez y adaptabilidad en una amplia variedad de aplicaciones industriales. Fabricadas con PE de alta calidad, estas planchas ofrecen una excepcional resistencia a las influencias, seguridad qu\u00edmica y baja absorci\u00f3n de humedad. Su superficie lisa facilita la limpieza y reduce la fricci\u00f3n, por lo que son ideales para componentes de maquinaria, paneles reductores, revestimientos celulares, embalaje de productos y proyectos de construcci\u00f3n. F\u00e1ciles de equipar, cortar y fabricar, se pueden adaptar en distintos tama\u00f1os, colores y grosores para satisfacer las necesidades de cada trabajo. Como fabricante de confianza, ofrecemos soluciones de l\u00e1minas de pl\u00e1stico fiables y duraderas.<\/p>","protected":false},"excerpt":{"rendered":"<p>Las planchas de pl\u00e1stico t\u00e9cnico de polietileno ofrecen solidez, resistencia a los impactos y estabilidad qu\u00edmica. Con superficies lisas y baja fricci\u00f3n, son ideales para maquinaria, revestimientos, construcci\u00f3n y embalaje. Disponibles en tama\u00f1os y colores personalizados de un fabricante de confianza.<\/p>","protected":false},"featured_media":1400,"template":"","meta":{"_gspb_post_css":""},"product_brand":[],"product_cat":[15,18],"product_tag":[230,231,229],"class_list":{"0":"post-1399","1":"product","2":"type-product","3":"status-publish","4":"has-post-thumbnail","6":"product_cat-uhmwpe-hdpe-sheets-plates","7":"product_cat-hdpe-sheets","8":"product_tag-engineering-pe-board","9":"product_tag-plastic-sheet-manufacturer","10":"product_tag-polyethylene-plastic-sheet","12":"first","13":"instock","14":"shipping-taxable","15":"product-type-simple"},"_links":{"self":[{"href":"https:\/\/uhmwpemanufacture.com\/es\/wp-json\/wp\/v2\/product\/1399","targetHints":{"allow":["GET"]}}],"collection":[{"href":"https:\/\/uhmwpemanufacture.com\/es\/wp-json\/wp\/v2\/product"}],"about":[{"href":"https:\/\/uhmwpemanufacture.com\/es\/wp-json\/wp\/v2\/types\/product"}],"wp:featuredmedia":[{"embeddable":true,"href":"https:\/\/uhmwpemanufacture.com\/es\/wp-json\/wp\/v2\/media\/1400"}],"wp:attachment":[{"href":"https:\/\/uhmwpemanufacture.com\/es\/wp-json\/wp\/v2\/media?parent=1399"}],"wp:term":[{"taxonomy":"product_brand","embeddable":true,"href":"https:\/\/uhmwpemanufacture.com\/es\/wp-json\/wp\/v2\/product_brand?post=1399"},{"taxonomy":"product_cat","embeddable":true,"href":"https:\/\/uhmwpemanufacture.com\/es\/wp-json\/wp\/v2\/product_cat?post=1399"},{"taxonomy":"product_tag","embeddable":true,"href":"https:\/\/uhmwpemanufacture.com\/es\/wp-json\/wp\/v2\/product_tag?post=1399"}],"curies":[{"name":"wp","href":"https:\/\/api.w.org\/{rel}","templated":true}]}}