{"id":1406,"date":"2025-09-28T09:08:09","date_gmt":"2025-09-28T09:08:09","guid":{"rendered":"https:\/\/uhmwpemanufacture.com\/?post_type=product&#038;p=1406"},"modified":"2025-09-28T09:08:09","modified_gmt":"2025-09-28T09:08:09","slug":"portable-uhmwpe-plastic-cribbing-blocks-crane-outrigger-pads","status":"publish","type":"product","link":"https:\/\/uhmwpemanufacture.com\/es\/portable-uhmwpe-plastic-cribbing-blocks-crane-outrigger-pads\/","title":{"rendered":"Bloques de apuntalamiento port\u00e1tiles de pl\u00e1stico UHMWPE Almohadillas para voladizos de gr\u00faas"},"content":{"rendered":"<h2>Bloques de apuntalamiento port\u00e1tiles de pl\u00e1stico UHMWPE Almohadillas para voladizos de gr\u00faas<\/h2>\n<p>Nuestros bloques de encofrado de pl\u00e1stico UHMWPE port\u00e1tiles y las almohadillas para balancines de gr\u00faas est\u00e1n fabricados para ofrecer una resistencia, estabilidad y durabilidad superiores en operaciones de elevaci\u00f3n de cargas pesadas. Fabricados con polietileno de peso molecular ultraalto, resisten el agua, los productos qu\u00edmicos y las condiciones clim\u00e1ticas extremas, lo que garantiza un rendimiento a largo plazo en obras exigentes. Su estructura ligera pero resistente facilita su manejo, mientras que su superficie antideslizante permite colocarlos con seguridad bajo gr\u00faas, estabilizadores y maquinaria pesada. Dise\u00f1ados para un uso repetido, estos bloques protegen las superficies del suelo, reducen el desgaste de los equipos y mejoran la seguridad general de la obra. Ideales para aplicaciones de construcci\u00f3n, miner\u00eda e industriales que requieren un soporte de carga fiable.<\/p>","protected":false},"excerpt":{"rendered":"<p>Los bloques de encofrado y los estabilizadores port\u00e1tiles de UHMWPE proporcionan un soporte duradero y ligero para gr\u00faas y maquinaria pesada. Con superficies antideslizantes y resistencia a la intemperie, garantizan la estabilidad, protegen las superficies del suelo y ofrecen un rendimiento de elevaci\u00f3n seguro en la construcci\u00f3n y el uso industrial.<\/p>","protected":false},"featured_media":1411,"template":"","meta":{"_gspb_post_css":""},"product_brand":[],"product_cat":[15,21],"product_tag":[197,232,113],"class_list":{"0":"post-1406","1":"product","2":"type-product","3":"status-publish","4":"has-post-thumbnail","6":"product_cat-uhmwpe-hdpe-sheets-plates","7":"product_cat-uhmwpe-fender-pads","8":"product_tag-crane-outrigger-pads","9":"product_tag-portable-support-pads","10":"product_tag-uhmwpe-cribbing-blocks","12":"first","13":"instock","14":"shipping-taxable","15":"product-type-simple"},"_links":{"self":[{"href":"https:\/\/uhmwpemanufacture.com\/es\/wp-json\/wp\/v2\/product\/1406","targetHints":{"allow":["GET"]}}],"collection":[{"href":"https:\/\/uhmwpemanufacture.com\/es\/wp-json\/wp\/v2\/product"}],"about":[{"href":"https:\/\/uhmwpemanufacture.com\/es\/wp-json\/wp\/v2\/types\/product"}],"wp:featuredmedia":[{"embeddable":true,"href":"https:\/\/uhmwpemanufacture.com\/es\/wp-json\/wp\/v2\/media\/1411"}],"wp:attachment":[{"href":"https:\/\/uhmwpemanufacture.com\/es\/wp-json\/wp\/v2\/media?parent=1406"}],"wp:term":[{"taxonomy":"product_brand","embeddable":true,"href":"https:\/\/uhmwpemanufacture.com\/es\/wp-json\/wp\/v2\/product_brand?post=1406"},{"taxonomy":"product_cat","embeddable":true,"href":"https:\/\/uhmwpemanufacture.com\/es\/wp-json\/wp\/v2\/product_cat?post=1406"},{"taxonomy":"product_tag","embeddable":true,"href":"https:\/\/uhmwpemanufacture.com\/es\/wp-json\/wp\/v2\/product_tag?post=1406"}],"curies":[{"name":"wp","href":"https:\/\/api.w.org\/{rel}","templated":true}]}}