{"id":1415,"date":"2025-09-28T09:15:34","date_gmt":"2025-09-28T09:15:34","guid":{"rendered":"https:\/\/uhmwpemanufacture.com\/?post_type=product&#038;p=1415"},"modified":"2025-09-28T09:15:34","modified_gmt":"2025-09-28T09:15:34","slug":"uhmwpe-hdpe-sheets-liner-plate-stock-bin-liner-suppliers","status":"publish","type":"product","link":"https:\/\/uhmwpemanufacture.com\/es\/uhmwpe-hdpe-sheets-liner-plate-stock-bin-liner-suppliers\/","title":{"rendered":"Uhmwpe HDPE Sheets Liner Plate Stock Bin Liner Proveedores"},"content":{"rendered":"<h2>UHMWPE HDPE Hojas Liner Placa Stock Contenedor Liner Proveedores<\/h2>\n<p>Nuestras planchas de UHMWPE y HDPE est\u00e1n dise\u00f1adas para fabricar resistentes placas de revestimiento para silos, dep\u00f3sitos de suministro y herramientas de manipulaci\u00f3n de materiales. Estos revestimientos ofrecen una magn\u00edfica resistencia al desgaste, una gran tenacidad y propiedades autolubricantes para garantizar un flujo suave del producto y reducir los atascos. Gracias a su excepcional estabilidad qu\u00edmica y resistencia a la humedad, funcionan con precisi\u00f3n incluso en entornos comerciales extremos. F\u00e1ciles de reducir, montar e instalar, estas planchas reducen el tiempo de inactividad, prolongan la vida \u00fatil de las herramientas y reducen los costes de mantenimiento. Se ofrecen en varios tama\u00f1os, grosores y colores, y son servicios \u00f3ptimos para los sectores de la miner\u00eda, la agricultura, las centrales nucleares y la manipulaci\u00f3n a granel.<\/p>","protected":false},"excerpt":{"rendered":"<p>Los revestimientos de UHMWPE y HDPE ofrecen una protecci\u00f3n duradera para silos y dep\u00f3sitos de almacenamiento. Gracias a su resistencia al desgaste, a los impactos y a la autolubricaci\u00f3n, garantizan un flujo uniforme del material, reducen los atascos y prolongan la vida \u00fatil de los equipos en aplicaciones mineras, agr\u00edcolas e industriales.<\/p>","protected":false},"featured_media":1417,"template":"","meta":{"_gspb_post_css":""},"product_brand":[],"product_cat":[15,22],"product_tag":[234,235,233],"class_list":{"0":"post-1415","1":"product","2":"type-product","3":"status-publish","4":"has-post-thumbnail","6":"product_cat-uhmwpe-hdpe-sheets-plates","7":"product_cat-coal-bunker-limit-plates","8":"product_tag-hdpe-bin-liner","9":"product_tag-stock-bin-lining-plates","10":"product_tag-uhmwpe-liner-sheet","12":"first","13":"instock","14":"shipping-taxable","15":"product-type-simple"},"_links":{"self":[{"href":"https:\/\/uhmwpemanufacture.com\/es\/wp-json\/wp\/v2\/product\/1415","targetHints":{"allow":["GET"]}}],"collection":[{"href":"https:\/\/uhmwpemanufacture.com\/es\/wp-json\/wp\/v2\/product"}],"about":[{"href":"https:\/\/uhmwpemanufacture.com\/es\/wp-json\/wp\/v2\/types\/product"}],"wp:featuredmedia":[{"embeddable":true,"href":"https:\/\/uhmwpemanufacture.com\/es\/wp-json\/wp\/v2\/media\/1417"}],"wp:attachment":[{"href":"https:\/\/uhmwpemanufacture.com\/es\/wp-json\/wp\/v2\/media?parent=1415"}],"wp:term":[{"taxonomy":"product_brand","embeddable":true,"href":"https:\/\/uhmwpemanufacture.com\/es\/wp-json\/wp\/v2\/product_brand?post=1415"},{"taxonomy":"product_cat","embeddable":true,"href":"https:\/\/uhmwpemanufacture.com\/es\/wp-json\/wp\/v2\/product_cat?post=1415"},{"taxonomy":"product_tag","embeddable":true,"href":"https:\/\/uhmwpemanufacture.com\/es\/wp-json\/wp\/v2\/product_tag?post=1415"}],"curies":[{"name":"wp","href":"https:\/\/api.w.org\/{rel}","templated":true}]}}