{"id":1421,"date":"2025-09-28T09:19:23","date_gmt":"2025-09-28T09:19:23","guid":{"rendered":"https:\/\/uhmwpemanufacture.com\/?post_type=product&#038;p=1421"},"modified":"2025-09-28T09:19:23","modified_gmt":"2025-09-28T09:19:23","slug":"high-quality-hdpe-sheet-green-hdpe-board-manufacturers","status":"publish","type":"product","link":"https:\/\/uhmwpemanufacture.com\/es\/high-quality-hdpe-sheet-green-hdpe-board-manufacturers\/","title":{"rendered":"Hoja de HDPE de alta calidad Junta de HDPE verde Fabricantes"},"content":{"rendered":"<h2>Hoja de HDPE de alta calidad Junta de HDPE respetuosa con el medio ambiente Fabricantes<\/h2>\n<p>Nuestras planchas de HDPE verde de alta calidad ofrecen una excelente elasticidad, resistencia qu\u00edmica y resistencia a la influencia. Creadas para una amplia variedad de usos industriales, estas planchas de HDPE ofrecen una eficacia fiable en aplicaciones de corte, revestimiento, construcci\u00f3n y seguridad. Ligeras pero resistentes, son inmunes a la humedad, la corrosi\u00f3n y el uso, lo que las hace \u00f3ptimas para tareas tanto de interior como de exterior. Con una excelente maquinabilidad, las planchas pueden reducirse, adherirse o conformarse convenientemente para satisfacer requisitos a medida. Utilizado habitualmente en agricultura, construcci\u00f3n y manipulaci\u00f3n de materiales, este art\u00edculo garantiza una funcionalidad resistente con muy poco mantenimiento, ofreciendo tanto rendimiento como rentabilidad.<\/p>","protected":false},"excerpt":{"rendered":"<p>Las planchas de HDPE verde de alta calidad se caracterizan por su gran resistencia a los impactos, durabilidad y excelente estabilidad qu\u00edmica. Ideales para revestimiento, corte y fabricaci\u00f3n en aplicaciones industriales, agr\u00edcolas y de construcci\u00f3n, estas planchas garantizan un uso duradero con un mecanizado sencillo.<\/p>","protected":false},"featured_media":1422,"template":"","meta":{"_gspb_post_css":""},"product_brand":[],"product_cat":[15,18],"product_tag":[236,237,59],"class_list":{"0":"post-1421","1":"product","2":"type-product","3":"status-publish","4":"has-post-thumbnail","6":"product_cat-uhmwpe-hdpe-sheets-plates","7":"product_cat-hdpe-sheets","8":"product_tag-green-plastic-board","9":"product_tag-hdpe-manufacturers","10":"product_tag-hdpe-sheet","12":"first","13":"instock","14":"shipping-taxable","15":"product-type-simple"},"_links":{"self":[{"href":"https:\/\/uhmwpemanufacture.com\/es\/wp-json\/wp\/v2\/product\/1421","targetHints":{"allow":["GET"]}}],"collection":[{"href":"https:\/\/uhmwpemanufacture.com\/es\/wp-json\/wp\/v2\/product"}],"about":[{"href":"https:\/\/uhmwpemanufacture.com\/es\/wp-json\/wp\/v2\/types\/product"}],"wp:featuredmedia":[{"embeddable":true,"href":"https:\/\/uhmwpemanufacture.com\/es\/wp-json\/wp\/v2\/media\/1422"}],"wp:attachment":[{"href":"https:\/\/uhmwpemanufacture.com\/es\/wp-json\/wp\/v2\/media?parent=1421"}],"wp:term":[{"taxonomy":"product_brand","embeddable":true,"href":"https:\/\/uhmwpemanufacture.com\/es\/wp-json\/wp\/v2\/product_brand?post=1421"},{"taxonomy":"product_cat","embeddable":true,"href":"https:\/\/uhmwpemanufacture.com\/es\/wp-json\/wp\/v2\/product_cat?post=1421"},{"taxonomy":"product_tag","embeddable":true,"href":"https:\/\/uhmwpemanufacture.com\/es\/wp-json\/wp\/v2\/product_tag?post=1421"}],"curies":[{"name":"wp","href":"https:\/\/api.w.org\/{rel}","templated":true}]}}