{"id":1429,"date":"2025-09-28T09:24:10","date_gmt":"2025-09-28T09:24:10","guid":{"rendered":"https:\/\/uhmwpemanufacture.com\/?post_type=product&#038;p=1429"},"modified":"2025-09-28T09:24:10","modified_gmt":"2025-09-28T09:24:10","slug":"custom-eco-friendly-high-quality-uhmwpe-sheet-manufacturer","status":"publish","type":"product","link":"https:\/\/uhmwpemanufacture.com\/es\/custom-eco-friendly-high-quality-uhmwpe-sheet-manufacturer\/","title":{"rendered":"Fabricante de l\u00e1minas de Uhmwpe ecol\u00f3gicas de alta calidad personalizadas"},"content":{"rendered":"<h2>Fabricante de l\u00e1minas de UHMWPE ecol\u00f3gicas de primera calidad personalizadas<\/h2>\n<p>Nuestras planchas ecol\u00f3gicas de UHMWPE a medida se han creado para ofrecer una eficiencia y una sostenibilidad notables. Fabricadas con polietileno de alto peso molecular, estas planchas ofrecen una excelente resistencia al desgaste, baja fricci\u00f3n y resistencia a los efectos. Sus propiedades no t\u00f3xicas y reciclables las hacen \u00f3ptimas para industrias que buscan soluciones ecol\u00f3gicas sin renunciar a una alta calidad. Perfectas para proyectos de revestimiento, mecanizado y dise\u00f1o duradero, estas planchas garantizan una larga vida \u00fatil incluso en entornos severos. Como fabricante de confianza, ofrecemos tama\u00f1os, espesores y tonalidades ajustables para satisfacer sus necesidades precisas, dando soporte tanto a aplicaciones industriales como medioambientales.<\/p>","protected":false},"excerpt":{"rendered":"<p>Las planchas de UHMWPE ecol\u00f3gicas a medida ofrecen una excelente resistencia al desgaste, resistencia al impacto y baja fricci\u00f3n. No t\u00f3xicas y reciclables, son ideales para revestimientos, mecanizado y uso industrial. Disponibles en tama\u00f1os y colores personalizables para satisfacer diversas necesidades de aplicaci\u00f3n.<\/p>","protected":false},"featured_media":1432,"template":"","meta":{"_gspb_post_css":""},"product_brand":[],"product_cat":[15,17],"product_tag":[238,239,56],"class_list":{"0":"post-1429","1":"product","2":"type-product","3":"status-publish","4":"has-post-thumbnail","6":"product_cat-uhmwpe-hdpe-sheets-plates","7":"product_cat-uhmwpe-sheets","8":"product_tag-eco-friendly-plastic","9":"product_tag-industrial-lining","10":"product_tag-uhmwpe-sheet","12":"first","13":"instock","14":"shipping-taxable","15":"product-type-simple"},"_links":{"self":[{"href":"https:\/\/uhmwpemanufacture.com\/es\/wp-json\/wp\/v2\/product\/1429","targetHints":{"allow":["GET"]}}],"collection":[{"href":"https:\/\/uhmwpemanufacture.com\/es\/wp-json\/wp\/v2\/product"}],"about":[{"href":"https:\/\/uhmwpemanufacture.com\/es\/wp-json\/wp\/v2\/types\/product"}],"wp:featuredmedia":[{"embeddable":true,"href":"https:\/\/uhmwpemanufacture.com\/es\/wp-json\/wp\/v2\/media\/1432"}],"wp:attachment":[{"href":"https:\/\/uhmwpemanufacture.com\/es\/wp-json\/wp\/v2\/media?parent=1429"}],"wp:term":[{"taxonomy":"product_brand","embeddable":true,"href":"https:\/\/uhmwpemanufacture.com\/es\/wp-json\/wp\/v2\/product_brand?post=1429"},{"taxonomy":"product_cat","embeddable":true,"href":"https:\/\/uhmwpemanufacture.com\/es\/wp-json\/wp\/v2\/product_cat?post=1429"},{"taxonomy":"product_tag","embeddable":true,"href":"https:\/\/uhmwpemanufacture.com\/es\/wp-json\/wp\/v2\/product_tag?post=1429"}],"curies":[{"name":"wp","href":"https:\/\/api.w.org\/{rel}","templated":true}]}}