{"id":1435,"date":"2025-09-28T09:28:22","date_gmt":"2025-09-28T09:28:22","guid":{"rendered":"https:\/\/uhmwpemanufacture.com\/?post_type=product&#038;p=1435"},"modified":"2025-09-28T09:28:22","modified_gmt":"2025-09-28T09:28:22","slug":"custom-hdpe-heavy-duty-road-mats-temporary-access-road-mats","status":"publish","type":"product","link":"https:\/\/uhmwpemanufacture.com\/es\/custom-hdpe-heavy-duty-road-mats-temporary-access-road-mats\/","title":{"rendered":"Custom HDPE Heavy Duty Road Mats Alfombras de acceso temporal a la carretera"},"content":{"rendered":"<h2>Alfombrillas resistentes de HDPE a medida Alfombrillas temporales de accesibilidad para calzadas<\/h2>\n<p>Las resistentes alfombras de carretera personalizadas de polietileno de alta densidad ofrecen una protecci\u00f3n fiable del suelo y accesibilidad temporal para proyectos de construcci\u00f3n, yacimientos petrol\u00edferos y dispositivos pesados. Desarrolladas a partir de polietileno de alta densidad, estas alfombras resisten el deterioro, los productos qu\u00edmicos y las condiciones clim\u00e1ticas extremas, al tiempo que soportan toneladas pesadas sin agrietarse. Su caracter\u00edstica superficie antideslizante garantiza la seguridad en terrenos irregulares, irregulares o delicados. Ligeras pero resistentes, son f\u00e1ciles de transportar, instalar y reutilizar, lo que las convierte en un remedio respetuoso con el medio ambiente para proteger la tierra, la hierba y los entornos de trabajo. Perfectas para desarrollar caminos estables a corto plazo, plataformas de trabajo y rutas de accesibilidad ocasionales, estas alfombrillas proporcionan resistencia y durabilidad para aplicaciones comerciales exigentes.<\/p>","protected":false},"excerpt":{"rendered":"<p>Las alfombras de carretera a medida de polietileno de alta densidad para trabajos pesados proporcionan una protecci\u00f3n estable del suelo para maquinaria pesada y veh\u00edculos. Con superficies antideslizantes y gran capacidad de carga, son reutilizables, resistentes a la intemperie e ideales para la construcci\u00f3n, yacimientos petrol\u00edferos y v\u00edas de acceso temporales en terrenos blandos o irregulares.<\/p>","protected":false},"featured_media":1437,"template":"","meta":{"_gspb_post_css":""},"product_brand":[],"product_cat":[24,27],"product_tag":[73,240,241],"class_list":{"0":"post-1435","1":"product","2":"type-product","3":"status-publish","4":"has-post-thumbnail","6":"product_cat-ground-protection-road-mats","7":"product_cat-dura-mats","8":"product_tag-hdpe-road-mats","9":"product_tag-heavy-duty-ground-mats","10":"product_tag-temporary-access-mats","12":"first","13":"instock","14":"shipping-taxable","15":"product-type-simple"},"_links":{"self":[{"href":"https:\/\/uhmwpemanufacture.com\/es\/wp-json\/wp\/v2\/product\/1435","targetHints":{"allow":["GET"]}}],"collection":[{"href":"https:\/\/uhmwpemanufacture.com\/es\/wp-json\/wp\/v2\/product"}],"about":[{"href":"https:\/\/uhmwpemanufacture.com\/es\/wp-json\/wp\/v2\/types\/product"}],"wp:featuredmedia":[{"embeddable":true,"href":"https:\/\/uhmwpemanufacture.com\/es\/wp-json\/wp\/v2\/media\/1437"}],"wp:attachment":[{"href":"https:\/\/uhmwpemanufacture.com\/es\/wp-json\/wp\/v2\/media?parent=1435"}],"wp:term":[{"taxonomy":"product_brand","embeddable":true,"href":"https:\/\/uhmwpemanufacture.com\/es\/wp-json\/wp\/v2\/product_brand?post=1435"},{"taxonomy":"product_cat","embeddable":true,"href":"https:\/\/uhmwpemanufacture.com\/es\/wp-json\/wp\/v2\/product_cat?post=1435"},{"taxonomy":"product_tag","embeddable":true,"href":"https:\/\/uhmwpemanufacture.com\/es\/wp-json\/wp\/v2\/product_tag?post=1435"}],"curies":[{"name":"wp","href":"https:\/\/api.w.org\/{rel}","templated":true}]}}