{"id":1444,"date":"2025-09-28T09:31:32","date_gmt":"2025-09-28T09:31:32","guid":{"rendered":"https:\/\/uhmwpemanufacture.com\/?post_type=product&#038;p=1444"},"modified":"2025-09-28T09:31:32","modified_gmt":"2025-09-28T09:31:32","slug":"custom-injection-molding-abs-nylon-pom-pp-pe-plastic-parts","status":"publish","type":"product","link":"https:\/\/uhmwpemanufacture.com\/es\/custom-injection-molding-abs-nylon-pom-pp-pe-plastic-parts\/","title":{"rendered":"Moldeo por inyecci\u00f3n a medida ABS Nylon POM PP PE Piezas de pl\u00e1stico"},"content":{"rendered":"<h2>Moldeo por inyecci\u00f3n a medida ABS Nylon POM PP PE Componentes de pl\u00e1stico<\/h2>\n<p>Nuestras soluciones personalizadas de moldeo por inyecci\u00f3n suministran piezas de pl\u00e1stico de primera calidad fabricadas con abdominal, nailon, POM, PP y PE. Desarrollados para ofrecer precisi\u00f3n y longevidad, estos componentes se utilizan habitualmente en autom\u00f3viles, dispositivos electr\u00f3nicos, embalaje de productos y aplicaciones comerciales. Fabricados con una sofisticada tecnolog\u00eda moderna de moldeo, incluyen una excelente estabilidad dimensional, resistencia a los efectos y resiliencia qu\u00edmica. Disponibles en una amplia gama de formas, tama\u00f1os y tonalidades, estas piezas pueden personalizarse para satisfacer las necesidades espec\u00edficas de cada cliente. Ligeras a la vez que resistentes, ofrecen un rendimiento acreditado que se busca en los entornos m\u00e1s exigentes. Como proveedor de confianza, garantizamos servicios rentables tanto para peque\u00f1as como para grandes series de producci\u00f3n.<\/p>","protected":false},"excerpt":{"rendered":"<p>Las piezas moldeadas por inyecci\u00f3n a medida fabricadas en ABS, nailon, POM, PP y PE ofrecen resistencia, precisi\u00f3n y durabilidad. Ideales para automoci\u00f3n, electr\u00f3nica y uso industrial, estos componentes se pueden personalizar en forma, tama\u00f1o y color para satisfacer los requisitos de diversas aplicaciones.<\/p>","protected":false},"featured_media":1450,"template":"","meta":{"_gspb_post_css":""},"product_brand":[],"product_cat":[23,35],"product_tag":[243,125,242],"class_list":{"0":"post-1444","1":"product","2":"type-product","3":"status-publish","4":"has-post-thumbnail","6":"product_cat-nylon-sheets","7":"product_cat-pp-pe-products","8":"product_tag-abs-nylon-components","9":"product_tag-custom-plastic-parts","10":"product_tag-injection-molding-parts","12":"first","13":"instock","14":"shipping-taxable","15":"product-type-simple"},"_links":{"self":[{"href":"https:\/\/uhmwpemanufacture.com\/es\/wp-json\/wp\/v2\/product\/1444","targetHints":{"allow":["GET"]}}],"collection":[{"href":"https:\/\/uhmwpemanufacture.com\/es\/wp-json\/wp\/v2\/product"}],"about":[{"href":"https:\/\/uhmwpemanufacture.com\/es\/wp-json\/wp\/v2\/types\/product"}],"wp:featuredmedia":[{"embeddable":true,"href":"https:\/\/uhmwpemanufacture.com\/es\/wp-json\/wp\/v2\/media\/1450"}],"wp:attachment":[{"href":"https:\/\/uhmwpemanufacture.com\/es\/wp-json\/wp\/v2\/media?parent=1444"}],"wp:term":[{"taxonomy":"product_brand","embeddable":true,"href":"https:\/\/uhmwpemanufacture.com\/es\/wp-json\/wp\/v2\/product_brand?post=1444"},{"taxonomy":"product_cat","embeddable":true,"href":"https:\/\/uhmwpemanufacture.com\/es\/wp-json\/wp\/v2\/product_cat?post=1444"},{"taxonomy":"product_tag","embeddable":true,"href":"https:\/\/uhmwpemanufacture.com\/es\/wp-json\/wp\/v2\/product_tag?post=1444"}],"curies":[{"name":"wp","href":"https:\/\/api.w.org\/{rel}","templated":true}]}}