{"id":1453,"date":"2025-09-28T09:34:54","date_gmt":"2025-09-28T09:34:54","guid":{"rendered":"https:\/\/uhmwpemanufacture.com\/?post_type=product&#038;p=1453"},"modified":"2025-09-28T09:34:54","modified_gmt":"2025-09-28T09:34:54","slug":"uhmwpe-synthetic-ice-synthetic-panel-curling-practice-floor","status":"publish","type":"product","link":"https:\/\/uhmwpemanufacture.com\/es\/uhmwpe-synthetic-ice-synthetic-panel-curling-practice-floor\/","title":{"rendered":"Uhmwpe Hielo Sint\u00e9tico Panel Sint\u00e9tico Curling Suelo De Pr\u00e1ctica"},"content":{"rendered":"<h2>Panel de hielo sint\u00e9tico UHMWPE Suelo t\u00e9cnico para curling<\/h2>\n<p>Nuestros paneles de hielo sint\u00e9tico UHMWPE han sido creados para crear una superficie lisa, similar al hielo, para la pr\u00e1ctica y el entrenamiento del curling sin necesidad de refrigeraci\u00f3n. Fabricados a partir de polietileno de peso molecular ultra alto, estos paneles ofrecen un rendimiento de movimiento excepcional, un roce reducido y una gran durabilidad para un uso duradero. Resistentes a la intemperie y a los impactos, funcionan con precisi\u00f3n tanto en el interior como en el exterior, lo que los hace id\u00f3neos para centros deportivos, colegios y centros recreativos. Con un estilo de enclavamiento f\u00e1cil de instalar, los paneles ofrecen una configuraci\u00f3n r\u00e1pida y una eficacia constante. Ecol\u00f3gicos y asequibles, proporcionan una experiencia de curling realista a la vez que reducen los gastos de mantenimiento y funcionamiento.<\/p>","protected":false},"excerpt":{"rendered":"<p>Los paneles de hielo sint\u00e9tico UHMWPE proporcionan una superficie lisa, similar al hielo, para la pr\u00e1ctica del curling sin refrigeraci\u00f3n. Duraderos, de baja fricci\u00f3n y resistentes a la intemperie, son f\u00e1ciles de instalar e ideales para entrenamientos en interiores o exteriores, instalaciones deportivas y centros recreativos.<\/p>","protected":false},"featured_media":1456,"template":"","meta":{"_gspb_post_css":""},"product_brand":[],"product_cat":[29,32],"product_tag":[244,126,245],"class_list":{"0":"post-1453","1":"product","2":"type-product","3":"status-publish","4":"has-post-thumbnail","6":"product_cat-ice-rink-products","7":"product_cat-ice-synthetic-panels","8":"product_tag-curling-practice-floor","9":"product_tag-synthetic-ice-panels","10":"product_tag-uhmwpe-sports-flooring","12":"first","13":"instock","14":"shipping-taxable","15":"product-type-simple"},"_links":{"self":[{"href":"https:\/\/uhmwpemanufacture.com\/es\/wp-json\/wp\/v2\/product\/1453","targetHints":{"allow":["GET"]}}],"collection":[{"href":"https:\/\/uhmwpemanufacture.com\/es\/wp-json\/wp\/v2\/product"}],"about":[{"href":"https:\/\/uhmwpemanufacture.com\/es\/wp-json\/wp\/v2\/types\/product"}],"wp:featuredmedia":[{"embeddable":true,"href":"https:\/\/uhmwpemanufacture.com\/es\/wp-json\/wp\/v2\/media\/1456"}],"wp:attachment":[{"href":"https:\/\/uhmwpemanufacture.com\/es\/wp-json\/wp\/v2\/media?parent=1453"}],"wp:term":[{"taxonomy":"product_brand","embeddable":true,"href":"https:\/\/uhmwpemanufacture.com\/es\/wp-json\/wp\/v2\/product_brand?post=1453"},{"taxonomy":"product_cat","embeddable":true,"href":"https:\/\/uhmwpemanufacture.com\/es\/wp-json\/wp\/v2\/product_cat?post=1453"},{"taxonomy":"product_tag","embeddable":true,"href":"https:\/\/uhmwpemanufacture.com\/es\/wp-json\/wp\/v2\/product_tag?post=1453"}],"curies":[{"name":"wp","href":"https:\/\/api.w.org\/{rel}","templated":true}]}}