{"id":1461,"date":"2025-09-28T09:39:24","date_gmt":"2025-09-28T09:39:24","guid":{"rendered":"https:\/\/uhmwpemanufacture.com\/?post_type=product&#038;p=1461"},"modified":"2025-09-28T09:39:24","modified_gmt":"2025-09-28T09:39:24","slug":"custom-hockey-board-synthetic-ice-rink-skating-dasher-boards","status":"publish","type":"product","link":"https:\/\/uhmwpemanufacture.com\/es\/custom-hockey-board-synthetic-ice-rink-skating-dasher-boards\/","title":{"rendered":"Custom Hockey Board Pista de Hielo Sint\u00e9tico Patinaje Dasher Boards"},"content":{"rendered":"<h2>Tabla de Hockey Personalizada Pista de Hielo Sint\u00e9tico Patinaje Dasher Tablas<\/h2>\n<p>Nuestros tableros de hockey personalizados y nuestros tableros sint\u00e9ticos para pistas de hielo est\u00e1n fabricados para ofrecer durabilidad, seguridad y un rendimiento profesional. Fabricadas con polietileno de alta calidad, soportan fuertes impactos y proporcionan una superficie lisa y agradable para el patinaje y el juego. Fabricadas tanto para pistas interiores como exteriores, estas tablas resisten la exposici\u00f3n directa a los rayos UV, la humedad y las condiciones clim\u00e1ticas adversas, garantizando un uso duradero. La construcci\u00f3n modular permite una r\u00e1pida instalaci\u00f3n, mantenimiento y personalizaci\u00f3n para adaptarse a pistas de diferentes tama\u00f1os. Adecuadas para instalaciones de entrenamiento, instalaciones de ocio y campos de hockey para expertos, estas tablas ofrecen una estabilidad fiable y un entorno de patinaje sin riesgos.<\/p>","protected":false},"excerpt":{"rendered":"<p>Los tableros de hockey personalizados y los tableros sint\u00e9ticos para pistas de hielo proporcionan durabilidad, resistencia a los impactos y superficies lisas para un patinaje seguro. Adecuadas para pistas cubiertas o al aire libre, cuentan con un dise\u00f1o modular que facilita la instalaci\u00f3n, la personalizaci\u00f3n y el rendimiento duradero en uso recreativo o profesional.<\/p>","protected":false},"featured_media":1464,"template":"","meta":{"_gspb_post_css":""},"product_brand":[],"product_cat":[29,30],"product_tag":[81,247,246],"class_list":{"0":"post-1461","1":"product","2":"type-product","3":"status-publish","4":"has-post-thumbnail","6":"product_cat-ice-rink-products","7":"product_cat-hockey-ice-rink-dasher-boards","8":"product_tag-hockey-dasher-boards","9":"product_tag-skating-rink-panels","10":"product_tag-synthetic-ice-rink-boards","12":"first","13":"instock","14":"shipping-taxable","15":"product-type-simple"},"_links":{"self":[{"href":"https:\/\/uhmwpemanufacture.com\/es\/wp-json\/wp\/v2\/product\/1461","targetHints":{"allow":["GET"]}}],"collection":[{"href":"https:\/\/uhmwpemanufacture.com\/es\/wp-json\/wp\/v2\/product"}],"about":[{"href":"https:\/\/uhmwpemanufacture.com\/es\/wp-json\/wp\/v2\/types\/product"}],"wp:featuredmedia":[{"embeddable":true,"href":"https:\/\/uhmwpemanufacture.com\/es\/wp-json\/wp\/v2\/media\/1464"}],"wp:attachment":[{"href":"https:\/\/uhmwpemanufacture.com\/es\/wp-json\/wp\/v2\/media?parent=1461"}],"wp:term":[{"taxonomy":"product_brand","embeddable":true,"href":"https:\/\/uhmwpemanufacture.com\/es\/wp-json\/wp\/v2\/product_brand?post=1461"},{"taxonomy":"product_cat","embeddable":true,"href":"https:\/\/uhmwpemanufacture.com\/es\/wp-json\/wp\/v2\/product_cat?post=1461"},{"taxonomy":"product_tag","embeddable":true,"href":"https:\/\/uhmwpemanufacture.com\/es\/wp-json\/wp\/v2\/product_tag?post=1461"}],"curies":[{"name":"wp","href":"https:\/\/api.w.org\/{rel}","templated":true}]}}