{"id":1476,"date":"2025-09-28T09:46:27","date_gmt":"2025-09-28T09:46:27","guid":{"rendered":"https:\/\/uhmwpemanufacture.com\/?post_type=product&#038;p=1476"},"modified":"2025-09-28T09:46:27","modified_gmt":"2025-09-28T09:46:27","slug":"duty-uhmwpe-excavator-ground-protection-equipment-sheets","status":"publish","type":"product","link":"https:\/\/uhmwpemanufacture.com\/es\/duty-uhmwpe-excavator-ground-protection-equipment-sheets\/","title":{"rendered":"Hojas de equipo de protecci\u00f3n del suelo para excavadoras de UHMWPE Duty"},"content":{"rendered":"<h2>Obligaci\u00f3n UHMWPE Excavadora Protecci\u00f3n del suelo Herramientas Hojas<\/h2>\n<p>Las planchas de UHMWPE para equipos de protecci\u00f3n del suelo de excavadoras se han desarrollado para ofrecer una superficie antideslizante de buena reputaci\u00f3n para maquinaria pesada en terrenos dif\u00edciles. Fabricadas con polietileno de peso molecular ultra alto, estas planchas son resistentes a los impactos, al desgaste y a las inclemencias meteorol\u00f3gicas. Su construcci\u00f3n ligera pero robusta hace que sean f\u00e1ciles de trasladar, instalar y reciclar en varias obras. Perfectas para proyectos de construcci\u00f3n, miner\u00eda y paisajismo, protegen terrenos delicados, reducen la formaci\u00f3n de surcos y aumentan la seguridad tanto de los trabajadores como de los equipos. Con una capacidad de carga excepcional, estas planchas garantizan un soporte estable para excavadoras, gr\u00faas y otra maquinaria pesada.<\/p>","protected":false},"excerpt":{"rendered":"<p>Las resistentes planchas de protecci\u00f3n del suelo para excavadoras de UHMWPE proporcionan un soporte fuerte y antideslizante para la maquinaria pesada. Ligeras, resistentes a la intemperie y reutilizables, protegen el suelo y garantizan la seguridad de las operaciones.<\/p>","protected":false},"featured_media":1479,"template":"","meta":{"_gspb_post_css":""},"product_brand":[],"product_cat":[24,27],"product_tag":[251,253,252],"class_list":{"0":"post-1476","1":"product","2":"type-product","3":"status-publish","4":"has-post-thumbnail","6":"product_cat-ground-protection-road-mats","7":"product_cat-dura-mats","8":"product_tag-ground-protection-sheets","9":"product_tag-heavy-equipment-mats","10":"product_tag-uhmwpe-excavator-mats","12":"first","13":"instock","14":"shipping-taxable","15":"product-type-simple"},"_links":{"self":[{"href":"https:\/\/uhmwpemanufacture.com\/es\/wp-json\/wp\/v2\/product\/1476","targetHints":{"allow":["GET"]}}],"collection":[{"href":"https:\/\/uhmwpemanufacture.com\/es\/wp-json\/wp\/v2\/product"}],"about":[{"href":"https:\/\/uhmwpemanufacture.com\/es\/wp-json\/wp\/v2\/types\/product"}],"wp:featuredmedia":[{"embeddable":true,"href":"https:\/\/uhmwpemanufacture.com\/es\/wp-json\/wp\/v2\/media\/1479"}],"wp:attachment":[{"href":"https:\/\/uhmwpemanufacture.com\/es\/wp-json\/wp\/v2\/media?parent=1476"}],"wp:term":[{"taxonomy":"product_brand","embeddable":true,"href":"https:\/\/uhmwpemanufacture.com\/es\/wp-json\/wp\/v2\/product_brand?post=1476"},{"taxonomy":"product_cat","embeddable":true,"href":"https:\/\/uhmwpemanufacture.com\/es\/wp-json\/wp\/v2\/product_cat?post=1476"},{"taxonomy":"product_tag","embeddable":true,"href":"https:\/\/uhmwpemanufacture.com\/es\/wp-json\/wp\/v2\/product_tag?post=1476"}],"curies":[{"name":"wp","href":"https:\/\/api.w.org\/{rel}","templated":true}]}}