{"id":1492,"date":"2025-09-28T09:57:57","date_gmt":"2025-09-28T09:57:57","guid":{"rendered":"https:\/\/uhmwpemanufacture.com\/?post_type=product&#038;p=1492"},"modified":"2025-09-28T09:57:57","modified_gmt":"2025-09-28T09:57:57","slug":"high-density-polyethylene-borated-pe-sheet-uhmwpe-sheet","status":"publish","type":"product","link":"https:\/\/uhmwpemanufacture.com\/es\/high-density-polyethylene-borated-pe-sheet-uhmwpe-sheet\/","title":{"rendered":"Polietileno de alta densidad Hoja de PE con boro Hoja de UHMWPE"},"content":{"rendered":"<h2>Hoja de polietileno de alto espesor con borato de PE Hoja de UHMWPE<\/h2>\n<p>Nuestras planchas de PE borado de polietileno de alta densidad est\u00e1n dise\u00f1adas para aplicaciones exigentes en las que la robustez y la seguridad son fundamentales. Con contenido de boro incluido, estas planchas de UHMWPE ofrecen una protecci\u00f3n excepcional contra neutrones, lo que las hace ideales para instalaciones nucleares, laboratorios y protecci\u00f3n industrial. Las planchas ofrecen una gran resistencia a los efectos, un notable rendimiento frente al desgaste y una magn\u00edfica seguridad qu\u00edmica, lo que garantiza una larga vida \u00fatil en problemas dif\u00edciles. Su maquinabilidad permite una fabricaci\u00f3n a medida para satisfacer necesidades particulares de blindaje, revestimiento y usos estructurales. Una opci\u00f3n fiable para los sectores que exigen tanto resistencia como seguridad contra las radiaciones.<\/p>","protected":false},"excerpt":{"rendered":"<p>La plancha de PE de polietileno de alta densidad borado UHMWPE proporciona una excelente resistencia al impacto, durabilidad al desgaste y blindaje contra neutrones. Ideal para aplicaciones industriales, nucleares y de protecci\u00f3n con una estabilidad qu\u00edmica y maquinabilidad superiores.<\/p>","protected":false},"featured_media":1493,"template":"","meta":{"_gspb_post_css":""},"product_brand":[],"product_cat":[15,19],"product_tag":[255,199,56],"class_list":{"0":"post-1492","1":"product","2":"type-product","3":"status-publish","4":"has-post-thumbnail","6":"product_cat-uhmwpe-hdpe-sheets-plates","7":"product_cat-lead-boron-polyethylene-plates","8":"product_tag-borated-pe-sheet","9":"product_tag-polyethylene-board","10":"product_tag-uhmwpe-sheet","12":"first","13":"instock","14":"shipping-taxable","15":"product-type-simple"},"_links":{"self":[{"href":"https:\/\/uhmwpemanufacture.com\/es\/wp-json\/wp\/v2\/product\/1492","targetHints":{"allow":["GET"]}}],"collection":[{"href":"https:\/\/uhmwpemanufacture.com\/es\/wp-json\/wp\/v2\/product"}],"about":[{"href":"https:\/\/uhmwpemanufacture.com\/es\/wp-json\/wp\/v2\/types\/product"}],"wp:featuredmedia":[{"embeddable":true,"href":"https:\/\/uhmwpemanufacture.com\/es\/wp-json\/wp\/v2\/media\/1493"}],"wp:attachment":[{"href":"https:\/\/uhmwpemanufacture.com\/es\/wp-json\/wp\/v2\/media?parent=1492"}],"wp:term":[{"taxonomy":"product_brand","embeddable":true,"href":"https:\/\/uhmwpemanufacture.com\/es\/wp-json\/wp\/v2\/product_brand?post=1492"},{"taxonomy":"product_cat","embeddable":true,"href":"https:\/\/uhmwpemanufacture.com\/es\/wp-json\/wp\/v2\/product_cat?post=1492"},{"taxonomy":"product_tag","embeddable":true,"href":"https:\/\/uhmwpemanufacture.com\/es\/wp-json\/wp\/v2\/product_tag?post=1492"}],"curies":[{"name":"wp","href":"https:\/\/api.w.org\/{rel}","templated":true}]}}