{"id":1573,"date":"2025-10-09T01:24:19","date_gmt":"2025-10-09T01:24:19","guid":{"rendered":"https:\/\/uhmwpemanufacture.com\/?post_type=product&#038;p=1573"},"modified":"2025-10-09T01:24:19","modified_gmt":"2025-10-09T01:24:19","slug":"uhmwpe-stabilizer-crane-mat-polyethylene-outrigger-pads","status":"publish","type":"product","link":"https:\/\/uhmwpemanufacture.com\/es\/uhmwpe-stabilizer-crane-mat-polyethylene-outrigger-pads\/","title":{"rendered":"Estabilizador de UHMWPE Placas de polietileno para estabilizadores de gr\u00faa"},"content":{"rendered":"<h2>Estabilizador de UHMWPE Placas de polietileno para estabilizadores de gr\u00faa<\/h2>\n<p>Estos revestimientos de suelo para gr\u00faas estabilizadoras y cojines de balanc\u00edn de UHMWPE proporcionan una resistencia, seguridad y durabilidad excepcionales para operaciones de elevaci\u00f3n de cargas pesadas. Fabricados con polietileno de peso molecular ultraalto, ofrecen una circulaci\u00f3n de la carga, una resistencia al desgaste y una eficacia resistente a la intemperie excepcionales. Ligeras pero incre\u00edblemente resistentes, estas almohadillas evitan da\u00f1os en el suelo y aumentan la seguridad de los equipos en obras de construcci\u00f3n, yacimientos petrol\u00edferos y sistemas de gr\u00faas. Con superficies antideslizantes, f\u00e1ciles de transportar y una excelente absorci\u00f3n de influencias, garantizan una asistencia fiable bajo toneladas extremas, al tiempo que mantienen una larga vida \u00fatil y un manejo muy sencillo.<\/p>","protected":false},"excerpt":{"rendered":"<p>Las zapatas estabilizadoras de polietileno UHMWPE para gr\u00faas proporcionan un excelente soporte de carga, resistencia al desgaste y estabilidad. Ligeras, duraderas y f\u00e1ciles de manejar para elevaci\u00f3n de cargas pesadas y uso en la construcci\u00f3n.<\/p>","protected":false},"featured_media":1581,"template":"","meta":{"_gspb_post_css":""},"product_brand":[],"product_cat":[15,20],"product_tag":[261,262,63],"class_list":{"0":"post-1573","1":"product","2":"type-product","3":"status-publish","4":"has-post-thumbnail","6":"product_cat-uhmwpe-hdpe-sheets-plates","7":"product_cat-crane-outrigger-pads","8":"product_tag-crane-mats","9":"product_tag-stabilizer-pad","10":"product_tag-uhmwpe-outrigger-pads","12":"first","13":"instock","14":"shipping-taxable","15":"product-type-simple"},"_links":{"self":[{"href":"https:\/\/uhmwpemanufacture.com\/es\/wp-json\/wp\/v2\/product\/1573","targetHints":{"allow":["GET"]}}],"collection":[{"href":"https:\/\/uhmwpemanufacture.com\/es\/wp-json\/wp\/v2\/product"}],"about":[{"href":"https:\/\/uhmwpemanufacture.com\/es\/wp-json\/wp\/v2\/types\/product"}],"wp:featuredmedia":[{"embeddable":true,"href":"https:\/\/uhmwpemanufacture.com\/es\/wp-json\/wp\/v2\/media\/1581"}],"wp:attachment":[{"href":"https:\/\/uhmwpemanufacture.com\/es\/wp-json\/wp\/v2\/media?parent=1573"}],"wp:term":[{"taxonomy":"product_brand","embeddable":true,"href":"https:\/\/uhmwpemanufacture.com\/es\/wp-json\/wp\/v2\/product_brand?post=1573"},{"taxonomy":"product_cat","embeddable":true,"href":"https:\/\/uhmwpemanufacture.com\/es\/wp-json\/wp\/v2\/product_cat?post=1573"},{"taxonomy":"product_tag","embeddable":true,"href":"https:\/\/uhmwpemanufacture.com\/es\/wp-json\/wp\/v2\/product_tag?post=1573"}],"curies":[{"name":"wp","href":"https:\/\/api.w.org\/{rel}","templated":true}]}}