{"id":1594,"date":"2025-10-09T01:40:19","date_gmt":"2025-10-09T01:40:19","guid":{"rendered":"https:\/\/uhmwpemanufacture.com\/?post_type=product&#038;p=1594"},"modified":"2025-10-09T01:40:19","modified_gmt":"2025-10-09T01:40:19","slug":"uhmw-pe-sheet-plate-wear-resistant-liner-support-wholesaler","status":"publish","type":"product","link":"https:\/\/uhmwpemanufacture.com\/es\/uhmw-pe-sheet-plate-wear-resistant-liner-support-wholesaler\/","title":{"rendered":"UHMW-PE Hoja Placa Resistente al Desgaste Soporte Liner Mayorista"},"content":{"rendered":"<h2>UHMW-PE Hoja de placa resistente al desgaste Forro Asistencia Mayorista<\/h2>\n<p>Las placas de l\u00e1mina de UHMW-PE est\u00e1n fabricadas para ofrecer una excepcional resistencia al desgaste, tenacidad al impacto y un rendimiento de fricci\u00f3n reducido. Dise\u00f1ados para atm\u00f3sferas industriales exigentes, estos revestimientos y placas de soporte ofrecen una excelente resistencia qu\u00edmica, protecci\u00f3n contra el \u00f3xido y una larga vida \u00fatil. Perfectos para tolvas, recept\u00e1culos, cintas transportadoras y plataformas de camiones, reducen la acumulaci\u00f3n de producto y el desgaste del equipo. Su superficie autolubricante garantiza un funcionamiento suave bajo toneladas pesadas y temperaturas extremas. Ofrecidas en tama\u00f1os y tonos personalizados, las planchas de UHMW-PE son la opci\u00f3n ideal para servicios comerciales de revestimiento celular y asistencia protectora de alto rendimiento.<\/p>","protected":false},"excerpt":{"rendered":"<p>Las planchas de UHMW-PE ofrecen una resistencia superior al desgaste, baja fricci\u00f3n y alta resistencia al impacto. Ideales para revestimientos, soportes y protecci\u00f3n industrial, garantizan un rendimiento duradero y un funcionamiento suave bajo cargas pesadas en entornos dif\u00edciles.<\/p>","protected":false},"featured_media":1595,"template":"","meta":{"_gspb_post_css":""},"product_brand":[],"product_cat":[15,17],"product_tag":[268,56,267],"class_list":{"0":"post-1594","1":"product","2":"type-product","3":"status-publish","4":"has-post-thumbnail","6":"product_cat-uhmwpe-hdpe-sheets-plates","7":"product_cat-uhmwpe-sheets","8":"product_tag-industrial-plastic","9":"product_tag-uhmwpe-sheet","10":"product_tag-wear-liner","12":"first","13":"instock","14":"shipping-taxable","15":"product-type-simple"},"_links":{"self":[{"href":"https:\/\/uhmwpemanufacture.com\/es\/wp-json\/wp\/v2\/product\/1594","targetHints":{"allow":["GET"]}}],"collection":[{"href":"https:\/\/uhmwpemanufacture.com\/es\/wp-json\/wp\/v2\/product"}],"about":[{"href":"https:\/\/uhmwpemanufacture.com\/es\/wp-json\/wp\/v2\/types\/product"}],"wp:featuredmedia":[{"embeddable":true,"href":"https:\/\/uhmwpemanufacture.com\/es\/wp-json\/wp\/v2\/media\/1595"}],"wp:attachment":[{"href":"https:\/\/uhmwpemanufacture.com\/es\/wp-json\/wp\/v2\/media?parent=1594"}],"wp:term":[{"taxonomy":"product_brand","embeddable":true,"href":"https:\/\/uhmwpemanufacture.com\/es\/wp-json\/wp\/v2\/product_brand?post=1594"},{"taxonomy":"product_cat","embeddable":true,"href":"https:\/\/uhmwpemanufacture.com\/es\/wp-json\/wp\/v2\/product_cat?post=1594"},{"taxonomy":"product_tag","embeddable":true,"href":"https:\/\/uhmwpemanufacture.com\/es\/wp-json\/wp\/v2\/product_tag?post=1594"}],"curies":[{"name":"wp","href":"https:\/\/api.w.org\/{rel}","templated":true}]}}