{"id":1599,"date":"2025-10-09T01:45:48","date_gmt":"2025-10-09T01:45:48","guid":{"rendered":"https:\/\/uhmwpemanufacture.com\/?post_type=product&#038;p=1599"},"modified":"2025-10-09T01:45:48","modified_gmt":"2025-10-09T01:45:48","slug":"custom-injection-pp-pe-plastic-nylon-tooling-distributor","status":"publish","type":"product","link":"https:\/\/uhmwpemanufacture.com\/es\/custom-injection-pp-pe-plastic-nylon-tooling-distributor\/","title":{"rendered":"Distribuidor de herramientas de inyecci\u00f3n de pl\u00e1stico PP PE nylon a medida"},"content":{"rendered":"<h2>Representante de herramientas de pl\u00e1stico PP PE nylon a medida<\/h2>\n<p>Las piezas de inyecci\u00f3n a medida de PP, PE y nailon est\u00e1n dise\u00f1adas con precisi\u00f3n para satisfacer diversas necesidades industriales. Fabricados mediante una sofisticada tecnolog\u00eda de moldeo por inyecci\u00f3n, estos componentes ofrecen una dureza, seguridad dimensional y resistencia qu\u00edmica excepcionales. Ideales para autom\u00f3viles, equipos, electr\u00f3nica y art\u00edculos de consumo, ofrecen un rendimiento acreditado en aplicaciones muy solicitadas. El utillaje garantiza una forma exacta, tolerancias ajustadas y una calidad regular en todos los lotes de fabricaci\u00f3n. Disponibles en diferentes colores y superficies, estas piezas de pl\u00e1stico y nailon son excelentes para dise\u00f1os personalizados, prototipos y grandes vol\u00famenes de producci\u00f3n.<\/p>","protected":false},"excerpt":{"rendered":"<p>Las piezas de utillaje de inyecci\u00f3n a medida de PP, PE y nailon ofrecen una gran resistencia, precisi\u00f3n y resistencia qu\u00edmica. Ideales para aplicaciones de automoci\u00f3n, maquinaria y electr\u00f3nica, garantizan una calidad y durabilidad constantes para dise\u00f1os personalizados y necesidades de producci\u00f3n en serie.<\/p>","protected":false},"featured_media":1600,"template":"","meta":{"_gspb_post_css":""},"product_brand":[],"product_cat":[35],"product_tag":[269,270,271],"class_list":{"0":"post-1599","1":"product","2":"type-product","3":"status-publish","4":"has-post-thumbnail","6":"product_cat-pp-pe-products","7":"product_tag-injection-molding","8":"product_tag-nylon-parts","9":"product_tag-plastic-tooling","11":"first","12":"instock","13":"shipping-taxable","14":"product-type-simple"},"_links":{"self":[{"href":"https:\/\/uhmwpemanufacture.com\/es\/wp-json\/wp\/v2\/product\/1599","targetHints":{"allow":["GET"]}}],"collection":[{"href":"https:\/\/uhmwpemanufacture.com\/es\/wp-json\/wp\/v2\/product"}],"about":[{"href":"https:\/\/uhmwpemanufacture.com\/es\/wp-json\/wp\/v2\/types\/product"}],"wp:featuredmedia":[{"embeddable":true,"href":"https:\/\/uhmwpemanufacture.com\/es\/wp-json\/wp\/v2\/media\/1600"}],"wp:attachment":[{"href":"https:\/\/uhmwpemanufacture.com\/es\/wp-json\/wp\/v2\/media?parent=1599"}],"wp:term":[{"taxonomy":"product_brand","embeddable":true,"href":"https:\/\/uhmwpemanufacture.com\/es\/wp-json\/wp\/v2\/product_brand?post=1599"},{"taxonomy":"product_cat","embeddable":true,"href":"https:\/\/uhmwpemanufacture.com\/es\/wp-json\/wp\/v2\/product_cat?post=1599"},{"taxonomy":"product_tag","embeddable":true,"href":"https:\/\/uhmwpemanufacture.com\/es\/wp-json\/wp\/v2\/product_tag?post=1599"}],"curies":[{"name":"wp","href":"https:\/\/api.w.org\/{rel}","templated":true}]}}