{"id":1617,"date":"2025-10-09T02:00:30","date_gmt":"2025-10-09T02:00:30","guid":{"rendered":"https:\/\/uhmwpemanufacture.com\/?post_type=product&#038;p=1617"},"modified":"2025-10-09T02:00:30","modified_gmt":"2025-10-09T02:00:30","slug":"gravel-road-road-heavy-duty-track-mats-roadway-access-mats","status":"publish","type":"product","link":"https:\/\/uhmwpemanufacture.com\/es\/gravel-road-road-heavy-duty-track-mats-roadway-access-mats\/","title":{"rendered":"Alfombrillas de grava para v\u00edas de servicio pesado Alfombrillas de acceso a carreteras"},"content":{"rendered":"<h2>Pavimentos de acceso a autopistas Pavimentos de acceso a autopistas<\/h2>\n<p>Los revestimientos de suelos para carreteras de roca triturada y v\u00edas de servicio pesado proporcionan una seguridad s\u00f3lida, estable y reciclable del suelo para equipos pesados y camiones. Fabricados con polietileno de alta densidad (HDPE), estos revestimientos de suelos para accesos a carreteras est\u00e1n hechos para soportar cargas extremas, detener los da\u00f1os al suelo y garantizar un paso sin riesgos por superficies blandas o irregulares. Ideales para obras, yacimientos petrol\u00edferos, ocasiones y carreteras temporales, incluyen superficies antideslizantes y enlaces de f\u00e1cil enclavamiento para una instalaci\u00f3n r\u00e1pida. Duraderos, resistentes a la intemperie y f\u00e1ciles de limpiar, estos revestimientos de suelo son una opci\u00f3n fiable para crear superficies de trabajo estables en entornos dif\u00edciles.<\/p>","protected":false},"excerpt":{"rendered":"<p>Las alfombras de grava de alta resistencia proporcionan una protecci\u00f3n del suelo fuerte y estable para veh\u00edculos y equipos pesados. Fabricadas con polietileno de alta densidad duradero, resisten los impactos, la intemperie y el desgaste, y son ideales para la construcci\u00f3n, los yacimientos petrol\u00edferos y las v\u00edas de acceso temporales.<\/p>","protected":false},"featured_media":1619,"template":"","meta":{"_gspb_post_css":""},"product_brand":[],"product_cat":[24,27],"product_tag":[139,200,278],"class_list":{"0":"post-1617","1":"product","2":"type-product","3":"status-publish","4":"has-post-thumbnail","6":"product_cat-ground-protection-road-mats","7":"product_cat-dura-mats","8":"product_tag-ground-protection","9":"product_tag-hdpe-track-mats","10":"product_tag-road-mats","12":"first","13":"instock","14":"shipping-taxable","15":"product-type-simple"},"_links":{"self":[{"href":"https:\/\/uhmwpemanufacture.com\/es\/wp-json\/wp\/v2\/product\/1617","targetHints":{"allow":["GET"]}}],"collection":[{"href":"https:\/\/uhmwpemanufacture.com\/es\/wp-json\/wp\/v2\/product"}],"about":[{"href":"https:\/\/uhmwpemanufacture.com\/es\/wp-json\/wp\/v2\/types\/product"}],"wp:featuredmedia":[{"embeddable":true,"href":"https:\/\/uhmwpemanufacture.com\/es\/wp-json\/wp\/v2\/media\/1619"}],"wp:attachment":[{"href":"https:\/\/uhmwpemanufacture.com\/es\/wp-json\/wp\/v2\/media?parent=1617"}],"wp:term":[{"taxonomy":"product_brand","embeddable":true,"href":"https:\/\/uhmwpemanufacture.com\/es\/wp-json\/wp\/v2\/product_brand?post=1617"},{"taxonomy":"product_cat","embeddable":true,"href":"https:\/\/uhmwpemanufacture.com\/es\/wp-json\/wp\/v2\/product_cat?post=1617"},{"taxonomy":"product_tag","embeddable":true,"href":"https:\/\/uhmwpemanufacture.com\/es\/wp-json\/wp\/v2\/product_tag?post=1617"}],"curies":[{"name":"wp","href":"https:\/\/api.w.org\/{rel}","templated":true}]}}