{"id":1620,"date":"2025-10-09T02:39:18","date_gmt":"2025-10-09T02:39:18","guid":{"rendered":"https:\/\/uhmwpemanufacture.com\/?post_type=product&#038;p=1620"},"modified":"2025-10-09T02:39:18","modified_gmt":"2025-10-09T02:39:18","slug":"hdpe-lightweight-ground-traction-ground-protection-base-mats","status":"publish","type":"product","link":"https:\/\/uhmwpemanufacture.com\/es\/hdpe-lightweight-ground-traction-ground-protection-base-mats\/","title":{"rendered":"Alfombrillas de base de tracci\u00f3n al suelo ligeras de HDPE"},"content":{"rendered":"<h2>Alfombrillas de base de seguridad ligeras de HDPE con agarre al suelo<\/h2>\n<p>Las alfombrillas base de protecci\u00f3n del suelo ligeras de polietileno de alta densidad est\u00e1n dise\u00f1adas para proporcionar un soporte s\u00f3lido y seguro para autom\u00f3viles y equipos en superficies blandas o desiguales. Fabricados en polietileno de alta densidad, estos revestimientos de suelo presentan una superficie de tracci\u00f3n antideslizante que garantiza la seguridad y evita da\u00f1os en el suelo. Son el\u00e1sticos, resistentes a la intemperie y f\u00e1ciles de instalar, lo que los hace id\u00f3neos para la construcci\u00f3n, eventos y v\u00edas de acceso de corta duraci\u00f3n. Su dise\u00f1o ligero permite una configuraci\u00f3n y un transporte r\u00e1pidos, mientras que el sistema de enclavamiento ofrece una conexi\u00f3n segura para conseguir superficies de trabajo estables. Perfectas para proteger el c\u00e9sped, la roca triturada o la tierra en ambientes exigentes.<\/p>","protected":false},"excerpt":{"rendered":"<p>Las alfombras base ligeras de HDPE para protecci\u00f3n del suelo proporcionan un soporte estable y antideslizante para veh\u00edculos y equipos. Duraderas, reutilizables y f\u00e1ciles de instalar, evitan da\u00f1os al suelo en obras, eventos y terrenos blandos. Ideales para carreteras y zonas de trabajo temporales.<\/p>","protected":false},"featured_media":1622,"template":"","meta":{"_gspb_post_css":""},"product_brand":[],"product_cat":[24,26],"product_tag":[72,279,280],"class_list":{"0":"post-1620","1":"product","2":"type-product","3":"status-publish","4":"has-post-thumbnail","6":"product_cat-ground-protection-road-mats","7":"product_cat-base-mats","8":"product_tag-ground-protection-mats","9":"product_tag-hdpe-base-mats","10":"product_tag-traction-mats","12":"first","13":"instock","14":"shipping-taxable","15":"product-type-simple"},"_links":{"self":[{"href":"https:\/\/uhmwpemanufacture.com\/es\/wp-json\/wp\/v2\/product\/1620","targetHints":{"allow":["GET"]}}],"collection":[{"href":"https:\/\/uhmwpemanufacture.com\/es\/wp-json\/wp\/v2\/product"}],"about":[{"href":"https:\/\/uhmwpemanufacture.com\/es\/wp-json\/wp\/v2\/types\/product"}],"wp:featuredmedia":[{"embeddable":true,"href":"https:\/\/uhmwpemanufacture.com\/es\/wp-json\/wp\/v2\/media\/1622"}],"wp:attachment":[{"href":"https:\/\/uhmwpemanufacture.com\/es\/wp-json\/wp\/v2\/media?parent=1620"}],"wp:term":[{"taxonomy":"product_brand","embeddable":true,"href":"https:\/\/uhmwpemanufacture.com\/es\/wp-json\/wp\/v2\/product_brand?post=1620"},{"taxonomy":"product_cat","embeddable":true,"href":"https:\/\/uhmwpemanufacture.com\/es\/wp-json\/wp\/v2\/product_cat?post=1620"},{"taxonomy":"product_tag","embeddable":true,"href":"https:\/\/uhmwpemanufacture.com\/es\/wp-json\/wp\/v2\/product_tag?post=1620"}],"curies":[{"name":"wp","href":"https:\/\/api.w.org\/{rel}","templated":true}]}}