{"id":1625,"date":"2025-10-09T02:46:57","date_gmt":"2025-10-09T02:46:57","guid":{"rendered":"https:\/\/uhmwpemanufacture.com\/?post_type=product&#038;p=1625"},"modified":"2025-10-09T02:46:57","modified_gmt":"2025-10-09T02:46:57","slug":"hdpe-polyethylene-borated-board-uhmwpe-sheet-plastic-sheets","status":"publish","type":"product","link":"https:\/\/uhmwpemanufacture.com\/es\/hdpe-polyethylene-borated-board-uhmwpe-sheet-plastic-sheets\/","title":{"rendered":"HDPE Polietileno Borated Board UHMWPE Sheet Plastic Sheets"},"content":{"rendered":"<h2>HDPE Polietileno Borated Board UHMWPE Sheet Plastic Sheets<\/h2>\n<p>Las planchas de polietileno de alta densidad con boro y las planchas de UHMWPE est\u00e1n dise\u00f1adas para ofrecer una dureza, una resistencia al desgaste y un blindaje contra las radiaciones extraordinarios. Con una infusi\u00f3n de boro, estas planchas ofrecen una magn\u00edfica absorci\u00f3n de neutrones, lo que las hace excelentes para aplicaciones nucleares, cl\u00ednicas y de protecci\u00f3n. Su reducida fricci\u00f3n, alta resistencia a los efectos y seguridad qu\u00edmica garantizan una resistencia duradera en entornos severos. F\u00e1ciles de mecanizar y fabricar, son adecuados para revestimiento, blindaje y protecci\u00f3n estructural. Estas planchas de pl\u00e1stico, que se ofrecen en densidades y dimensiones personalizadas, ofrecen un rendimiento acreditado con propiedades residenciales mec\u00e1nicas y de seguridad excepcionales.<\/p>","protected":false},"excerpt":{"rendered":"<p>Las placas boradas de polietileno de alta densidad y las planchas de UHMWPE proporcionan una excelente resistencia al desgaste, solidez y blindaje contra las radiaciones. Ideales para uso m\u00e9dico, nuclear e industrial, ofrecen baja fricci\u00f3n, alto rendimiento ante impactos y estabilidad qu\u00edmica para una protecci\u00f3n a largo plazo.<\/p>","protected":false},"featured_media":1629,"template":"","meta":{"_gspb_post_css":""},"product_brand":[],"product_cat":[15,19],"product_tag":[281,260,56],"class_list":{"0":"post-1625","1":"product","2":"type-product","3":"status-publish","4":"has-post-thumbnail","6":"product_cat-uhmwpe-hdpe-sheets-plates","7":"product_cat-lead-boron-polyethylene-plates","8":"product_tag-borated-polyethylene","9":"product_tag-radiation-shielding","10":"product_tag-uhmwpe-sheet","12":"first","13":"instock","14":"shipping-taxable","15":"product-type-simple"},"_links":{"self":[{"href":"https:\/\/uhmwpemanufacture.com\/es\/wp-json\/wp\/v2\/product\/1625","targetHints":{"allow":["GET"]}}],"collection":[{"href":"https:\/\/uhmwpemanufacture.com\/es\/wp-json\/wp\/v2\/product"}],"about":[{"href":"https:\/\/uhmwpemanufacture.com\/es\/wp-json\/wp\/v2\/types\/product"}],"wp:featuredmedia":[{"embeddable":true,"href":"https:\/\/uhmwpemanufacture.com\/es\/wp-json\/wp\/v2\/media\/1629"}],"wp:attachment":[{"href":"https:\/\/uhmwpemanufacture.com\/es\/wp-json\/wp\/v2\/media?parent=1625"}],"wp:term":[{"taxonomy":"product_brand","embeddable":true,"href":"https:\/\/uhmwpemanufacture.com\/es\/wp-json\/wp\/v2\/product_brand?post=1625"},{"taxonomy":"product_cat","embeddable":true,"href":"https:\/\/uhmwpemanufacture.com\/es\/wp-json\/wp\/v2\/product_cat?post=1625"},{"taxonomy":"product_tag","embeddable":true,"href":"https:\/\/uhmwpemanufacture.com\/es\/wp-json\/wp\/v2\/product_tag?post=1625"}],"curies":[{"name":"wp","href":"https:\/\/api.w.org\/{rel}","templated":true}]}}