{"id":1650,"date":"2025-10-09T03:03:20","date_gmt":"2025-10-09T03:03:20","guid":{"rendered":"https:\/\/uhmwpemanufacture.com\/?post_type=product&#038;p=1650"},"modified":"2025-10-09T03:03:20","modified_gmt":"2025-10-09T03:03:20","slug":"polypropylene-professional-printed-plastic-manufacturer","status":"publish","type":"product","link":"https:\/\/uhmwpemanufacture.com\/es\/polypropylene-professional-printed-plastic-manufacturer\/","title":{"rendered":"Polipropileno Fabricante profesional de pl\u00e1stico impreso"},"content":{"rendered":"<h2>Proveedor especializado en polipropileno impreso<\/h2>\n<p>Las planchas de pl\u00e1stico impresas de polipropileno son materiales resistentes, ligeros y funcionales desarrollados para aplicaciones est\u00e9ticas de alta calidad. Fabricadas con tecnolog\u00eda de impresi\u00f3n de precisi\u00f3n, estas l\u00e1minas utilizan colores vivos, una claridad excepcional y una fuerte adherencia para dise\u00f1os duraderos. Inmunes a la humedad, los productos qu\u00edmicos y los efectos, las planchas de polipropileno son ideales para r\u00f3tulos, embalajes de productos, pantallas y materiales de marketing. Su superficie lisa garantiza una impresi\u00f3n, reducci\u00f3n y fabricaci\u00f3n muy sencillas. Respetuosos con el medio ambiente y reciclables, estos pl\u00e1sticos integran la funcionalidad con el encanto est\u00e9tico, lo que los convierte en una elecci\u00f3n fiable para aplicaciones industriales, comerciales y publicitarias.<\/p>","protected":false},"excerpt":{"rendered":"<p>Las planchas de pl\u00e1stico impresas de polipropileno ofrecen durabilidad, flexibilidad y una calidad de impresi\u00f3n vibrante. Ideales para se\u00f1alizaci\u00f3n, envases y expositores, resisten la humedad y los productos qu\u00edmicos a la vez que ofrecen una superficie lisa y f\u00e1cil de imprimir para aplicaciones profesionales duraderas.<\/p>","protected":false},"featured_media":1653,"template":"","meta":{"_gspb_post_css":""},"product_brand":[],"product_cat":[35],"product_tag":[285,286,287],"class_list":{"0":"post-1650","1":"product","2":"type-product","3":"status-publish","4":"has-post-thumbnail","6":"product_cat-pp-pe-products","7":"product_tag-polypropylene-sheet","8":"product_tag-printed-plastic","9":"product_tag-signage-material","11":"first","12":"instock","13":"shipping-taxable","14":"product-type-simple"},"_links":{"self":[{"href":"https:\/\/uhmwpemanufacture.com\/es\/wp-json\/wp\/v2\/product\/1650","targetHints":{"allow":["GET"]}}],"collection":[{"href":"https:\/\/uhmwpemanufacture.com\/es\/wp-json\/wp\/v2\/product"}],"about":[{"href":"https:\/\/uhmwpemanufacture.com\/es\/wp-json\/wp\/v2\/types\/product"}],"wp:featuredmedia":[{"embeddable":true,"href":"https:\/\/uhmwpemanufacture.com\/es\/wp-json\/wp\/v2\/media\/1653"}],"wp:attachment":[{"href":"https:\/\/uhmwpemanufacture.com\/es\/wp-json\/wp\/v2\/media?parent=1650"}],"wp:term":[{"taxonomy":"product_brand","embeddable":true,"href":"https:\/\/uhmwpemanufacture.com\/es\/wp-json\/wp\/v2\/product_brand?post=1650"},{"taxonomy":"product_cat","embeddable":true,"href":"https:\/\/uhmwpemanufacture.com\/es\/wp-json\/wp\/v2\/product_cat?post=1650"},{"taxonomy":"product_tag","embeddable":true,"href":"https:\/\/uhmwpemanufacture.com\/es\/wp-json\/wp\/v2\/product_tag?post=1650"}],"curies":[{"name":"wp","href":"https:\/\/api.w.org\/{rel}","templated":true}]}}