{"id":1654,"date":"2025-10-09T03:08:50","date_gmt":"2025-10-09T03:08:50","guid":{"rendered":"https:\/\/uhmwpemanufacture.com\/?post_type=product&#038;p=1654"},"modified":"2025-10-09T03:08:50","modified_gmt":"2025-10-09T03:08:50","slug":"uhmwpe-hdpe-plastic-thick-hockeyicerink-dasher-boards","status":"publish","type":"product","link":"https:\/\/uhmwpemanufacture.com\/es\/uhmwpe-hdpe-plastic-thick-hockeyicerink-dasher-boards\/","title":{"rendered":"Uhmwpe HDPE Pl\u00e1stico Grueso Hockey(Hielo)pista dasher tablas"},"content":{"rendered":"<h2>UHMWPE HDPE Pl\u00e1stico Grueso Hockey (Hielo) Pista Dasher Tablas<\/h2>\n<p>Los tableros de pl\u00e1stico grueso UHMWPE y HDPE se han desarrollado para ofrecer la m\u00e1xima durabilidad, resistencia a las influencias y eficacia en pistas de hielo y hockey. Creadas para soportar colisiones de alto impacto, estas placas ofrecen una excelente versatilidad, resistencia a la intemperie y una superficie constante para un juego fren\u00e9tico. Su superficie antiadherente y de baja fricci\u00f3n garantiza un movimiento suave del disco y un mantenimiento muy sencillo. Ideales para sectores expertos, centros de entrenamiento y pistas de ocio, ofrecen una integridad resistente tanto en interiores como en exteriores. Ligeros pero resistentes, estos tableros son muy f\u00e1ciles de montar y personalizar para sistemas de pistas m\u00f3viles o de larga duraci\u00f3n.<\/p>","protected":false},"excerpt":{"rendered":"<p>Los tableros gruesos de UHMWPE y HDPE para pistas de hockey ofrecen una gran resistencia a los impactos, un deslizamiento suave del disco y una larga durabilidad. Ideales para pistas de hielo, instalaciones de entrenamiento y estadios, garantizan seguridad, resistencia y facilidad de instalaci\u00f3n tanto en interiores como en exteriores.<\/p>","protected":false},"featured_media":1656,"template":"","meta":{"_gspb_post_css":""},"product_brand":[],"product_cat":[29,30],"product_tag":[288,81,289],"class_list":{"0":"post-1654","1":"product","2":"type-product","3":"status-publish","4":"has-post-thumbnail","6":"product_cat-ice-rink-products","7":"product_cat-hockey-ice-rink-dasher-boards","8":"product_tag-hdpe-rink-boards","9":"product_tag-hockey-dasher-boards","10":"product_tag-uhmwpe-panels","12":"first","13":"instock","14":"shipping-taxable","15":"product-type-simple"},"_links":{"self":[{"href":"https:\/\/uhmwpemanufacture.com\/es\/wp-json\/wp\/v2\/product\/1654","targetHints":{"allow":["GET"]}}],"collection":[{"href":"https:\/\/uhmwpemanufacture.com\/es\/wp-json\/wp\/v2\/product"}],"about":[{"href":"https:\/\/uhmwpemanufacture.com\/es\/wp-json\/wp\/v2\/types\/product"}],"wp:featuredmedia":[{"embeddable":true,"href":"https:\/\/uhmwpemanufacture.com\/es\/wp-json\/wp\/v2\/media\/1656"}],"wp:attachment":[{"href":"https:\/\/uhmwpemanufacture.com\/es\/wp-json\/wp\/v2\/media?parent=1654"}],"wp:term":[{"taxonomy":"product_brand","embeddable":true,"href":"https:\/\/uhmwpemanufacture.com\/es\/wp-json\/wp\/v2\/product_brand?post=1654"},{"taxonomy":"product_cat","embeddable":true,"href":"https:\/\/uhmwpemanufacture.com\/es\/wp-json\/wp\/v2\/product_cat?post=1654"},{"taxonomy":"product_tag","embeddable":true,"href":"https:\/\/uhmwpemanufacture.com\/es\/wp-json\/wp\/v2\/product_tag?post=1654"}],"curies":[{"name":"wp","href":"https:\/\/api.w.org\/{rel}","templated":true}]}}