{"id":1661,"date":"2025-10-09T06:14:31","date_gmt":"2025-10-09T06:14:31","guid":{"rendered":"https:\/\/uhmwpemanufacture.com\/?post_type=product&#038;p=1661"},"modified":"2025-10-09T06:14:31","modified_gmt":"2025-10-09T06:14:31","slug":"uhmwpe-paving-board-ground-protection-panel-dura-mats-dealer","status":"publish","type":"product","link":"https:\/\/uhmwpemanufacture.com\/es\/uhmwpe-paving-board-ground-protection-panel-dura-mats-dealer\/","title":{"rendered":"Uhmwpe Tablero de Pavimentaci\u00f3n Panel de Protecci\u00f3n del Suelo Dura Mats Distribuidor"},"content":{"rendered":"<h2>Uhmwpe Tablero de pavimentaci\u00f3n Panel de defensa del suelo Dura Mats Concesionario<\/h2>\n<p>Las planchas de pavimentaci\u00f3n de Uhmwpe est\u00e1n dise\u00f1adas para una s\u00f3lida protecci\u00f3n del suelo en la construcci\u00f3n, yacimientos petrol\u00edferos y obras ocasionales. Estas Dura Mats est\u00e1n fabricadas con polietileno de peso molecular ultra alto, lo que les confiere una notable solidez, resistencia a los impactos y adaptabilidad. Su superficie rub\u00ed antideslizante garantiza una tracci\u00f3n segura para camiones y maquinaria en superficies blandas o desiguales. Ligeras pero resistentes, son f\u00e1ciles de instalar, reutilizables e inmunes al agua, la corrosi\u00f3n y las temperaturas extremas. Perfectos para crear carreteras temporales, sistemas de trabajo o recorridos de accesibilidad, estos paneles proporcionan una seguridad de superficie fiable y una eficiencia duradera que se busca en los ambientes.<\/p>","protected":false},"excerpt":{"rendered":"<p>Las duraderas planchas de pavimento de UHMWPE proporcionan protecci\u00f3n resistente para veh\u00edculos y maquinaria en superficies blandas o irregulares. Dise\u00f1adas con una textura de diamante antideslizante, estas Dura Mats son ligeras, reutilizables y resistentes a los impactos, la corrosi\u00f3n y las inclemencias meteorol\u00f3gicas, ideales para la construcci\u00f3n y las zonas de trabajo al aire libre.<\/p>","protected":false},"featured_media":1677,"template":"","meta":{"_gspb_post_css":""},"product_brand":[],"product_cat":[24,27],"product_tag":[295,296,138],"class_list":{"0":"post-1661","1":"product","2":"type-product","3":"status-publish","4":"has-post-thumbnail","6":"product_cat-ground-protection-road-mats","7":"product_cat-dura-mats","8":"product_tag-ground-protection-board","9":"product_tag-temporary-road-panel","10":"product_tag-uhmwpe-mats","12":"first","13":"instock","14":"shipping-taxable","15":"product-type-simple"},"_links":{"self":[{"href":"https:\/\/uhmwpemanufacture.com\/es\/wp-json\/wp\/v2\/product\/1661","targetHints":{"allow":["GET"]}}],"collection":[{"href":"https:\/\/uhmwpemanufacture.com\/es\/wp-json\/wp\/v2\/product"}],"about":[{"href":"https:\/\/uhmwpemanufacture.com\/es\/wp-json\/wp\/v2\/types\/product"}],"wp:featuredmedia":[{"embeddable":true,"href":"https:\/\/uhmwpemanufacture.com\/es\/wp-json\/wp\/v2\/media\/1677"}],"wp:attachment":[{"href":"https:\/\/uhmwpemanufacture.com\/es\/wp-json\/wp\/v2\/media?parent=1661"}],"wp:term":[{"taxonomy":"product_brand","embeddable":true,"href":"https:\/\/uhmwpemanufacture.com\/es\/wp-json\/wp\/v2\/product_brand?post=1661"},{"taxonomy":"product_cat","embeddable":true,"href":"https:\/\/uhmwpemanufacture.com\/es\/wp-json\/wp\/v2\/product_cat?post=1661"},{"taxonomy":"product_tag","embeddable":true,"href":"https:\/\/uhmwpemanufacture.com\/es\/wp-json\/wp\/v2\/product_tag?post=1661"}],"curies":[{"name":"wp","href":"https:\/\/api.w.org\/{rel}","templated":true}]}}