{"id":1662,"date":"2025-10-09T04:01:23","date_gmt":"2025-10-09T04:01:23","guid":{"rendered":"https:\/\/uhmwpemanufacture.com\/?post_type=product&#038;p=1662"},"modified":"2025-10-09T04:01:23","modified_gmt":"2025-10-09T04:01:23","slug":"uhmwpe-dura-hdpe-rig-mats-temporary-paving-board-supplier","status":"publish","type":"product","link":"https:\/\/uhmwpemanufacture.com\/es\/uhmwpe-dura-hdpe-rig-mats-temporary-paving-board-supplier\/","title":{"rendered":"Uhmwpe Dura HDPE Rig Mats Tablero de pavimentaci\u00f3n temporal Proveedor"},"content":{"rendered":"<h2>Uhmwpe Dura HDPE Rig Mats - Opci\u00f3n de pavimentaci\u00f3n temporal duradera<\/h2>\n<p>Los revestimientos de suelo Uhmwpe Dura HDPE rig proporcionan una superficie resistente y reciclable para carreteras de corta duraci\u00f3n de uso intensivo, acceso a obras y soporte de maquinaria. Fabricadas con polietileno de alta densidad, estas alfombrillas resisten el \u00f3xido, los productos qu\u00edmicos y las condiciones clim\u00e1ticas adversas. Su distintiva superficie rub\u00ed garantiza un agarre excepcional, mientras que los cortes de precisi\u00f3n permiten un transporte y una instalaci\u00f3n sencillos. Adecuadas para la construcci\u00f3n, yacimientos petrol\u00edferos y eventos en exteriores, estas din\u00e1micas planchas naranjas, ecol\u00f3gicas y rojas integran resistencia, flexibilidad y una larga vida \u00fatil para una seguridad fiable en el suelo.<\/p>","protected":false},"excerpt":{"rendered":"<p>Las esteras para plataformas de HDPE de alta resistencia proporcionan calzadas temporales estables y plataformas de trabajo para la construcci\u00f3n, yacimientos petrol\u00edferos y eventos. Resistentes a los impactos, la corrosi\u00f3n y las temperaturas extremas, estas coloridas placas de pavimento garantizan una tracci\u00f3n fiable y una instalaci\u00f3n sencilla para una protecci\u00f3n todoterreno.<\/p>","protected":false},"featured_media":1665,"template":"","meta":{"_gspb_post_css":""},"product_brand":[],"product_cat":[24,27],"product_tag":[139,290,291],"class_list":{"0":"post-1662","1":"product","2":"type-product","3":"status-publish","4":"has-post-thumbnail","6":"product_cat-ground-protection-road-mats","7":"product_cat-dura-mats","8":"product_tag-ground-protection","9":"product_tag-hdpe-rig-mats","10":"product_tag-temporary-paving-board","12":"first","13":"instock","14":"shipping-taxable","15":"product-type-simple"},"_links":{"self":[{"href":"https:\/\/uhmwpemanufacture.com\/es\/wp-json\/wp\/v2\/product\/1662","targetHints":{"allow":["GET"]}}],"collection":[{"href":"https:\/\/uhmwpemanufacture.com\/es\/wp-json\/wp\/v2\/product"}],"about":[{"href":"https:\/\/uhmwpemanufacture.com\/es\/wp-json\/wp\/v2\/types\/product"}],"wp:featuredmedia":[{"embeddable":true,"href":"https:\/\/uhmwpemanufacture.com\/es\/wp-json\/wp\/v2\/media\/1665"}],"wp:attachment":[{"href":"https:\/\/uhmwpemanufacture.com\/es\/wp-json\/wp\/v2\/media?parent=1662"}],"wp:term":[{"taxonomy":"product_brand","embeddable":true,"href":"https:\/\/uhmwpemanufacture.com\/es\/wp-json\/wp\/v2\/product_brand?post=1662"},{"taxonomy":"product_cat","embeddable":true,"href":"https:\/\/uhmwpemanufacture.com\/es\/wp-json\/wp\/v2\/product_cat?post=1662"},{"taxonomy":"product_tag","embeddable":true,"href":"https:\/\/uhmwpemanufacture.com\/es\/wp-json\/wp\/v2\/product_tag?post=1662"}],"curies":[{"name":"wp","href":"https:\/\/api.w.org\/{rel}","templated":true}]}}