{"id":1666,"date":"2025-10-09T06:07:39","date_gmt":"2025-10-09T06:07:39","guid":{"rendered":"https:\/\/uhmwpemanufacture.com\/?post_type=product&#038;p=1666"},"modified":"2025-10-09T06:07:39","modified_gmt":"2025-10-09T06:07:39","slug":"uhmwpe-hockey-rink-dasher-board-custom-cut-pe-wholesaler","status":"publish","type":"product","link":"https:\/\/uhmwpemanufacture.com\/es\/uhmwpe-hockey-rink-dasher-board-custom-cut-pe-wholesaler\/","title":{"rendered":"UHMWPE Pista de Hockey Dasher Junta de corte personalizado PE Mayorista"},"content":{"rendered":"<h2>UHMWPE Pista de Hockey Dasher Junta de corte personalizado PE Mayorista<\/h2>\n<p>Las planchas de UHMWPE para pistas de hockey se han desarrollado para campos profesionales y de ocio, y ofrecen una robustez y una resistencia a los impactos extraordinarias. Fabricadas con polietileno de peso molecular ultraalto, estas placas ofrecen una superficie lisa y antiadherente que reduce el roce del disco y el riesgo de lesiones de los jugadores. Las alternativas de corte a medida permiten una instalaci\u00f3n flexible tanto en pistas interiores como exteriores. Con una eficacia resistente a la intemperie y al agrietamiento, estos paneles de PE garantizan un uso duradero en entornos exigentes, lo que los convierte en la elecci\u00f3n perfecta para instalaciones deportivas, instalaciones de patinaje y sectores de entrenamiento que buscan una opci\u00f3n de obst\u00e1culo para pistas fiable y de bajo mantenimiento.<\/p>","protected":false},"excerpt":{"rendered":"<p>Las planchas de UHMWPE de alta calidad para pistas de hockey ofrecen una superficie lisa y duradera, ideal para pistas de hielo y campos de entrenamiento. Resistentes a los impactos, las grietas y el desgaste, estas planchas de PE garantizan un excelente deslizamiento del disco y la seguridad de los jugadores. Tama\u00f1os personalizados disponibles para uso profesional y recreativo.<\/p>","protected":false},"featured_media":1668,"template":"","meta":{"_gspb_post_css":""},"product_brand":[],"product_cat":[29,30],"product_tag":[294,292,293],"class_list":{"0":"post-1666","1":"product","2":"type-product","3":"status-publish","4":"has-post-thumbnail","6":"product_cat-ice-rink-products","7":"product_cat-hockey-ice-rink-dasher-boards","8":"product_tag-custom-pe-board","9":"product_tag-hockey-dasher-board","10":"product_tag-uhmwpe-rink-panel","12":"first","13":"instock","14":"shipping-taxable","15":"product-type-simple"},"_links":{"self":[{"href":"https:\/\/uhmwpemanufacture.com\/es\/wp-json\/wp\/v2\/product\/1666","targetHints":{"allow":["GET"]}}],"collection":[{"href":"https:\/\/uhmwpemanufacture.com\/es\/wp-json\/wp\/v2\/product"}],"about":[{"href":"https:\/\/uhmwpemanufacture.com\/es\/wp-json\/wp\/v2\/types\/product"}],"wp:featuredmedia":[{"embeddable":true,"href":"https:\/\/uhmwpemanufacture.com\/es\/wp-json\/wp\/v2\/media\/1668"}],"wp:attachment":[{"href":"https:\/\/uhmwpemanufacture.com\/es\/wp-json\/wp\/v2\/media?parent=1666"}],"wp:term":[{"taxonomy":"product_brand","embeddable":true,"href":"https:\/\/uhmwpemanufacture.com\/es\/wp-json\/wp\/v2\/product_brand?post=1666"},{"taxonomy":"product_cat","embeddable":true,"href":"https:\/\/uhmwpemanufacture.com\/es\/wp-json\/wp\/v2\/product_cat?post=1666"},{"taxonomy":"product_tag","embeddable":true,"href":"https:\/\/uhmwpemanufacture.com\/es\/wp-json\/wp\/v2\/product_tag?post=1666"}],"curies":[{"name":"wp","href":"https:\/\/api.w.org\/{rel}","templated":true}]}}