{"id":1678,"date":"2025-10-09T06:17:38","date_gmt":"2025-10-09T06:17:38","guid":{"rendered":"https:\/\/uhmwpemanufacture.com\/?post_type=product&#038;p=1678"},"modified":"2025-10-09T06:17:38","modified_gmt":"2025-10-09T06:17:38","slug":"custom-hdpe-polyethylene-lead-boron-board-sheet-exporter","status":"publish","type":"product","link":"https:\/\/uhmwpemanufacture.com\/es\/custom-hdpe-polyethylene-lead-boron-board-sheet-exporter\/","title":{"rendered":"Hoja de encargo del tablero del boro del plomo del polietileno de HDPE Exportador"},"content":{"rendered":"<h2>Hoja de encargo del tablero del boro del plomo del polietileno de HDPE Exportador<\/h2>\n<p>Las planchas personalizadas de polietileno de alta densidad con boro de plomo se fabrican para aplicaciones de alta seguridad contra la radiaci\u00f3n y de absorci\u00f3n de neutrones. Fabricadas con boro mezclado con precisi\u00f3n y polietileno de alta densidad, estas planchas presentan una excelente resistencia mec\u00e1nica, resistencia qu\u00edmica y seguridad duradera. Ideales para instalaciones nucleares, salas de diagn\u00f3stico m\u00e9dico por imagen y laboratorios de radiaciones, ofrecen una seguridad acreditada a la vez que resultan muy f\u00e1ciles de fabricar e instalar. Disponibles en dimensiones y espesores personalizados, estas planchas negras de larga duraci\u00f3n ofrecen una eficacia extraordinaria en atm\u00f3sferas agresivas, lo que las convierte en la opci\u00f3n recomendada para soluciones de protecci\u00f3n especializada y de ingenier\u00eda de protecci\u00f3n.<\/p>","protected":false},"excerpt":{"rendered":"<p>Las planchas de polietileno de alta densidad con boro de plomo proporcionan un blindaje superior contra neutrones y radiaciones. Estas planchas dise\u00f1adas a medida combinan fuerza, estabilidad y resistencia qu\u00edmica, ideales para aplicaciones nucleares, m\u00e9dicas e industriales de protecci\u00f3n contra las radiaciones con una larga durabilidad.<\/p>","protected":false},"featured_media":1680,"template":"","meta":{"_gspb_post_css":""},"product_brand":[],"product_cat":[15,19],"product_tag":[299,297,298],"class_list":{"0":"post-1678","1":"product","2":"type-product","3":"status-publish","4":"has-post-thumbnail","6":"product_cat-uhmwpe-hdpe-sheets-plates","7":"product_cat-lead-boron-polyethylene-plates","8":"product_tag-hdpe-polyethylene-panel","9":"product_tag-lead-boron-board","10":"product_tag-radiation-shielding-sheet","12":"first","13":"instock","14":"shipping-taxable","15":"product-type-simple"},"_links":{"self":[{"href":"https:\/\/uhmwpemanufacture.com\/es\/wp-json\/wp\/v2\/product\/1678","targetHints":{"allow":["GET"]}}],"collection":[{"href":"https:\/\/uhmwpemanufacture.com\/es\/wp-json\/wp\/v2\/product"}],"about":[{"href":"https:\/\/uhmwpemanufacture.com\/es\/wp-json\/wp\/v2\/types\/product"}],"wp:featuredmedia":[{"embeddable":true,"href":"https:\/\/uhmwpemanufacture.com\/es\/wp-json\/wp\/v2\/media\/1680"}],"wp:attachment":[{"href":"https:\/\/uhmwpemanufacture.com\/es\/wp-json\/wp\/v2\/media?parent=1678"}],"wp:term":[{"taxonomy":"product_brand","embeddable":true,"href":"https:\/\/uhmwpemanufacture.com\/es\/wp-json\/wp\/v2\/product_brand?post=1678"},{"taxonomy":"product_cat","embeddable":true,"href":"https:\/\/uhmwpemanufacture.com\/es\/wp-json\/wp\/v2\/product_cat?post=1678"},{"taxonomy":"product_tag","embeddable":true,"href":"https:\/\/uhmwpemanufacture.com\/es\/wp-json\/wp\/v2\/product_tag?post=1678"}],"curies":[{"name":"wp","href":"https:\/\/api.w.org\/{rel}","templated":true}]}}