{"id":1685,"date":"2025-10-09T06:21:18","date_gmt":"2025-10-09T06:21:18","guid":{"rendered":"https:\/\/uhmwpemanufacture.com\/?post_type=product&#038;p=1685"},"modified":"2025-10-09T06:21:18","modified_gmt":"2025-10-09T06:21:18","slug":"wear-resistant-outrigger-pads-uhmw-crane-foot-support-plate","status":"publish","type":"product","link":"https:\/\/uhmwpemanufacture.com\/es\/wear-resistant-outrigger-pads-uhmw-crane-foot-support-plate\/","title":{"rendered":"Almohadillas resistentes al desgaste Uhmw Placa de soporte para pies de gr\u00faa"},"content":{"rendered":"<h2>Placa de asistencia para pies de gr\u00faa UHMW<\/h2>\n<p>Las zapatas UHMW proporcionan una resistencia y seguridad excepcionales para gr\u00faas, veh\u00edculos y dispositivos pesados. Fabricadas con polietileno de peso molecular ultra alto, estas capas de soporte para pies ofrecen una resistencia superior al desgaste, absorci\u00f3n de efectos y distribuci\u00f3n de lotes en terrenos blandos o irregulares. Su superficie antideslizante y corte de precisi\u00f3n maneja hacer cierto f\u00e1cil manejo, la seguridad y la longevidad buscados despu\u00e9s de la construcci\u00f3n y los procedimientos de formaci\u00f3n. Fabricadas para sustituir a las almohadillas convencionales de madera o acero, las almohadillas de UHMW son ligeras, resistentes a la intemperie y a la corrosi\u00f3n, y ofrecen una eficacia duradera para aplicaciones comerciales, de construcci\u00f3n y de gr\u00faas m\u00f3viles en todo el mundo.<\/p>","protected":false},"excerpt":{"rendered":"<p>Los estabilizadores de UHMW proporcionan un apoyo fuerte y estable en el suelo para gr\u00faas y maquinaria pesada. Ligeros pero duraderos, resisten el desgaste, los impactos y la corrosi\u00f3n, al tiempo que ofrecen una distribuci\u00f3n segura de la carga en superficies blandas o irregulares. Ideales para operaciones de construcci\u00f3n y elevaci\u00f3n industrial.<\/p>","protected":false},"featured_media":1686,"template":"","meta":{"_gspb_post_css":""},"product_brand":[],"product_cat":[15,20],"product_tag":[301,302,300],"class_list":{"0":"post-1685","1":"product","2":"type-product","3":"status-publish","4":"has-post-thumbnail","6":"product_cat-uhmwpe-hdpe-sheets-plates","7":"product_cat-crane-outrigger-pads","8":"product_tag-crane-support-plate","9":"product_tag-heavy-equipment-pad","10":"product_tag-uhmw-outrigger-pad","12":"first","13":"instock","14":"shipping-taxable","15":"product-type-simple"},"_links":{"self":[{"href":"https:\/\/uhmwpemanufacture.com\/es\/wp-json\/wp\/v2\/product\/1685","targetHints":{"allow":["GET"]}}],"collection":[{"href":"https:\/\/uhmwpemanufacture.com\/es\/wp-json\/wp\/v2\/product"}],"about":[{"href":"https:\/\/uhmwpemanufacture.com\/es\/wp-json\/wp\/v2\/types\/product"}],"wp:featuredmedia":[{"embeddable":true,"href":"https:\/\/uhmwpemanufacture.com\/es\/wp-json\/wp\/v2\/media\/1686"}],"wp:attachment":[{"href":"https:\/\/uhmwpemanufacture.com\/es\/wp-json\/wp\/v2\/media?parent=1685"}],"wp:term":[{"taxonomy":"product_brand","embeddable":true,"href":"https:\/\/uhmwpemanufacture.com\/es\/wp-json\/wp\/v2\/product_brand?post=1685"},{"taxonomy":"product_cat","embeddable":true,"href":"https:\/\/uhmwpemanufacture.com\/es\/wp-json\/wp\/v2\/product_cat?post=1685"},{"taxonomy":"product_tag","embeddable":true,"href":"https:\/\/uhmwpemanufacture.com\/es\/wp-json\/wp\/v2\/product_tag?post=1685"}],"curies":[{"name":"wp","href":"https:\/\/api.w.org\/{rel}","templated":true}]}}