{"id":1689,"date":"2025-10-09T06:24:02","date_gmt":"2025-10-09T06:24:02","guid":{"rendered":"https:\/\/uhmwpemanufacture.com\/?post_type=product&#038;p=1689"},"modified":"2025-10-09T06:24:02","modified_gmt":"2025-10-09T06:24:02","slug":"ultra-high-molecular-weight-polyethylene-hdpe-sheet-board","status":"publish","type":"product","link":"https:\/\/uhmwpemanufacture.com\/es\/ultra-high-molecular-weight-polyethylene-hdpe-sheet-board\/","title":{"rendered":"Polietileno de peso molecular ultra alto HDPE Sheet Board"},"content":{"rendered":"<h2>Polietileno de peso molecular ultra alto HDPE Junta de UHMWPE<\/h2>\n<p>Las planchas de polietileno de peso molecular ultraalto (UHMWPE) est\u00e1n fabricadas para ofrecer una dureza superior, una fricci\u00f3n reducida y una resistencia duradera al desgaste. Estas planchas blancas de HDPE ofrecen una excelente resistencia qu\u00edmica, al impacto y a la abrasi\u00f3n, por lo que son adecuadas para aplicaciones comerciales, acu\u00e1ticas y alimentarias. Ligeras pero muy duraderas, las planchas de UHMWPE garantizan un rendimiento sin problemas en sistemas transportadores, revestimientos y superficies de seguridad. Sus propiedades residenciales antiadherentes y resistentes a la humedad hacen que sean muy f\u00e1ciles de ordenar y mantener, incluso en entornos exigentes. Disponemos de dimensiones y densidades a medida para satisfacer diversas necesidades de ingenier\u00eda y producci\u00f3n.<\/p>","protected":false},"excerpt":{"rendered":"<p>Las planchas de UHMWPE ofrecen una fuerza excepcional, resistencia al desgaste y baja fricci\u00f3n. Ideales para aplicaciones industriales, marinas y alimentarias, estas planchas de HDPE ofrecen una excelente resistencia a los impactos y a los productos qu\u00edmicos con un rendimiento suave y duradero para un uso a largo plazo.<\/p>","protected":false},"featured_media":1695,"template":"","meta":{"_gspb_post_css":""},"product_brand":[],"product_cat":[15,18],"product_tag":[59,304,303],"class_list":{"0":"post-1689","1":"product","2":"type-product","3":"status-publish","4":"has-post-thumbnail","6":"product_cat-uhmwpe-hdpe-sheets-plates","7":"product_cat-hdpe-sheets","8":"product_tag-hdpe-sheet","9":"product_tag-polyethylene-panel","10":"product_tag-uhmwpe-board","12":"first","13":"instock","14":"shipping-taxable","15":"product-type-simple"},"_links":{"self":[{"href":"https:\/\/uhmwpemanufacture.com\/es\/wp-json\/wp\/v2\/product\/1689","targetHints":{"allow":["GET"]}}],"collection":[{"href":"https:\/\/uhmwpemanufacture.com\/es\/wp-json\/wp\/v2\/product"}],"about":[{"href":"https:\/\/uhmwpemanufacture.com\/es\/wp-json\/wp\/v2\/types\/product"}],"wp:featuredmedia":[{"embeddable":true,"href":"https:\/\/uhmwpemanufacture.com\/es\/wp-json\/wp\/v2\/media\/1695"}],"wp:attachment":[{"href":"https:\/\/uhmwpemanufacture.com\/es\/wp-json\/wp\/v2\/media?parent=1689"}],"wp:term":[{"taxonomy":"product_brand","embeddable":true,"href":"https:\/\/uhmwpemanufacture.com\/es\/wp-json\/wp\/v2\/product_brand?post=1689"},{"taxonomy":"product_cat","embeddable":true,"href":"https:\/\/uhmwpemanufacture.com\/es\/wp-json\/wp\/v2\/product_cat?post=1689"},{"taxonomy":"product_tag","embeddable":true,"href":"https:\/\/uhmwpemanufacture.com\/es\/wp-json\/wp\/v2\/product_tag?post=1689"}],"curies":[{"name":"wp","href":"https:\/\/api.w.org\/{rel}","templated":true}]}}