{"id":1699,"date":"2025-10-09T06:31:33","date_gmt":"2025-10-09T06:31:33","guid":{"rendered":"https:\/\/uhmwpemanufacture.com\/?post_type=product&#038;p=1699"},"modified":"2025-10-09T06:31:33","modified_gmt":"2025-10-09T06:31:33","slug":"lead-boron-polyethylene-plate-uhmwpe-boards-manufacturer","status":"publish","type":"product","link":"https:\/\/uhmwpemanufacture.com\/es\/lead-boron-polyethylene-plate-uhmwpe-boards-manufacturer\/","title":{"rendered":"Placa de polietileno de plomo-boro Placas de UHMWPE Fabricantes"},"content":{"rendered":"<h2>Placa de polietileno de plomo-boro Placas de UHMWPE Proveedor<\/h2>\n<p>Las placas de polietileno con plomo y boro est\u00e1n espec\u00edficamente dise\u00f1adas para un blindaje de primera calidad contra la radiaci\u00f3n neutr\u00f3nica y gamma. Fabricadas a partir de polietileno de alta densidad instilado con plomo y boro, estas placas de UHMWPE incorporan dureza, versatilidad y alta resistencia al impacto. Son excelentes para su uso en centrales nucleares, salas de radiaci\u00f3n m\u00e9dica, laboratorios y entornos de defensa comercial. Su superficie lisa y resistente garantiza una limpieza f\u00e1cil y un rendimiento a largo plazo en condiciones dif\u00edciles. Ofrecidas en tama\u00f1os y grosores personalizados, estas placas proporcionan una opci\u00f3n eficaz, ligera y resistente a la corrosi\u00f3n para aplicaciones de protecci\u00f3n contra la radiaci\u00f3n y seguridad.<\/p>","protected":false},"excerpt":{"rendered":"<p>Las placas de polietileno de plomo-boro proporcionan un blindaje eficaz contra neutrones y rayos gamma con una excelente resistencia y durabilidad. Fabricadas con material UHMWPE, son ideales para la protecci\u00f3n contra la radiaci\u00f3n nuclear, m\u00e9dica e industrial, ya que ofrecen resistencia a la corrosi\u00f3n y una larga vida \u00fatil.<\/p>","protected":false},"featured_media":1701,"template":"","meta":{"_gspb_post_css":""},"product_brand":[],"product_cat":[15,19],"product_tag":[307,309,308],"class_list":{"0":"post-1699","1":"product","2":"type-product","3":"status-publish","4":"has-post-thumbnail","6":"product_cat-uhmwpe-hdpe-sheets-plates","7":"product_cat-lead-boron-polyethylene-plates","8":"product_tag-lead-boron-plate","9":"product_tag-polyethylene-shielding-panel","10":"product_tag-uhmwpe-radiation-board","12":"first","13":"instock","14":"shipping-taxable","15":"product-type-simple"},"_links":{"self":[{"href":"https:\/\/uhmwpemanufacture.com\/es\/wp-json\/wp\/v2\/product\/1699","targetHints":{"allow":["GET"]}}],"collection":[{"href":"https:\/\/uhmwpemanufacture.com\/es\/wp-json\/wp\/v2\/product"}],"about":[{"href":"https:\/\/uhmwpemanufacture.com\/es\/wp-json\/wp\/v2\/types\/product"}],"wp:featuredmedia":[{"embeddable":true,"href":"https:\/\/uhmwpemanufacture.com\/es\/wp-json\/wp\/v2\/media\/1701"}],"wp:attachment":[{"href":"https:\/\/uhmwpemanufacture.com\/es\/wp-json\/wp\/v2\/media?parent=1699"}],"wp:term":[{"taxonomy":"product_brand","embeddable":true,"href":"https:\/\/uhmwpemanufacture.com\/es\/wp-json\/wp\/v2\/product_brand?post=1699"},{"taxonomy":"product_cat","embeddable":true,"href":"https:\/\/uhmwpemanufacture.com\/es\/wp-json\/wp\/v2\/product_cat?post=1699"},{"taxonomy":"product_tag","embeddable":true,"href":"https:\/\/uhmwpemanufacture.com\/es\/wp-json\/wp\/v2\/product_tag?post=1699"}],"curies":[{"name":"wp","href":"https:\/\/api.w.org\/{rel}","templated":true}]}}