{"id":1702,"date":"2025-10-09T08:40:02","date_gmt":"2025-10-09T08:40:02","guid":{"rendered":"https:\/\/uhmwpemanufacture.com\/?post_type=product&#038;p=1702"},"modified":"2025-10-09T08:40:02","modified_gmt":"2025-10-09T08:40:02","slug":"custom-chinese-factories-plastic-uhmw-pe-sheet-manufacturer","status":"publish","type":"product","link":"https:\/\/uhmwpemanufacture.com\/es\/custom-chinese-factories-plastic-uhmw-pe-sheet-manufacturer\/","title":{"rendered":"F\u00e1bricas chinas personalizadas Hoja de pl\u00e1stico UHMW-PE Fabricante"},"content":{"rendered":"<h2>Instalaciones de fabricaci\u00f3n china a medida Productor de l\u00e1minas de pl\u00e1stico UHMW-PE<\/h2>\n<p>Las planchas de UHMW-PE de los principales fabricantes chinos se han creado para ofrecer una excelente resistencia al desgaste, un bajo rozamiento y una notable tenacidad de efecto. Disponibles en distintos colores, como azul, blanco y negro, estas planchas ofrecen una excelente seguridad qu\u00edmica y resistencia a la humedad, la corrosi\u00f3n y la abrasi\u00f3n. El UHMW-PE, perfecto para aplicaciones de procesamiento de alimentos, equipos, marinas y sistemas de transporte, proporciona una superficie duradera y sin mantenimiento. Pueden crearse dimensiones y densidades personalizadas para satisfacer las necesidades comerciales y de ingenier\u00eda, garantizando un rendimiento fiable en las atm\u00f3sferas m\u00e1s exigentes, al tiempo que mantienen una versatilidad ligera y una gran durabilidad.<\/p>","protected":false},"excerpt":{"rendered":"<p>Las planchas de UHMW-PE de alta calidad presentan una excelente resistencia al desgaste, al impacto y una baja fricci\u00f3n. Disponibles en colores y tama\u00f1os personalizados, son ideales para aplicaciones de maquinaria, marinas e industriales que requieren durabilidad y resistencia qu\u00edmica.<\/p>","protected":false},"featured_media":1721,"template":"","meta":{"_gspb_post_css":""},"product_brand":[],"product_cat":[15,17],"product_tag":[311,312,310],"class_list":{"0":"post-1702","1":"product","2":"type-product","3":"status-publish","4":"has-post-thumbnail","6":"product_cat-uhmwpe-hdpe-sheets-plates","7":"product_cat-uhmwpe-sheets","8":"product_tag-plastic-board","9":"product_tag-polyethylene-manufacturer","10":"product_tag-uhmw-pe-sheet","12":"first","13":"instock","14":"shipping-taxable","15":"product-type-simple"},"_links":{"self":[{"href":"https:\/\/uhmwpemanufacture.com\/es\/wp-json\/wp\/v2\/product\/1702","targetHints":{"allow":["GET"]}}],"collection":[{"href":"https:\/\/uhmwpemanufacture.com\/es\/wp-json\/wp\/v2\/product"}],"about":[{"href":"https:\/\/uhmwpemanufacture.com\/es\/wp-json\/wp\/v2\/types\/product"}],"wp:featuredmedia":[{"embeddable":true,"href":"https:\/\/uhmwpemanufacture.com\/es\/wp-json\/wp\/v2\/media\/1721"}],"wp:attachment":[{"href":"https:\/\/uhmwpemanufacture.com\/es\/wp-json\/wp\/v2\/media?parent=1702"}],"wp:term":[{"taxonomy":"product_brand","embeddable":true,"href":"https:\/\/uhmwpemanufacture.com\/es\/wp-json\/wp\/v2\/product_brand?post=1702"},{"taxonomy":"product_cat","embeddable":true,"href":"https:\/\/uhmwpemanufacture.com\/es\/wp-json\/wp\/v2\/product_cat?post=1702"},{"taxonomy":"product_tag","embeddable":true,"href":"https:\/\/uhmwpemanufacture.com\/es\/wp-json\/wp\/v2\/product_tag?post=1702"}],"curies":[{"name":"wp","href":"https:\/\/api.w.org\/{rel}","templated":true}]}}