{"id":1722,"date":"2025-10-09T08:43:43","date_gmt":"2025-10-09T08:43:43","guid":{"rendered":"https:\/\/uhmwpemanufacture.com\/?post_type=product&#038;p=1722"},"modified":"2025-10-09T08:43:43","modified_gmt":"2025-10-09T08:43:43","slug":"heavy-duty-uhmwpe-plastic-outrigger-pad-crane-level-pads","status":"publish","type":"product","link":"https:\/\/uhmwpemanufacture.com\/es\/heavy-duty-uhmwpe-plastic-outrigger-pad-crane-level-pads\/","title":{"rendered":"Heavy Duty Uhmwpe Pl\u00e1stico Outrigger Pads Gr\u00faa Nivel Pads"},"content":{"rendered":"<h2>Almohadilla de pl\u00e1stico resistente UHMWPE Almohadillas de nivelaci\u00f3n para gr\u00faas<\/h2>\n<p>Estas duraderas almohadillas de balanc\u00edn de pl\u00e1stico UHMWPE est\u00e1n fabricadas para una mayor circulaci\u00f3n de lotes y seguridad en el suelo. Fabricados para soportar presiones extremas, evitan que las gr\u00faas y los equipos pesados se hundan o se inclinen sobre superficies blandas o irregulares. Las almohadillas incluyen una resistente cuerda roja que facilita el transporte y la colocaci\u00f3n, garantizando una eficiencia \u00f3ptima en los lugares de trabajo. Con una excelente resistencia al desgaste, a los impactos y a la intemperie, superan a las almohadillas est\u00e1ndar de madera o acero. Adecuadas para gr\u00faas, elevadores a\u00e9reos y equipos de construcci\u00f3n, estas almohadillas de UHMWPE proporcionan un manejo ligero, un rendimiento duradero y una seguridad fiable en entornos exigentes.<\/p>","protected":false},"excerpt":{"rendered":"<p>Los duraderos estabilizadores de UHMWPE proporcionan un soporte estable y antideslizante para gr\u00faas y maquinaria pesada. Ligeros pero fuertes, resisten el desgaste, la corrosi\u00f3n y la intemperie, garantizando un rendimiento seguro y duradero en cualquier superficie.<\/p>","protected":false},"featured_media":1724,"template":"","meta":{"_gspb_post_css":""},"product_brand":[],"product_cat":[15,21],"product_tag":[313,256,155],"class_list":{"0":"post-1722","1":"product","2":"type-product","3":"status-publish","4":"has-post-thumbnail","6":"product_cat-uhmwpe-hdpe-sheets-plates","7":"product_cat-uhmwpe-fender-pads","8":"product_tag-crane-support-pads","9":"product_tag-outrigger-pads","10":"product_tag-uhmwpe-plate","12":"first","13":"instock","14":"shipping-taxable","15":"product-type-simple"},"_links":{"self":[{"href":"https:\/\/uhmwpemanufacture.com\/es\/wp-json\/wp\/v2\/product\/1722","targetHints":{"allow":["GET"]}}],"collection":[{"href":"https:\/\/uhmwpemanufacture.com\/es\/wp-json\/wp\/v2\/product"}],"about":[{"href":"https:\/\/uhmwpemanufacture.com\/es\/wp-json\/wp\/v2\/types\/product"}],"wp:featuredmedia":[{"embeddable":true,"href":"https:\/\/uhmwpemanufacture.com\/es\/wp-json\/wp\/v2\/media\/1724"}],"wp:attachment":[{"href":"https:\/\/uhmwpemanufacture.com\/es\/wp-json\/wp\/v2\/media?parent=1722"}],"wp:term":[{"taxonomy":"product_brand","embeddable":true,"href":"https:\/\/uhmwpemanufacture.com\/es\/wp-json\/wp\/v2\/product_brand?post=1722"},{"taxonomy":"product_cat","embeddable":true,"href":"https:\/\/uhmwpemanufacture.com\/es\/wp-json\/wp\/v2\/product_cat?post=1722"},{"taxonomy":"product_tag","embeddable":true,"href":"https:\/\/uhmwpemanufacture.com\/es\/wp-json\/wp\/v2\/product_tag?post=1722"}],"curies":[{"name":"wp","href":"https:\/\/api.w.org\/{rel}","templated":true}]}}