{"id":1734,"date":"2025-10-09T09:05:50","date_gmt":"2025-10-09T09:05:50","guid":{"rendered":"https:\/\/uhmwpemanufacture.com\/?post_type=product&#038;p=1734"},"modified":"2025-10-09T09:05:50","modified_gmt":"2025-10-09T09:05:50","slug":"durable-pe-ground-protection-quick-mat-temporary-road-mats","status":"publish","type":"product","link":"https:\/\/uhmwpemanufacture.com\/es\/durable-pe-ground-protection-quick-mat-temporary-road-mats\/","title":{"rendered":"Estera r\u00e1pida de protecci\u00f3n del suelo de PE duradero Esteras de carretera temporales"},"content":{"rendered":"<h2 data-start=\"0\" data-end=\"63\">Estera r\u00e1pida de protecci\u00f3n del suelo de PE duradero Esteras de carretera temporales<\/h2>\n<p data-start=\"65\" data-end=\"618\" data-is-last-node=\"\" data-is-only-node=\"\">Dise\u00f1adas para ser resistentes y duraderas, estas duraderas alfombras r\u00e1pidas de PE para protecci\u00f3n del suelo son una soluci\u00f3n fiable para carreteras temporales en obras de construcci\u00f3n, eventos al aire libre y operaciones pesadas. Fabricadas con polietileno de alta densidad (HDPE), resisten los impactos, la corrosi\u00f3n y la humedad, lo que garantiza su uso a largo plazo en cualquier condici\u00f3n meteorol\u00f3gica. La superficie de diamante antideslizante mejora la tracci\u00f3n, mientras que el dise\u00f1o ligero permite una r\u00e1pida instalaci\u00f3n y retirada. Perfectos para proteger el c\u00e9sped, la tierra o superficies sensibles del tr\u00e1fico de maquinaria pesada y veh\u00edculos.<\/p>","protected":false},"excerpt":{"rendered":"<p>Las duraderas alfombrillas r\u00e1pidas de PE para protecci\u00f3n del suelo ofrecen un acceso temporal fiable para obras, eventos y veh\u00edculos pesados. Fabricadas en resistente polietileno de alta densidad con superficie antideslizante, protegen la hierba y el suelo a la vez que proporcionan estabilidad y facilidad de instalaci\u00f3n. Resistentes a la intemperie y reutilizables para un uso a largo plazo.<\/p>","protected":false},"featured_media":1742,"template":"","meta":{"_gspb_post_css":""},"product_brand":[],"product_cat":[24,25],"product_tag":[72,314,76],"class_list":{"0":"post-1734","1":"product","2":"type-product","3":"status-publish","4":"has-post-thumbnail","6":"product_cat-ground-protection-road-mats","7":"product_cat-quick-mats","8":"product_tag-ground-protection-mats","9":"product_tag-hdpe-trackway","10":"product_tag-temporary-road-mats","12":"first","13":"instock","14":"shipping-taxable","15":"product-type-simple"},"_links":{"self":[{"href":"https:\/\/uhmwpemanufacture.com\/es\/wp-json\/wp\/v2\/product\/1734","targetHints":{"allow":["GET"]}}],"collection":[{"href":"https:\/\/uhmwpemanufacture.com\/es\/wp-json\/wp\/v2\/product"}],"about":[{"href":"https:\/\/uhmwpemanufacture.com\/es\/wp-json\/wp\/v2\/types\/product"}],"wp:featuredmedia":[{"embeddable":true,"href":"https:\/\/uhmwpemanufacture.com\/es\/wp-json\/wp\/v2\/media\/1742"}],"wp:attachment":[{"href":"https:\/\/uhmwpemanufacture.com\/es\/wp-json\/wp\/v2\/media?parent=1734"}],"wp:term":[{"taxonomy":"product_brand","embeddable":true,"href":"https:\/\/uhmwpemanufacture.com\/es\/wp-json\/wp\/v2\/product_brand?post=1734"},{"taxonomy":"product_cat","embeddable":true,"href":"https:\/\/uhmwpemanufacture.com\/es\/wp-json\/wp\/v2\/product_cat?post=1734"},{"taxonomy":"product_tag","embeddable":true,"href":"https:\/\/uhmwpemanufacture.com\/es\/wp-json\/wp\/v2\/product_tag?post=1734"}],"curies":[{"name":"wp","href":"https:\/\/api.w.org\/{rel}","templated":true}]}}