{"id":1750,"date":"2025-10-09T09:10:48","date_gmt":"2025-10-09T09:10:48","guid":{"rendered":"https:\/\/uhmwpemanufacture.com\/?post_type=product&#038;p=1750"},"modified":"2025-10-09T09:10:48","modified_gmt":"2025-10-09T09:10:48","slug":"conveyor-component-durable-plastic-guide-rail-pppe-products","status":"publish","type":"product","link":"https:\/\/uhmwpemanufacture.com\/es\/conveyor-component-durable-plastic-guide-rail-pppe-products\/","title":{"rendered":"Componente transportador Carril gu\u00eda de pl\u00e1stico duradero Productos PPPE"},"content":{"rendered":"<h2 data-start=\"0\" data-end=\"64\">Componente transportador Carril gu\u00eda de pl\u00e1stico duradero Productos PPPE<\/h2>\n<p data-start=\"66\" data-end=\"654\" data-is-last-node=\"\" data-is-only-node=\"\">Dise\u00f1ados para una manipulaci\u00f3n suave y eficaz del material, estos duraderos ra\u00edles gu\u00eda de pl\u00e1stico est\u00e1n fabricados con materiales de PP y PE de alta calidad. Ofrecen una excelente resistencia al desgaste, baja fricci\u00f3n y alta resistencia al impacto, lo que garantiza un rendimiento estable y fiable del transportador. Los ra\u00edles gu\u00eda ayudan a evitar el deslizamiento del producto y reducen el ruido, por lo que son ideales para sistemas transportadores de alimentos, bebidas y envases. F\u00e1ciles de instalar y mantener, ofrecen un rendimiento duradero incluso en entornos industriales exigentes. Disponibles en varias formas y tama\u00f1os para adaptarse a diferentes configuraciones de transportadores.<\/p>","protected":false},"excerpt":{"rendered":"<p class=\"sr-only\"><span style=\"font-size: 16px;\">Carril gu\u00eda de pl\u00e1stico duradero Los productos PPPE garantizan un funcionamiento suave y estable del transportador. Fabricados con materiales de PP y PE de alta calidad, resisten el desgaste, los impactos y la corrosi\u00f3n. Ideales para las industrias alimentaria, de bebidas y de envasado, ofrecen baja fricci\u00f3n, reducci\u00f3n del ruido y f\u00e1cil instalaci\u00f3n.<\/span><\/p>","protected":false},"featured_media":1752,"template":"","meta":{"_gspb_post_css":""},"product_brand":[],"product_cat":[35],"product_tag":[316,315,317],"class_list":{"0":"post-1750","1":"product","2":"type-product","3":"status-publish","4":"has-post-thumbnail","6":"product_cat-pp-pe-products","7":"product_tag-conveyor-components","8":"product_tag-plastic-guide-rail","9":"product_tag-pppe-products","11":"first","12":"instock","13":"shipping-taxable","14":"product-type-simple"},"_links":{"self":[{"href":"https:\/\/uhmwpemanufacture.com\/es\/wp-json\/wp\/v2\/product\/1750","targetHints":{"allow":["GET"]}}],"collection":[{"href":"https:\/\/uhmwpemanufacture.com\/es\/wp-json\/wp\/v2\/product"}],"about":[{"href":"https:\/\/uhmwpemanufacture.com\/es\/wp-json\/wp\/v2\/types\/product"}],"wp:featuredmedia":[{"embeddable":true,"href":"https:\/\/uhmwpemanufacture.com\/es\/wp-json\/wp\/v2\/media\/1752"}],"wp:attachment":[{"href":"https:\/\/uhmwpemanufacture.com\/es\/wp-json\/wp\/v2\/media?parent=1750"}],"wp:term":[{"taxonomy":"product_brand","embeddable":true,"href":"https:\/\/uhmwpemanufacture.com\/es\/wp-json\/wp\/v2\/product_brand?post=1750"},{"taxonomy":"product_cat","embeddable":true,"href":"https:\/\/uhmwpemanufacture.com\/es\/wp-json\/wp\/v2\/product_cat?post=1750"},{"taxonomy":"product_tag","embeddable":true,"href":"https:\/\/uhmwpemanufacture.com\/es\/wp-json\/wp\/v2\/product_tag?post=1750"}],"curies":[{"name":"wp","href":"https:\/\/api.w.org\/{rel}","templated":true}]}}