{"id":1758,"date":"2025-10-09T09:15:08","date_gmt":"2025-10-09T09:15:08","guid":{"rendered":"https:\/\/uhmwpemanufacture.com\/?post_type=product&#038;p=1758"},"modified":"2025-10-09T09:21:15","modified_gmt":"2025-10-09T09:21:15","slug":"nylon-uhmwpe-board-sea-panel-plastic-sheet-manufacturers","status":"publish","type":"product","link":"https:\/\/uhmwpemanufacture.com\/es\/nylon-uhmwpe-board-sea-panel-plastic-sheet-manufacturers\/","title":{"rendered":"Nylon UHMWPE Junta Sea Panel Plastic Sheet Fabricantes"},"content":{"rendered":"<h2 data-start=\"0\" data-end=\"61\">Nylon UHMWPE Junta Sea Panel Plastic Sheet Fabricantes<\/h2>\n<p data-start=\"63\" data-end=\"682\" data-is-last-node=\"\" data-is-only-node=\"\">Las planchas de pl\u00e1stico de nailon y UHMWPE est\u00e1n dise\u00f1adas para ofrecer una excepcional resistencia al desgaste, tenacidad y un rendimiento duradero en aplicaciones marinas, industriales y mec\u00e1nicas. Estos paneles ofrecen una gran resistencia al impacto, baja fricci\u00f3n y una excelente resistencia a la humedad, la corrosi\u00f3n y los productos qu\u00edmicos. Ideales para paneles marinos, defensas de muelles, revestimientos y piezas de maquinaria, ofrecen un rendimiento fiable incluso a temperaturas extremas. Ligeras pero duraderas, las planchas son f\u00e1ciles de mecanizar, fabricar e instalar, y ofrecen una protecci\u00f3n y un rendimiento superiores para entornos exigentes. Disponibles en varios colores y tama\u00f1os personalizables.<\/p>","protected":false},"excerpt":{"rendered":"<p>Las planchas de UHMWPE de nailon ofrecen gran resistencia, resistencia al desgaste y baja fricci\u00f3n para uso marino e industrial. Ideales para paneles marinos, defensas de muelles y revestimientos, resisten los impactos, la humedad y los productos qu\u00edmicos, al tiempo que garantizan una larga durabilidad y una f\u00e1cil fabricaci\u00f3n.<\/p>","protected":false},"featured_media":1763,"template":"","meta":{"_gspb_post_css":""},"product_brand":[],"product_cat":[23],"product_tag":[319,318,56],"class_list":{"0":"post-1758","1":"product","2":"type-product","3":"status-publish","4":"has-post-thumbnail","6":"product_cat-nylon-sheets","7":"product_tag-marine-plastic-panel","8":"product_tag-nylon-board","9":"product_tag-uhmwpe-sheet","11":"first","12":"instock","13":"shipping-taxable","14":"product-type-simple"},"_links":{"self":[{"href":"https:\/\/uhmwpemanufacture.com\/es\/wp-json\/wp\/v2\/product\/1758","targetHints":{"allow":["GET"]}}],"collection":[{"href":"https:\/\/uhmwpemanufacture.com\/es\/wp-json\/wp\/v2\/product"}],"about":[{"href":"https:\/\/uhmwpemanufacture.com\/es\/wp-json\/wp\/v2\/types\/product"}],"wp:featuredmedia":[{"embeddable":true,"href":"https:\/\/uhmwpemanufacture.com\/es\/wp-json\/wp\/v2\/media\/1763"}],"wp:attachment":[{"href":"https:\/\/uhmwpemanufacture.com\/es\/wp-json\/wp\/v2\/media?parent=1758"}],"wp:term":[{"taxonomy":"product_brand","embeddable":true,"href":"https:\/\/uhmwpemanufacture.com\/es\/wp-json\/wp\/v2\/product_brand?post=1758"},{"taxonomy":"product_cat","embeddable":true,"href":"https:\/\/uhmwpemanufacture.com\/es\/wp-json\/wp\/v2\/product_cat?post=1758"},{"taxonomy":"product_tag","embeddable":true,"href":"https:\/\/uhmwpemanufacture.com\/es\/wp-json\/wp\/v2\/product_tag?post=1758"}],"curies":[{"name":"wp","href":"https:\/\/api.w.org\/{rel}","templated":true}]}}