{"id":1768,"date":"2025-10-09T09:24:22","date_gmt":"2025-10-09T09:24:22","guid":{"rendered":"https:\/\/uhmwpemanufacture.com\/?post_type=product&#038;p=1768"},"modified":"2025-10-09T09:24:22","modified_gmt":"2025-10-09T09:24:22","slug":"polyethylene-pe-extrusion-line-hdpe-plastic-sheet-wholesale","status":"publish","type":"product","link":"https:\/\/uhmwpemanufacture.com\/es\/polyethylene-pe-extrusion-line-hdpe-plastic-sheet-wholesale\/","title":{"rendered":"L\u00ednea de extrusi\u00f3n de polietileno PE Hoja de pl\u00e1stico HDPE al por mayor"},"content":{"rendered":"<h2>L\u00ednea de extrusi\u00f3n de polietileno PE Hoja de pl\u00e1stico HDPE al por mayor<\/h2>\n<p>Las l\u00e1minas de pl\u00e1stico de polietileno de alta densidad (HDPE) de alta calidad fabricadas mediante la sofisticada innovaci\u00f3n de la extrusi\u00f3n de polietileno ofrecen una dureza, resistencia a las influencias y robustez excepcionales. Estas l\u00e1minas son ligeras, resistentes a la corrosi\u00f3n y adecuadas para diferentes aplicaciones comerciales, agr\u00edcolas y acu\u00e1ticas. Incluyen una seguridad qu\u00edmica excepcional, resistencia a los rayos UV y una superficie lisa y f\u00e1cil de limpiar. Adecuados para placas reductoras, componentes de maquinaria, revestimientos y paneles de seguridad, pueden personalizarse en distintos colores, dimensiones y grosores. Perfectos para un rendimiento duradero y el suministro al por mayor que requieren las atm\u00f3sferas m\u00e1s exigentes.<\/p>","protected":false},"excerpt":{"rendered":"<p class=\"sr-only\"><span style=\"font-size: 16px;\">Las duraderas planchas de pl\u00e1stico HDPE fabricadas por extrusi\u00f3n de polietileno ofrecen una gran resistencia, resistencia a los impactos y protecci\u00f3n contra la corrosi\u00f3n. Ideales para uso industrial, marino y agr\u00edcola, con tama\u00f1os y colores personalizables para aplicaciones vers\u00e1tiles.<\/span><\/p>","protected":false},"featured_media":1774,"template":"","meta":{"_gspb_post_css":""},"product_brand":[],"product_cat":[15,19],"product_tag":[59,320,199],"class_list":{"0":"post-1768","1":"product","2":"type-product","3":"status-publish","4":"has-post-thumbnail","6":"product_cat-uhmwpe-hdpe-sheets-plates","7":"product_cat-lead-boron-polyethylene-plates","8":"product_tag-hdpe-sheet","9":"product_tag-plastic-sheet-wholesale","10":"product_tag-polyethylene-board","12":"first","13":"instock","14":"shipping-taxable","15":"product-type-simple"},"_links":{"self":[{"href":"https:\/\/uhmwpemanufacture.com\/es\/wp-json\/wp\/v2\/product\/1768","targetHints":{"allow":["GET"]}}],"collection":[{"href":"https:\/\/uhmwpemanufacture.com\/es\/wp-json\/wp\/v2\/product"}],"about":[{"href":"https:\/\/uhmwpemanufacture.com\/es\/wp-json\/wp\/v2\/types\/product"}],"wp:featuredmedia":[{"embeddable":true,"href":"https:\/\/uhmwpemanufacture.com\/es\/wp-json\/wp\/v2\/media\/1774"}],"wp:attachment":[{"href":"https:\/\/uhmwpemanufacture.com\/es\/wp-json\/wp\/v2\/media?parent=1768"}],"wp:term":[{"taxonomy":"product_brand","embeddable":true,"href":"https:\/\/uhmwpemanufacture.com\/es\/wp-json\/wp\/v2\/product_brand?post=1768"},{"taxonomy":"product_cat","embeddable":true,"href":"https:\/\/uhmwpemanufacture.com\/es\/wp-json\/wp\/v2\/product_cat?post=1768"},{"taxonomy":"product_tag","embeddable":true,"href":"https:\/\/uhmwpemanufacture.com\/es\/wp-json\/wp\/v2\/product_tag?post=1768"}],"curies":[{"name":"wp","href":"https:\/\/api.w.org\/{rel}","templated":true}]}}