{"id":1776,"date":"2025-10-09T09:29:24","date_gmt":"2025-10-09T09:29:24","guid":{"rendered":"https:\/\/uhmwpemanufacture.com\/?post_type=product&#038;p=1776"},"modified":"2025-10-09T09:29:24","modified_gmt":"2025-10-09T09:29:24","slug":"custom-hole-decorative-perforated-plastic-mesh-sheets-dealer","status":"publish","type":"product","link":"https:\/\/uhmwpemanufacture.com\/es\/custom-hole-decorative-perforated-plastic-mesh-sheets-dealer\/","title":{"rendered":"Distribuidor de hojas de malla de pl\u00e1stico perforado decorativo con orificios personalizados"},"content":{"rendered":"<h2>Distribuidor de l\u00e1minas de malla de pl\u00e1stico perforado decorativo con orificios a medida<\/h2>\n<p>Estas l\u00e1minas de malla de pl\u00e1stico perforada a medida est\u00e1n dise\u00f1adas para ofrecer longevidad, adaptabilidad y atractivo visual. Fabricadas con materiales pl\u00e1sticos de alta calidad, ofrecen un excelente aguante, resistencia a la oxidaci\u00f3n y ligereza. Adecuadas para paneles atractivos, pantallas de ventilaci\u00f3n, sistemas de filtraci\u00f3n y aplicaciones arquitect\u00f3nicas, estas l\u00e1minas integran la funci\u00f3n con un aspecto contempor\u00e1neo. Los consistentes patrones de apertura permiten una circulaci\u00f3n del aire y un drenaje fiables, al tiempo que preservan la estabilidad arquitect\u00f3nica. Se ofrecen en varios tama\u00f1os de abertura, formas y colores, por lo que pueden adaptarse a determinados estilos o requisitos industriales tanto para uso interior como exterior.<\/p>","protected":false},"excerpt":{"rendered":"<p>Las planchas de malla de pl\u00e1stico perforadas a medida ofrecen durabilidad, resistencia a la corrosi\u00f3n y un dise\u00f1o ligero. Ideales para paneles decorativos y aplicaciones de ventilaci\u00f3n y filtraci\u00f3n. Disponibles en varios tama\u00f1os de orificio y formas personalizables para uso industrial y arquitect\u00f3nico.<\/p>","protected":false},"featured_media":1783,"template":"","meta":{"_gspb_post_css":""},"product_brand":[],"product_cat":[29,32],"product_tag":[322,321,323],"class_list":{"0":"post-1776","1":"product","2":"type-product","3":"status-publish","4":"has-post-thumbnail","6":"product_cat-ice-rink-products","7":"product_cat-ice-synthetic-panels","8":"product_tag-decorative-mesh-panel","9":"product_tag-perforated-plastic-sheet","10":"product_tag-plastic-ventilation-sheet","12":"first","13":"instock","14":"shipping-taxable","15":"product-type-simple"},"_links":{"self":[{"href":"https:\/\/uhmwpemanufacture.com\/es\/wp-json\/wp\/v2\/product\/1776","targetHints":{"allow":["GET"]}}],"collection":[{"href":"https:\/\/uhmwpemanufacture.com\/es\/wp-json\/wp\/v2\/product"}],"about":[{"href":"https:\/\/uhmwpemanufacture.com\/es\/wp-json\/wp\/v2\/types\/product"}],"wp:featuredmedia":[{"embeddable":true,"href":"https:\/\/uhmwpemanufacture.com\/es\/wp-json\/wp\/v2\/media\/1783"}],"wp:attachment":[{"href":"https:\/\/uhmwpemanufacture.com\/es\/wp-json\/wp\/v2\/media?parent=1776"}],"wp:term":[{"taxonomy":"product_brand","embeddable":true,"href":"https:\/\/uhmwpemanufacture.com\/es\/wp-json\/wp\/v2\/product_brand?post=1776"},{"taxonomy":"product_cat","embeddable":true,"href":"https:\/\/uhmwpemanufacture.com\/es\/wp-json\/wp\/v2\/product_cat?post=1776"},{"taxonomy":"product_tag","embeddable":true,"href":"https:\/\/uhmwpemanufacture.com\/es\/wp-json\/wp\/v2\/product_tag?post=1776"}],"curies":[{"name":"wp","href":"https:\/\/api.w.org\/{rel}","templated":true}]}}