{"id":1784,"date":"2025-10-09T09:35:30","date_gmt":"2025-10-09T09:35:30","guid":{"rendered":"https:\/\/uhmwpemanufacture.com\/?post_type=product&#038;p=1784"},"modified":"2025-10-09T09:35:49","modified_gmt":"2025-10-09T09:35:49","slug":"super-slippery-hdpe-environmental-protection-board-dealer","status":"publish","type":"product","link":"https:\/\/uhmwpemanufacture.com\/es\/super-slippery-hdpe-environmental-protection-board-dealer\/","title":{"rendered":"Super Slippery HDPE Junta de Protecci\u00f3n Medioambiental Distribuidor"},"content":{"rendered":"<h2>Tablero de protecci\u00f3n medioambiental HDPE superdeslizante Proveedor<\/h2>\n<p>El tablero de protecci\u00f3n medioambiental HDPE s\u00faper inseguro se ha creado para aplicaciones comerciales y medioambientales de alto rendimiento. Fabricado con polietileno de alta densidad, proporciona una excelente resistencia al desgaste, resistencia a la influencia y una superficie de baja fricci\u00f3n que garantiza una manipulaci\u00f3n suave del material. El tablero es seguro, resistente a la corrosi\u00f3n y respetuoso con el medio ambiente, por lo que es perfecto para su uso en los mercados de procesamiento de alimentos, marino y de la construcci\u00f3n. Funciona con fiabilidad en condiciones extremas, manteniendo la seguridad en una amplia gama de niveles de temperatura. Disponible en varios tonos y dimensiones personalizadas, ofrece resistencia y sostenibilidad para numerosas necesidades industriales.<\/p>","protected":false},"excerpt":{"rendered":"<p>Las planchas de HDPE superdeslizantes ofrecen una excelente resistencia al desgaste, baja fricci\u00f3n y alta resistencia al impacto. Ideales para uso industrial, marino y medioambiental, no son t\u00f3xicas, son resistentes a la corrosi\u00f3n y f\u00e1ciles de limpiar, por lo que ofrecen un rendimiento y una sostenibilidad duraderos.<\/p>","protected":false},"featured_media":1790,"template":"","meta":{"_gspb_post_css":""},"product_brand":[],"product_cat":[29,30],"product_tag":[324,99,325],"class_list":{"0":"post-1784","1":"product","2":"type-product","3":"status-publish","4":"has-post-thumbnail","6":"product_cat-ice-rink-products","7":"product_cat-hockey-ice-rink-dasher-boards","8":"product_tag-environmental-plastic-sheet","9":"product_tag-hdpe-board","10":"product_tag-slippery-polyethylene-panel","12":"first","13":"instock","14":"shipping-taxable","15":"product-type-simple"},"_links":{"self":[{"href":"https:\/\/uhmwpemanufacture.com\/es\/wp-json\/wp\/v2\/product\/1784","targetHints":{"allow":["GET"]}}],"collection":[{"href":"https:\/\/uhmwpemanufacture.com\/es\/wp-json\/wp\/v2\/product"}],"about":[{"href":"https:\/\/uhmwpemanufacture.com\/es\/wp-json\/wp\/v2\/types\/product"}],"wp:featuredmedia":[{"embeddable":true,"href":"https:\/\/uhmwpemanufacture.com\/es\/wp-json\/wp\/v2\/media\/1790"}],"wp:attachment":[{"href":"https:\/\/uhmwpemanufacture.com\/es\/wp-json\/wp\/v2\/media?parent=1784"}],"wp:term":[{"taxonomy":"product_brand","embeddable":true,"href":"https:\/\/uhmwpemanufacture.com\/es\/wp-json\/wp\/v2\/product_brand?post=1784"},{"taxonomy":"product_cat","embeddable":true,"href":"https:\/\/uhmwpemanufacture.com\/es\/wp-json\/wp\/v2\/product_cat?post=1784"},{"taxonomy":"product_tag","embeddable":true,"href":"https:\/\/uhmwpemanufacture.com\/es\/wp-json\/wp\/v2\/product_tag?post=1784"}],"curies":[{"name":"wp","href":"https:\/\/api.w.org\/{rel}","templated":true}]}}