{"id":1809,"date":"2025-10-09T09:51:25","date_gmt":"2025-10-09T09:51:25","guid":{"rendered":"https:\/\/uhmwpemanufacture.com\/?post_type=product&#038;p=1809"},"modified":"2025-10-09T09:51:25","modified_gmt":"2025-10-09T09:51:25","slug":"custom-crane-outrigger-pad-oem-outrigger-pads-manufacturer","status":"publish","type":"product","link":"https:\/\/uhmwpemanufacture.com\/es\/custom-crane-outrigger-pad-oem-outrigger-pads-manufacturer\/","title":{"rendered":"Placas estabilizadoras para gr\u00faas personalizadas Fabricantes de placas estabilizadoras OEM"},"content":{"rendered":"<h2>Placas estabilizadoras para gr\u00faas personalizadas OEM Productor de placas estabilizadoras<\/h2>\n<p>Las almohadillas para balancines de gr\u00faa a medida est\u00e1n dise\u00f1adas para una distribuci\u00f3n excepcional de los lotes y una estabilidad en el suelo durante los procedimientos de elevaci\u00f3n de cargas pesadas. Fabricadas con polietileno de alta densidad (HDPE) de alta calidad, estas almohadillas son duraderas, ligeras e inmunes al deterioro, el agua y las condiciones meteorol\u00f3gicas extremas. Su superficie antideslizante y su cuerda reforzada garantizan un manejo seguro y una colocaci\u00f3n sencilla. Ideales para gr\u00faas, sistemas a\u00e9reos y herramientas de construcci\u00f3n, evitan da\u00f1os en el suelo y mejoran la seguridad en las obras. Se ofrecen en numerosas formas, tama\u00f1os y densidades, y pueden personalizarse por completo para satisfacer las necesidades de los fabricantes de equipos originales en cuanto a capacidades de formaci\u00f3n y tipos de equipos.<\/p>","protected":false},"excerpt":{"rendered":"<p>Los estabilizadores de gr\u00faa a medida fabricados con polietileno de alta densidad duradero proporcionan una excelente distribuci\u00f3n de la carga y protecci\u00f3n del suelo. Ligeras, resistentes a la corrosi\u00f3n y f\u00e1ciles de manejar, garantizan la estabilidad de gr\u00faas y equipos pesados en todas las condiciones de trabajo.<\/p>","protected":false},"featured_media":1810,"template":"","meta":{"_gspb_post_css":""},"product_brand":[],"product_cat":[15,20],"product_tag":[333,334,335],"class_list":{"0":"post-1809","1":"product","2":"type-product","3":"status-publish","4":"has-post-thumbnail","6":"product_cat-uhmwpe-hdpe-sheets-plates","7":"product_cat-crane-outrigger-pads","8":"product_tag-crane-outrigger-pad","9":"product_tag-hdpe-pad","10":"product_tag-lifting-equipment-accessory","12":"first","13":"instock","14":"shipping-taxable","15":"product-type-simple"},"_links":{"self":[{"href":"https:\/\/uhmwpemanufacture.com\/es\/wp-json\/wp\/v2\/product\/1809","targetHints":{"allow":["GET"]}}],"collection":[{"href":"https:\/\/uhmwpemanufacture.com\/es\/wp-json\/wp\/v2\/product"}],"about":[{"href":"https:\/\/uhmwpemanufacture.com\/es\/wp-json\/wp\/v2\/types\/product"}],"wp:featuredmedia":[{"embeddable":true,"href":"https:\/\/uhmwpemanufacture.com\/es\/wp-json\/wp\/v2\/media\/1810"}],"wp:attachment":[{"href":"https:\/\/uhmwpemanufacture.com\/es\/wp-json\/wp\/v2\/media?parent=1809"}],"wp:term":[{"taxonomy":"product_brand","embeddable":true,"href":"https:\/\/uhmwpemanufacture.com\/es\/wp-json\/wp\/v2\/product_brand?post=1809"},{"taxonomy":"product_cat","embeddable":true,"href":"https:\/\/uhmwpemanufacture.com\/es\/wp-json\/wp\/v2\/product_cat?post=1809"},{"taxonomy":"product_tag","embeddable":true,"href":"https:\/\/uhmwpemanufacture.com\/es\/wp-json\/wp\/v2\/product_tag?post=1809"}],"curies":[{"name":"wp","href":"https:\/\/api.w.org\/{rel}","templated":true}]}}