{"id":1813,"date":"2025-10-09T09:53:47","date_gmt":"2025-10-09T09:53:47","guid":{"rendered":"https:\/\/uhmwpemanufacture.com\/?post_type=product&#038;p=1813"},"modified":"2025-10-09T09:57:54","modified_gmt":"2025-10-09T09:57:54","slug":"rubber-sole-sheet-coal-bunker-limit-plate-manufacturer","status":"publish","type":"product","link":"https:\/\/uhmwpemanufacture.com\/es\/rubber-sole-sheet-coal-bunker-limit-plate-manufacturer\/","title":{"rendered":"Caucho Suela Hoja Carb\u00f3n Bunker Placa L\u00edmite Fabricantes"},"content":{"rendered":"<h2>Caucho Suela Hoja Carb\u00f3n Bunker Placa L\u00edmite Fabricantes<\/h2>\n<p>Las planchas de suela de caucho y las placas de restricci\u00f3n para refugios de carb\u00f3n est\u00e1n fabricadas para ofrecer una gran resistencia al desgaste, versatilidad y un rendimiento duradero en entornos comerciales y mineros. Fabricadas a partir de productos de caucho de coste, estas planchas proporcionan una excelente absorci\u00f3n de la influencia, propiedades antideslizantes residenciales o comerciales y resistencia a la abrasi\u00f3n, el aceite y la intemperie. Son perfectas para el revestimiento de carboneras, suelos, amortiguaci\u00f3n de vibraciones y protecci\u00f3n de maquinaria. Las planchas son f\u00e1ciles de reducir, moldear e instalar, lo que garantiza un uso flexible en diversas aplicaciones. Disponibles en numerosos espesores, tama\u00f1os y tonalidades, proporcionan una resistencia y seguridad acreditadas en las condiciones de trabajo m\u00e1s exigentes.<\/p>","protected":false},"excerpt":{"rendered":"<p>Las duraderas planchas de suela de caucho y las placas l\u00edmite de las carboneras ofrecen una excelente resistencia al desgaste, flexibilidad y absorci\u00f3n de impactos. Ideales para miner\u00eda, suelos y protecci\u00f3n de maquinaria, resisten la abrasi\u00f3n, el aceite y la intemperie para un uso industrial duradero.<\/p>","protected":false},"featured_media":1823,"template":"","meta":{"_gspb_post_css":""},"product_brand":[],"product_cat":[15,22],"product_tag":[337,338,336],"class_list":{"0":"post-1813","1":"product","2":"type-product","3":"status-publish","4":"has-post-thumbnail","6":"product_cat-uhmwpe-hdpe-sheets-plates","7":"product_cat-coal-bunker-limit-plates","8":"product_tag-coal-bunker-plate","9":"product_tag-industrial-rubber-material","10":"product_tag-rubber-sheet","12":"first","13":"instock","14":"shipping-taxable","15":"product-type-simple"},"_links":{"self":[{"href":"https:\/\/uhmwpemanufacture.com\/es\/wp-json\/wp\/v2\/product\/1813","targetHints":{"allow":["GET"]}}],"collection":[{"href":"https:\/\/uhmwpemanufacture.com\/es\/wp-json\/wp\/v2\/product"}],"about":[{"href":"https:\/\/uhmwpemanufacture.com\/es\/wp-json\/wp\/v2\/types\/product"}],"wp:featuredmedia":[{"embeddable":true,"href":"https:\/\/uhmwpemanufacture.com\/es\/wp-json\/wp\/v2\/media\/1823"}],"wp:attachment":[{"href":"https:\/\/uhmwpemanufacture.com\/es\/wp-json\/wp\/v2\/media?parent=1813"}],"wp:term":[{"taxonomy":"product_brand","embeddable":true,"href":"https:\/\/uhmwpemanufacture.com\/es\/wp-json\/wp\/v2\/product_brand?post=1813"},{"taxonomy":"product_cat","embeddable":true,"href":"https:\/\/uhmwpemanufacture.com\/es\/wp-json\/wp\/v2\/product_cat?post=1813"},{"taxonomy":"product_tag","embeddable":true,"href":"https:\/\/uhmwpemanufacture.com\/es\/wp-json\/wp\/v2\/product_tag?post=1813"}],"curies":[{"name":"wp","href":"https:\/\/api.w.org\/{rel}","templated":true}]}}