{"id":1826,"date":"2025-10-09T10:40:13","date_gmt":"2025-10-09T10:40:13","guid":{"rendered":"https:\/\/uhmwpemanufacture.com\/?post_type=product&#038;p=1826"},"modified":"2025-10-09T10:40:13","modified_gmt":"2025-10-09T10:40:13","slug":"high-polymer-polyethylene-pavement-substrate-base-mat-vendor","status":"publish","type":"product","link":"https:\/\/uhmwpemanufacture.com\/es\/high-polymer-polyethylene-pavement-substrate-base-mat-vendor\/","title":{"rendered":"Proveedor de esteras base para pavimentos de polietileno de alto pol\u00edmero"},"content":{"rendered":"<h2>Pavimento de polietileno de alto pol\u00edmero Base de sustrato Revestimiento de suelos Proveedor<\/h2>\n<p>Las alfombras de base de polietileno de alta polimerizaci\u00f3n para sustratos de aceras est\u00e1n dise\u00f1adas para ofrecer una durabilidad y estabilidad excepcionales en aplicaciones de seguridad de suelos de uso intensivo. Fabricados con polietileno de alta densidad (HDPE), estos revestimientos de suelos proporcionan una magn\u00edfica resistencia a los efectos, eficacia antideslizante y resistencia duradera al desgaste. Adecuados para su uso como revestimiento de suelos, base de calzadas o ayuda para herramientas, resisten las duras condiciones ecol\u00f3gicas a la vez que detienen los da\u00f1os al suelo. Ligeros pero duros, son muy f\u00e1ciles de instalar, limpiar y reutilizar. Disponibles en numerosos<\/p>","protected":false},"excerpt":{"rendered":"<p>Las alfombras de base de sustrato de pavimento de polietileno de alto pol\u00edmero presentan una excelente resistencia al desgaste, resistencia al impacto y textura antideslizante. Ideales para uso en carreteras, construcci\u00f3n y maquinaria pesada, ofrecen estabilidad duradera, resistencia a la corrosi\u00f3n y f\u00e1cil instalaci\u00f3n para un rendimiento duradero.<\/p>","protected":false},"featured_media":1834,"template":"","meta":{"_gspb_post_css":""},"product_brand":[],"product_cat":[24,26],"product_tag":[340,339],"class_list":{"0":"post-1826","1":"product","2":"type-product","3":"status-publish","4":"has-post-thumbnail","6":"product_cat-ground-protection-road-mats","7":"product_cat-base-mats","8":"product_tag-pavement","9":"product_tag-polyethylene-mat","11":"first","12":"instock","13":"shipping-taxable","14":"product-type-simple"},"_links":{"self":[{"href":"https:\/\/uhmwpemanufacture.com\/es\/wp-json\/wp\/v2\/product\/1826","targetHints":{"allow":["GET"]}}],"collection":[{"href":"https:\/\/uhmwpemanufacture.com\/es\/wp-json\/wp\/v2\/product"}],"about":[{"href":"https:\/\/uhmwpemanufacture.com\/es\/wp-json\/wp\/v2\/types\/product"}],"wp:featuredmedia":[{"embeddable":true,"href":"https:\/\/uhmwpemanufacture.com\/es\/wp-json\/wp\/v2\/media\/1834"}],"wp:attachment":[{"href":"https:\/\/uhmwpemanufacture.com\/es\/wp-json\/wp\/v2\/media?parent=1826"}],"wp:term":[{"taxonomy":"product_brand","embeddable":true,"href":"https:\/\/uhmwpemanufacture.com\/es\/wp-json\/wp\/v2\/product_brand?post=1826"},{"taxonomy":"product_cat","embeddable":true,"href":"https:\/\/uhmwpemanufacture.com\/es\/wp-json\/wp\/v2\/product_cat?post=1826"},{"taxonomy":"product_tag","embeddable":true,"href":"https:\/\/uhmwpemanufacture.com\/es\/wp-json\/wp\/v2\/product_tag?post=1826"}],"curies":[{"name":"wp","href":"https:\/\/api.w.org\/{rel}","templated":true}]}}