{"id":1840,"date":"2025-10-09T10:54:40","date_gmt":"2025-10-09T10:54:40","guid":{"rendered":"https:\/\/uhmwpemanufacture.com\/?post_type=product&#038;p=1840"},"modified":"2025-10-09T10:54:40","modified_gmt":"2025-10-09T10:54:40","slug":"wear-resistant-self-lubrication-plastic-uhmwpe-sheet-dealer","status":"publish","type":"product","link":"https:\/\/uhmwpemanufacture.com\/es\/wear-resistant-self-lubrication-plastic-uhmwpe-sheet-dealer\/","title":{"rendered":"Distribuidor de l\u00e1minas de pl\u00e1stico UHMWPE autolubricantes resistentes al desgaste"},"content":{"rendered":"<h2>Poner Resistente Auto Lubricaci\u00f3n De Pl\u00e1stico UHMWPE Hoja Distribuidor<\/h2>\n<p>Las planchas de UHMWPE (Polietileno de Peso Molecular Ultra Alto) proporcionan una resistencia al desgaste fenomenal, resistencia a la influencia y eficiencia de fricci\u00f3n reducida. Estas l\u00e1minas, que se ofrecen en m\u00faltiples tonos como azul, rojo, blanco, negro y ecol\u00f3gico, son \u00f3ptimas para aplicaciones que requieren una gran longevidad y propiedades autolubricantes. Generalmente utilizadas en entornos comerciales, mec\u00e1nicos y alimentarios, las planchas de UHMWPE resisten el \u00f3xido, la humedad y los da\u00f1os qu\u00edmicos. F\u00e1ciles de equipar y mantener, ofrecen un rendimiento duradero en aplicaciones de alta carga y deslizamiento, reduciendo los costes de mantenimiento y aumentando la vida \u00fatil de los equipos.<\/p>","protected":false},"excerpt":{"rendered":"<p class=\"sr-only\"><span style=\"font-size: 16px;\">Planchas de UHMWPE de alta calidad con excelente resistencia al desgaste, al impacto y autolubricaci\u00f3n. Disponibles en varios colores, ideales para uso industrial, mec\u00e1nico y alimentario. Duraderas, resistentes a la corrosi\u00f3n y f\u00e1ciles de mecanizar para un rendimiento duradero.<\/span><\/p>","protected":false},"featured_media":1846,"template":"","meta":{"_gspb_post_css":""},"product_brand":[],"product_cat":[15,17],"product_tag":[344,56,57],"class_list":{"0":"post-1840","1":"product","2":"type-product","3":"status-publish","4":"has-post-thumbnail","6":"product_cat-uhmwpe-hdpe-sheets-plates","7":"product_cat-uhmwpe-sheets","8":"product_tag-industrial-material","9":"product_tag-uhmwpe-sheet","10":"product_tag-wear-resistant-plastic","12":"first","13":"instock","14":"shipping-taxable","15":"product-type-simple"},"_links":{"self":[{"href":"https:\/\/uhmwpemanufacture.com\/es\/wp-json\/wp\/v2\/product\/1840","targetHints":{"allow":["GET"]}}],"collection":[{"href":"https:\/\/uhmwpemanufacture.com\/es\/wp-json\/wp\/v2\/product"}],"about":[{"href":"https:\/\/uhmwpemanufacture.com\/es\/wp-json\/wp\/v2\/types\/product"}],"wp:featuredmedia":[{"embeddable":true,"href":"https:\/\/uhmwpemanufacture.com\/es\/wp-json\/wp\/v2\/media\/1846"}],"wp:attachment":[{"href":"https:\/\/uhmwpemanufacture.com\/es\/wp-json\/wp\/v2\/media?parent=1840"}],"wp:term":[{"taxonomy":"product_brand","embeddable":true,"href":"https:\/\/uhmwpemanufacture.com\/es\/wp-json\/wp\/v2\/product_brand?post=1840"},{"taxonomy":"product_cat","embeddable":true,"href":"https:\/\/uhmwpemanufacture.com\/es\/wp-json\/wp\/v2\/product_cat?post=1840"},{"taxonomy":"product_tag","embeddable":true,"href":"https:\/\/uhmwpemanufacture.com\/es\/wp-json\/wp\/v2\/product_tag?post=1840"}],"curies":[{"name":"wp","href":"https:\/\/api.w.org\/{rel}","templated":true}]}}