{"id":1847,"date":"2025-10-09T10:58:52","date_gmt":"2025-10-09T10:58:52","guid":{"rendered":"https:\/\/uhmwpemanufacture.com\/?post_type=product&#038;p=1847"},"modified":"2025-10-09T10:58:52","modified_gmt":"2025-10-09T10:58:52","slug":"uhmwpe-brake-crane-jack-pads-uhmwpe-outrigger-pad-exporter","status":"publish","type":"product","link":"https:\/\/uhmwpemanufacture.com\/es\/uhmwpe-brake-crane-jack-pads-uhmwpe-outrigger-pad-exporter\/","title":{"rendered":"UHMWPE Freno Gr\u00faa Jack Pads UHMWPE Outrigger Pad Exportador"},"content":{"rendered":"<h2>UHMWPE Brake Crane Jack Pads UHMWPE Outrigger Pad Merchant<\/h2>\n<p>Las almohadillas para gatos de gr\u00faa con freno de UHMWPE proporcionan un fuerte rendimiento de soporte de carga, una notable resistencia a la influencia y una longevidad excepcional para los procedimientos de entrenamiento de trabajo pesado. Fabricadas con polietileno de peso molecular ultra alto, estas almohadillas son ligeras, resistentes a la corrosi\u00f3n y no conductoras, lo que garantiza la m\u00e1xima seguridad y protecci\u00f3n del suelo para gr\u00faas, veh\u00edculos y maquinaria pesada. Su superficie antideslizante evita el deslizamiento, mientras que su alta resistencia al desgaste garantiza una larga vida \u00fatil incluso en condiciones dif\u00edciles. Adecuado para aplicaciones de construcci\u00f3n, transporte y comerciales que requieren una distribuci\u00f3n de lotes y una seguridad fiables.<\/p>","protected":false},"excerpt":{"rendered":"<p>Zapatas de gato de gr\u00faa con freno de UHMWPE de alta resistencia dise\u00f1adas para la estabilidad, la distribuci\u00f3n de la carga y la protecci\u00f3n del suelo. Ligeras, resistentes al desgaste y a la corrosi\u00f3n, ideales para gr\u00faas, camiones y maquinaria pesada. Proporcionan un apoyo seguro y duradero en operaciones de construcci\u00f3n e industriales.<\/p>","protected":false},"featured_media":1852,"template":"","meta":{"_gspb_post_css":""},"product_brand":[],"product_cat":[15,21],"product_tag":[346,347,345],"class_list":{"0":"post-1847","1":"product","2":"type-product","3":"status-publish","4":"has-post-thumbnail","6":"product_cat-uhmwpe-hdpe-sheets-plates","7":"product_cat-uhmwpe-fender-pads","8":"product_tag-crane-jack-pad","9":"product_tag-outrigger-pad","10":"product_tag-uhmwpe-pad","12":"first","13":"instock","14":"shipping-taxable","15":"product-type-simple"},"_links":{"self":[{"href":"https:\/\/uhmwpemanufacture.com\/es\/wp-json\/wp\/v2\/product\/1847","targetHints":{"allow":["GET"]}}],"collection":[{"href":"https:\/\/uhmwpemanufacture.com\/es\/wp-json\/wp\/v2\/product"}],"about":[{"href":"https:\/\/uhmwpemanufacture.com\/es\/wp-json\/wp\/v2\/types\/product"}],"wp:featuredmedia":[{"embeddable":true,"href":"https:\/\/uhmwpemanufacture.com\/es\/wp-json\/wp\/v2\/media\/1852"}],"wp:attachment":[{"href":"https:\/\/uhmwpemanufacture.com\/es\/wp-json\/wp\/v2\/media?parent=1847"}],"wp:term":[{"taxonomy":"product_brand","embeddable":true,"href":"https:\/\/uhmwpemanufacture.com\/es\/wp-json\/wp\/v2\/product_brand?post=1847"},{"taxonomy":"product_cat","embeddable":true,"href":"https:\/\/uhmwpemanufacture.com\/es\/wp-json\/wp\/v2\/product_cat?post=1847"},{"taxonomy":"product_tag","embeddable":true,"href":"https:\/\/uhmwpemanufacture.com\/es\/wp-json\/wp\/v2\/product_tag?post=1847"}],"curies":[{"name":"wp","href":"https:\/\/api.w.org\/{rel}","templated":true}]}}