{"id":1853,"date":"2025-10-10T01:33:26","date_gmt":"2025-10-10T01:33:26","guid":{"rendered":"https:\/\/uhmwpemanufacture.com\/?post_type=product&#038;p=1853"},"modified":"2025-10-10T01:33:26","modified_gmt":"2025-10-10T01:33:26","slug":"pp-pe-guides-polyethylene-roller-guide-rail-plastic-sheets","status":"publish","type":"product","link":"https:\/\/uhmwpemanufacture.com\/es\/pp-pe-guides-polyethylene-roller-guide-rail-plastic-sheets\/","title":{"rendered":"Gu\u00edas de polietileno PP PE Carril gu\u00eda de rodillos Hojas de pl\u00e1stico"},"content":{"rendered":"<h2>PP PE Gu\u00edas Polietileno Roller Visi\u00f3n general Rail Pl\u00e1stico Hojas<\/h2>\n<p>Fabricados con materiales de PP y PE de alta calidad, estos ra\u00edles gu\u00eda de rodillos y l\u00e1minas de pl\u00e1stico de polietileno ofrecen una excelente resistencia al desgaste, un rozamiento reducido y una gran resistencia a los efectos. Ideales para sistemas transportadores, maquinaria y automatizaci\u00f3n comercial, garantizan un procedimiento suave y tranquilo con una eficacia duradera. Inmunes al \u00f3xido, la humedad y los productos qu\u00edmicos, estos ra\u00edles gu\u00eda de pl\u00e1stico son ligeros, muy f\u00e1ciles de montar e ideales para aplicaciones de alta carga y alta velocidad. Perfectos para los mercados de procesamiento de alimentos, envasado de productos y manipulaci\u00f3n de productos que necesitan un rendimiento fiable, higi\u00e9nico y sin mantenimiento.<\/p>","protected":false},"excerpt":{"rendered":"<p>Los ra\u00edles gu\u00eda de rodillos de polietileno PP PE de alta calidad ofrecen una excelente resistencia al desgaste, baja fricci\u00f3n y durabilidad para sistemas transportadores y maquinaria. Ideales para aplicaciones de automatizaci\u00f3n industrial, envasado y procesamiento de alimentos con un rendimiento suave y sin mantenimiento.<\/p>","protected":false},"featured_media":1861,"template":"","meta":{"_gspb_post_css":""},"product_brand":[],"product_cat":[35],"product_tag":[316,351,350],"class_list":{"0":"post-1853","1":"product","2":"type-product","3":"status-publish","4":"has-post-thumbnail","6":"product_cat-pp-pe-products","7":"product_tag-conveyor-components","8":"product_tag-plastic-wear-strip","9":"product_tag-polyethylene-guide-rail","11":"first","12":"instock","13":"shipping-taxable","14":"product-type-simple"},"_links":{"self":[{"href":"https:\/\/uhmwpemanufacture.com\/es\/wp-json\/wp\/v2\/product\/1853","targetHints":{"allow":["GET"]}}],"collection":[{"href":"https:\/\/uhmwpemanufacture.com\/es\/wp-json\/wp\/v2\/product"}],"about":[{"href":"https:\/\/uhmwpemanufacture.com\/es\/wp-json\/wp\/v2\/types\/product"}],"wp:featuredmedia":[{"embeddable":true,"href":"https:\/\/uhmwpemanufacture.com\/es\/wp-json\/wp\/v2\/media\/1861"}],"wp:attachment":[{"href":"https:\/\/uhmwpemanufacture.com\/es\/wp-json\/wp\/v2\/media?parent=1853"}],"wp:term":[{"taxonomy":"product_brand","embeddable":true,"href":"https:\/\/uhmwpemanufacture.com\/es\/wp-json\/wp\/v2\/product_brand?post=1853"},{"taxonomy":"product_cat","embeddable":true,"href":"https:\/\/uhmwpemanufacture.com\/es\/wp-json\/wp\/v2\/product_cat?post=1853"},{"taxonomy":"product_tag","embeddable":true,"href":"https:\/\/uhmwpemanufacture.com\/es\/wp-json\/wp\/v2\/product_tag?post=1853"}],"curies":[{"name":"wp","href":"https:\/\/api.w.org\/{rel}","templated":true}]}}