{"id":1854,"date":"2025-10-10T01:29:52","date_gmt":"2025-10-10T01:29:52","guid":{"rendered":"https:\/\/uhmwpemanufacture.com\/?post_type=product&#038;p=1854"},"modified":"2025-10-10T01:29:52","modified_gmt":"2025-10-10T01:29:52","slug":"uhmwpe-hdpe-heavy-duty-floor-panel-temporary-heavy-quick-mat","status":"publish","type":"product","link":"https:\/\/uhmwpemanufacture.com\/es\/uhmwpe-hdpe-heavy-duty-floor-panel-temporary-heavy-quick-mat\/","title":{"rendered":"UHMWPE HDPE Heavy Duty Floor Panel Temporal Heavy Quick Mat"},"content":{"rendered":"<h2>UHMWPE HDPE Resistente Panel de Suelo Revestimiento de Suelo R\u00e1pido Pesado Temporal<\/h2>\n<p>Dise\u00f1ado para ofrecer la m\u00e1xima resistencia, este panel de suelo resistente de UHMWPE\/HDPE ofrece una protecci\u00f3n fiable del suelo para obras, eventos y zonas empresariales. Al incluir un patr\u00f3n de escalones en forma de diamante antideslizante, proporciona una tracci\u00f3n y un rendimiento de carga excelentes en situaciones extremas. Ligeras pero muy resistentes a los impactos, estas alfombras r\u00e1pidas de corta duraci\u00f3n son f\u00e1ciles de instalar, reciclables y resistentes a la oxidaci\u00f3n, los productos qu\u00edmicos y los rayos UV, lo que garantiza una eficacia resistente para entornos exigentes.<\/p>","protected":false},"excerpt":{"rendered":"<p>Los duraderos paneles de suelo de UHMWPE HDPE de alta resistencia con dise\u00f1o de banda de rodadura en forma de diamante ofrecen una tracci\u00f3n y resistencia superiores para pavimentos temporales de carreteras, construcci\u00f3n y eventos. Ligeros, resistentes a la corrosi\u00f3n y f\u00e1ciles de instalar para soportar equipos pesados.<\/p>","protected":false},"featured_media":1860,"template":"","meta":{"_gspb_post_css":""},"product_brand":[],"product_cat":[24,25],"product_tag":[349,296,348],"class_list":{"0":"post-1854","1":"product","2":"type-product","3":"status-publish","4":"has-post-thumbnail","6":"product_cat-ground-protection-road-mats","7":"product_cat-quick-mats","8":"product_tag-heavy-duty-ground-protection","9":"product_tag-temporary-road-panel","10":"product_tag-uhmwpe-floor-mat","12":"first","13":"instock","14":"shipping-taxable","15":"product-type-simple"},"_links":{"self":[{"href":"https:\/\/uhmwpemanufacture.com\/es\/wp-json\/wp\/v2\/product\/1854","targetHints":{"allow":["GET"]}}],"collection":[{"href":"https:\/\/uhmwpemanufacture.com\/es\/wp-json\/wp\/v2\/product"}],"about":[{"href":"https:\/\/uhmwpemanufacture.com\/es\/wp-json\/wp\/v2\/types\/product"}],"wp:featuredmedia":[{"embeddable":true,"href":"https:\/\/uhmwpemanufacture.com\/es\/wp-json\/wp\/v2\/media\/1860"}],"wp:attachment":[{"href":"https:\/\/uhmwpemanufacture.com\/es\/wp-json\/wp\/v2\/media?parent=1854"}],"wp:term":[{"taxonomy":"product_brand","embeddable":true,"href":"https:\/\/uhmwpemanufacture.com\/es\/wp-json\/wp\/v2\/product_brand?post=1854"},{"taxonomy":"product_cat","embeddable":true,"href":"https:\/\/uhmwpemanufacture.com\/es\/wp-json\/wp\/v2\/product_cat?post=1854"},{"taxonomy":"product_tag","embeddable":true,"href":"https:\/\/uhmwpemanufacture.com\/es\/wp-json\/wp\/v2\/product_tag?post=1854"}],"curies":[{"name":"wp","href":"https:\/\/api.w.org\/{rel}","templated":true}]}}