{"id":1870,"date":"2025-10-10T01:41:24","date_gmt":"2025-10-10T01:41:24","guid":{"rendered":"https:\/\/uhmwpemanufacture.com\/?post_type=product&#038;p=1870"},"modified":"2025-10-10T01:41:24","modified_gmt":"2025-10-10T01:41:24","slug":"custom-boron-borated-polyethylene-uhmwpe-hdpe-sheets-dealer","status":"publish","type":"product","link":"https:\/\/uhmwpemanufacture.com\/es\/custom-boron-borated-polyethylene-uhmwpe-hdpe-sheets-dealer\/","title":{"rendered":"Distribuidor de l\u00e1minas de polietileno de alta densidad con boro UHMWPE a medida"},"content":{"rendered":"<h2>Concesionario de l\u00e1minas personalizadas de polietileno borado con boro UHMWPE HDPE<\/h2>\n<p>Estas planchas de polietileno de alta densidad UHMWPE borado o con boro fabricadas a medida est\u00e1n dise\u00f1adas para ofrecer un blindaje contra neutrones y una seguridad contra las radiaciones superiores. Desarrolladas para aplicaciones nucleares, m\u00e9dicas e industriales, integran polietileno de alta densidad con aditivos de boro para mejorar el rendimiento. El material ofrece una excepcional resistencia a los efectos, resistencia qu\u00edmica y baja absorci\u00f3n de humedad. F\u00e1ciles de confeccionar y fabricar, estas planchas prestan un servicio ligero, duradero y rentable para proteger obst\u00e1culos, revestimientos celulares de dispositivos y salas de protecci\u00f3n. Adecuadas para trabajos personalizados que requieren una atenuaci\u00f3n fiable de las radiaciones y una estabilidad estructural duradera.<\/p>","protected":false},"excerpt":{"rendered":"<p>Las planchas de HDPE UHMWPE de boro o polietileno borado de alto rendimiento ofrecen una excelente protecci\u00f3n contra neutrones y radiaciones. Duraderas, resistentes a los productos qu\u00edmicos y f\u00e1ciles de mecanizar para aplicaciones nucleares, m\u00e9dicas e industriales.<\/p>","protected":false},"featured_media":1874,"template":"","meta":{"_gspb_post_css":""},"product_brand":[],"product_cat":[15,19],"product_tag":[182,184,353],"class_list":{"0":"post-1870","1":"product","2":"type-product","3":"status-publish","4":"has-post-thumbnail","6":"product_cat-uhmwpe-hdpe-sheets-plates","7":"product_cat-lead-boron-polyethylene-plates","8":"product_tag-borated-polyethylene-sheet","9":"product_tag-radiation-shielding-material","10":"product_tag-uhmwpe-hdpe","12":"first","13":"instock","14":"shipping-taxable","15":"product-type-simple"},"_links":{"self":[{"href":"https:\/\/uhmwpemanufacture.com\/es\/wp-json\/wp\/v2\/product\/1870","targetHints":{"allow":["GET"]}}],"collection":[{"href":"https:\/\/uhmwpemanufacture.com\/es\/wp-json\/wp\/v2\/product"}],"about":[{"href":"https:\/\/uhmwpemanufacture.com\/es\/wp-json\/wp\/v2\/types\/product"}],"wp:featuredmedia":[{"embeddable":true,"href":"https:\/\/uhmwpemanufacture.com\/es\/wp-json\/wp\/v2\/media\/1874"}],"wp:attachment":[{"href":"https:\/\/uhmwpemanufacture.com\/es\/wp-json\/wp\/v2\/media?parent=1870"}],"wp:term":[{"taxonomy":"product_brand","embeddable":true,"href":"https:\/\/uhmwpemanufacture.com\/es\/wp-json\/wp\/v2\/product_brand?post=1870"},{"taxonomy":"product_cat","embeddable":true,"href":"https:\/\/uhmwpemanufacture.com\/es\/wp-json\/wp\/v2\/product_cat?post=1870"},{"taxonomy":"product_tag","embeddable":true,"href":"https:\/\/uhmwpemanufacture.com\/es\/wp-json\/wp\/v2\/product_tag?post=1870"}],"curies":[{"name":"wp","href":"https:\/\/api.w.org\/{rel}","templated":true}]}}