{"id":1875,"date":"2025-10-10T01:45:13","date_gmt":"2025-10-10T01:45:13","guid":{"rendered":"https:\/\/uhmwpemanufacture.com\/?post_type=product&#038;p=1875"},"modified":"2025-10-10T01:45:13","modified_gmt":"2025-10-10T01:45:13","slug":"high-density-polyethylene-board-ice-synthetic-panel-exporter","status":"publish","type":"product","link":"https:\/\/uhmwpemanufacture.com\/es\/high-density-polyethylene-board-ice-synthetic-panel-exporter\/","title":{"rendered":"Panel de polietileno de alta densidad Ice Exportador de panel sint\u00e9tico"},"content":{"rendered":"<h2>Panel de polietileno de alta densidad Exportador de panel sint\u00e9tico Ice<\/h2>\n<p>Estos paneles sint\u00e9ticos de hielo de polietileno de alta densidad (HDPE) se han desarrollado para ofrecer una durabilidad y un rendimiento extraordinarios en pistas de patinaje, estadios de actividades deportivas y centros de entrenamiento. Con una superficie lisa y de baja fricci\u00f3n, reproducen el hielo real para un deslizamiento perfecto y una calidad de patinaje constante. Inmunes a la influencia, la humedad y las temperaturas extremas, las tablas de hielo sint\u00e9tico HDPE ofrecen un uso duradero en el interior de su hogar o al aire libre. F\u00e1ciles de montar, conservar y adaptar, son una alternativa ecol\u00f3gica a las superficies de hielo convencionales, ya que reducen los gastos de mantenimiento a la vez que proporcionan placer de patinaje durante todo el a\u00f1o. Perfectas para pistas especializadas, de ocio y dom\u00e9sticas.<\/p>","protected":false},"excerpt":{"rendered":"<p>Los paneles sint\u00e9ticos de hielo de polietileno de alta densidad (HDPE) ofrecen una superficie lisa y duradera que imita el hielo real. Perfectos para pistas de patinaje, estadios deportivos y entrenamientos. Resistentes a la intemperie, de baja fricci\u00f3n y f\u00e1ciles de mantener para un rendimiento durante todo el a\u00f1o en interiores o exteriores.<\/p>","protected":false},"featured_media":1877,"template":"","meta":{"_gspb_post_css":""},"product_brand":[],"product_cat":[29,32],"product_tag":[355,128,354],"class_list":{"0":"post-1875","1":"product","2":"type-product","3":"status-publish","4":"has-post-thumbnail","6":"product_cat-ice-rink-products","7":"product_cat-ice-synthetic-panels","8":"product_tag-hdpe-skating-board","9":"product_tag-ice-rink-flooring","10":"product_tag-synthetic-ice-panel","12":"first","13":"instock","14":"shipping-taxable","15":"product-type-simple"},"_links":{"self":[{"href":"https:\/\/uhmwpemanufacture.com\/es\/wp-json\/wp\/v2\/product\/1875","targetHints":{"allow":["GET"]}}],"collection":[{"href":"https:\/\/uhmwpemanufacture.com\/es\/wp-json\/wp\/v2\/product"}],"about":[{"href":"https:\/\/uhmwpemanufacture.com\/es\/wp-json\/wp\/v2\/types\/product"}],"wp:featuredmedia":[{"embeddable":true,"href":"https:\/\/uhmwpemanufacture.com\/es\/wp-json\/wp\/v2\/media\/1877"}],"wp:attachment":[{"href":"https:\/\/uhmwpemanufacture.com\/es\/wp-json\/wp\/v2\/media?parent=1875"}],"wp:term":[{"taxonomy":"product_brand","embeddable":true,"href":"https:\/\/uhmwpemanufacture.com\/es\/wp-json\/wp\/v2\/product_brand?post=1875"},{"taxonomy":"product_cat","embeddable":true,"href":"https:\/\/uhmwpemanufacture.com\/es\/wp-json\/wp\/v2\/product_cat?post=1875"},{"taxonomy":"product_tag","embeddable":true,"href":"https:\/\/uhmwpemanufacture.com\/es\/wp-json\/wp\/v2\/product_tag?post=1875"}],"curies":[{"name":"wp","href":"https:\/\/api.w.org\/{rel}","templated":true}]}}